{"id":22,"date":"2025-02-10T18:16:18","date_gmt":"2025-02-10T16:16:18","guid":{"rendered":"https:\/\/liofis.lt\/?page_id=22"},"modified":"2025-11-09T19:01:53","modified_gmt":"2025-11-09T17:01:53","slug":"liofis-liofilizuota-ir-dziovinta-produkcija-pagaminta-ir-uzauginta-lietuvoje","status":"publish","type":"page","link":"https:\/\/liofis.lt\/en\/","title":{"rendered":"LIOFIS | Liofilizuota ir d\u017eiovinta produkcija. Pagaminta ir u\u017eauginta Lietuvoje."},"content":{"rendered":"<div data-elementor-type=\"wp-page\" data-elementor-id=\"22\" class=\"elementor elementor-22\" data-elementor-post-type=\"page\">\n\t\t\t\t<div class=\"elementor-element elementor-element-e2f4438 e-transform e-flex e-con-boxed elementor-invisible e-con e-parent\" data-id=\"e2f4438\" data-element_type=\"container\" data-settings=\"{&quot;background_background&quot;:&quot;classic&quot;,&quot;_transform_scale_effect&quot;:{&quot;unit&quot;:&quot;px&quot;,&quot;size&quot;:0.95,&quot;sizes&quot;:[]},&quot;animation&quot;:&quot;fadeIn&quot;,&quot;animation_delay&quot;:1000,&quot;_transform_scale_effect_tablet&quot;:{&quot;unit&quot;:&quot;px&quot;,&quot;size&quot;:&quot;&quot;,&quot;sizes&quot;:[]},&quot;_transform_scale_effect_mobile&quot;:{&quot;unit&quot;:&quot;px&quot;,&quot;size&quot;:&quot;&quot;,&quot;sizes&quot;:[]}}\">\n\t\t\t\t\t<div class=\"e-con-inner\">\n\t\t\t\t<div class=\"elementor-element elementor-element-40603b4 elementor-widget elementor-widget-text-editor\" data-id=\"40603b4\" data-element_type=\"widget\" data-widget_type=\"text-editor.default\">\n\t\t\t\t\t\t\t\t\t<p>\u2b50\u2b50\u2b50\u2b50\u2b50 5\/5<\/p><p>&#8222;Kokyb\u0117, rank\u0173 darbas, naturalus gro\u017eis, tikras skonis ir autenti\u0161kumas!&#8221;<\/p><p>Nataliya Glazunova @taste_spells<\/p>\t\t\t\t\t\t\t\t<\/div>\n\t\t<div class=\"elementor-element elementor-element-af0aac8 e-con-full e-flex e-con e-child\" data-id=\"af0aac8\" data-element_type=\"container\">\n\t\t\t\t<div class=\"elementor-element elementor-element-c767e02 elementor-widget elementor-widget-video\" data-id=\"c767e02\" data-element_type=\"widget\" data-settings=\"{&quot;video_type&quot;:&quot;hosted&quot;,&quot;controls&quot;:&quot;yes&quot;}\" data-widget_type=\"video.default\">\n\t\t\t\t\t\t\t<div class=\"e-hosted-video elementor-wrapper elementor-open-inline\">\n\t\t\t\t\t<video class=\"elementor-video\" src=\"https:\/\/liofis.lt\/wp-content\/uploads\/2025\/02\/introvideo-2.mp4\" controls=\"\" preload=\"metadata\" controlslist=\"nodownload\"><\/video>\n\t\t\t\t<\/div>\n\t\t\t\t\t\t<\/div>\n\t\t\t\t<\/div>\n\t\t\t\t<div class=\"elementor-element elementor-element-81283c3 elementor-headline--style-rotate elementor-widget elementor-widget-animated-headline\" data-id=\"81283c3\" data-element_type=\"widget\" data-settings=\"{&quot;headline_style&quot;:&quot;rotate&quot;,&quot;animation_type&quot;:&quot;flip&quot;,&quot;rotating_text&quot;:&quot;skaniai\\nekologi\\u0161kai\\ntvariai&quot;,&quot;rotate_iteration_delay&quot;:2000,&quot;loop&quot;:&quot;yes&quot;}\" data-widget_type=\"animated-headline.default\">\n\t\t\t\t\t\t\t<h3 class=\"elementor-headline elementor-headline-animation-type-flip\">\n\t\t\t\t\t<span class=\"elementor-headline-plain-text elementor-headline-text-wrapper\">Liofilizuoti maisto produktai pagaminti<\/span>\n\t\t\t\t<span class=\"elementor-headline-dynamic-wrapper elementor-headline-text-wrapper\">\n\t\t\t\t\t<span class=\"elementor-headline-dynamic-text elementor-headline-text-active\">\n\t\t\t\tskaniai\t\t\t<\/span>\n\t\t\t\t\t<span class=\"elementor-headline-dynamic-text\">\n\t\t\t\tekologi\u0161kai\t\t\t<\/span>\n\t\t\t\t\t<span class=\"elementor-headline-dynamic-text\">\n\t\t\t\ttvariai\t\t\t<\/span>\n\t\t\t\t\t\t<\/span>\n\t\t\t\t<\/h3>\n\t\t\t\t\t\t<\/div>\n\t\t\t\t<div class=\"elementor-element elementor-element-17fdbf1 elementor-widget elementor-widget-heading\" data-id=\"17fdbf1\" data-element_type=\"widget\" data-widget_type=\"heading.default\">\n\t\t\t\t\t<h2 class=\"elementor-heading-title elementor-size-default\">Kai laikas sustoja, o skonis i\u0161lieka.<\/h2>\t\t\t\t<\/div>\n\t\t\t\t<div class=\"elementor-element elementor-element-8fe61d6 elementor-widget elementor-widget-text-editor\" data-id=\"8fe61d6\" data-element_type=\"widget\" data-widget_type=\"text-editor.default\">\n\t\t\t\t\t\t\t\t\t<p>Be prid\u0117tinio cukraus, da\u017eikli\u0173 ar konservant\u0173 \u2013 tik grynas gamtos skonis!<\/p>\t\t\t\t\t\t\t\t<\/div>\n\t\t\t\t<div class=\"elementor-element elementor-element-27b7039 elementor-widget elementor-widget-button\" data-id=\"27b7039\" data-element_type=\"widget\" data-widget_type=\"button.default\">\n\t\t\t\t\t\t\t\t\t\t<a class=\"elementor-button elementor-button-link elementor-size-sm elementor-animation-grow\" href=\"https:\/\/liofis.lt\/en\/liofis-parduotuve\/\">\n\t\t\t\t\t\t<span class=\"elementor-button-content-wrapper\">\n\t\t\t\t\t\t\t\t\t<span class=\"elementor-button-text\">Pirkti \ud83d\uded2<\/span>\n\t\t\t\t\t<\/span>\n\t\t\t\t\t<\/a>\n\t\t\t\t\t\t\t\t<\/div>\n\t\t<div class=\"elementor-element elementor-element-f819c46 e-con-full e-flex elementor-invisible e-con e-child\" data-id=\"f819c46\" data-element_type=\"container\" data-settings=\"{&quot;background_background&quot;:&quot;classic&quot;,&quot;animation&quot;:&quot;fadeIn&quot;,&quot;animation_delay&quot;:250}\">\n\t\t\t\t<div class=\"elementor-element elementor-element-d84cb55 elementor-headline--style-highlight elementor-widget elementor-widget-animated-headline\" data-id=\"d84cb55\" data-element_type=\"widget\" data-settings=\"{&quot;marker&quot;:&quot;underline&quot;,&quot;highlighted_text&quot;:&quot;45 eur.!&quot;,&quot;highlight_animation_duration&quot;:2000,&quot;highlight_iteration_delay&quot;:1000,&quot;headline_style&quot;:&quot;highlight&quot;,&quot;loop&quot;:&quot;yes&quot;}\" data-widget_type=\"animated-headline.default\">\n\t\t\t\t\t\t\t<h3 class=\"elementor-headline\">\n\t\t\t\t\t<span class=\"elementor-headline-plain-text elementor-headline-text-wrapper\">Nemokamas siuntimas u\u017esakymams vir\u0161<\/span>\n\t\t\t\t<span class=\"elementor-headline-dynamic-wrapper elementor-headline-text-wrapper\">\n\t\t\t\t\t<span class=\"elementor-headline-dynamic-text elementor-headline-text-active\">45 eur.!<\/span>\n\t\t\t\t<\/span>\n\t\t\t\t<\/h3>\n\t\t\t\t\t\t<\/div>\n\t\t\t\t<\/div>\n\t\t\t\t\t<\/div>\n\t\t\t\t<\/div>\n\t\t<div class=\"elementor-element elementor-element-9957cb1 e-con-full e-flex e-con e-parent\" data-id=\"9957cb1\" data-element_type=\"container\" data-settings=\"{&quot;background_background&quot;:&quot;classic&quot;,&quot;animation&quot;:&quot;none&quot;,&quot;animation_delay&quot;:0}\">\n\t\t\t\t<div class=\"elementor-element elementor-element-0a19351 elementor-invisible elementor-widget elementor-widget-heading\" data-id=\"0a19351\" data-element_type=\"widget\" data-settings=\"{&quot;_animation&quot;:&quot;fadeIn&quot;,&quot;_animation_delay&quot;:0}\" data-widget_type=\"heading.default\">\n\t\t\t\t\t<h2 class=\"elementor-heading-title elementor-size-default\">Kod\u0117l verta rinktis LIOFIS produktus?<\/h2>\t\t\t\t<\/div>\n\t\t<div class=\"elementor-element elementor-element-090acc7 e-con-full e-flex e-con e-child\" data-id=\"090acc7\" data-element_type=\"container\">\n\t\t\t\t<div class=\"elementor-element elementor-element-24eb736 elementor-view-default elementor-position-block-start elementor-mobile-position-block-start elementor-invisible elementor-widget elementor-widget-icon-box\" data-id=\"24eb736\" data-element_type=\"widget\" data-settings=\"{&quot;_animation&quot;:&quot;fadeIn&quot;,&quot;_animation_delay&quot;:0}\" data-widget_type=\"icon-box.default\">\n\t\t\t\t\t\t\t<div class=\"elementor-icon-box-wrapper\">\n\n\t\t\t\t\t\t<div class=\"elementor-icon-box-icon\">\n\t\t\t\t<span  class=\"elementor-icon elementor-animation-grow\">\n\t\t\t\t<svg aria-hidden=\"true\" class=\"e-font-icon-svg e-fas-apple-alt\" viewbox=\"0 0 448 512\" xmlns=\"http:\/\/www.w3.org\/2000\/svg\"><path d=\"M350.85 129c25.97 4.67 47.27 18.67 63.92 42 14.65 20.67 24.64 46.67 29.96 78 4.67 28.67 4.32 57.33-1 86-7.99 47.33-23.97 87-47.94 119-28.64 38.67-64.59 58-107.87 58-10.66 0-22.3-3.33-34.96-10-8.66-5.33-18.31-8-28.97-8s-20.3 2.67-28.97 8c-12.66 6.67-24.3 10-34.96 10-43.28 0-79.23-19.33-107.87-58-23.97-32-39.95-71.67-47.94-119-5.32-28.67-5.67-57.33-1-86 5.32-31.33 15.31-57.33 29.96-78 16.65-23.33 37.95-37.33 63.92-42 15.98-2.67 37.95-.33 65.92 7 23.97 6.67 44.28 14.67 60.93 24 16.65-9.33 36.96-17.33 60.93-24 27.98-7.33 49.96-9.67 65.94-7zm-54.94-41c-9.32 8.67-21.65 15-36.96 19-10.66 3.33-22.3 5-34.96 5l-14.98-1c-1.33-9.33-1.33-20 0-32 2.67-24 10.32-42.33 22.97-55 9.32-8.67 21.65-15 36.96-19 10.66-3.33 22.3-5 34.96-5l14.98 1 1 15c0 12.67-1.67 24.33-4.99 35-3.99 15.33-10.31 27.67-18.98 37z\"><\/path><\/svg>\t\t\t\t<\/span>\n\t\t\t<\/div>\n\t\t\t\n\t\t\t\t\t\t<div class=\"elementor-icon-box-content\">\n\n\t\t\t\t\t\t\t\t\t<h3 class=\"elementor-icon-box-title\">\n\t\t\t\t\t\t<span  >\n\t\t\t\t\t\t\tNat\u016bral\u016bs ir pilni skonio\t\t\t\t\t\t<\/span>\n\t\t\t\t\t<\/h3>\n\t\t\t\t\n\t\t\t\t\n\t\t\t<\/div>\n\t\t\t\n\t\t<\/div>\n\t\t\t\t\t\t<\/div>\n\t\t\t\t<div class=\"elementor-element elementor-element-11fa590 elementor-view-default elementor-position-block-start elementor-mobile-position-block-start elementor-invisible elementor-widget elementor-widget-icon-box\" data-id=\"11fa590\" data-element_type=\"widget\" data-settings=\"{&quot;_animation&quot;:&quot;fadeIn&quot;,&quot;_animation_delay&quot;:0}\" data-widget_type=\"icon-box.default\">\n\t\t\t\t\t\t\t<div class=\"elementor-icon-box-wrapper\">\n\n\t\t\t\t\t\t<div class=\"elementor-icon-box-icon\">\n\t\t\t\t<span  class=\"elementor-icon elementor-animation-grow\">\n\t\t\t\t<svg aria-hidden=\"true\" class=\"e-font-icon-svg e-fas-feather-alt\" viewbox=\"0 0 512 512\" xmlns=\"http:\/\/www.w3.org\/2000\/svg\"><path d=\"M512 0C460.22 3.56 96.44 38.2 71.01 287.61c-3.09 26.66-4.84 53.44-5.99 80.24l178.87-178.69c6.25-6.25 16.4-6.25 22.65 0s6.25 16.38 0 22.63L7.04 471.03c-9.38 9.37-9.38 24.57 0 33.94 9.38 9.37 24.59 9.37 33.98 0l57.13-57.07c42.09-.14 84.15-2.53 125.96-7.36 53.48-5.44 97.02-26.47 132.58-56.54H255.74l146.79-48.88c11.25-14.89 21.37-30.71 30.45-47.12h-81.14l106.54-53.21C500.29 132.86 510.19 26.26 512 0z\"><\/path><\/svg>\t\t\t\t<\/span>\n\t\t\t<\/div>\n\t\t\t\n\t\t\t\t\t\t<div class=\"elementor-icon-box-content\">\n\n\t\t\t\t\t\t\t\t\t<h3 class=\"elementor-icon-box-title\">\n\t\t\t\t\t\t<span  >\n\t\t\t\t\t\t\tTra\u0161k\u016bs ir lengvi\t\t\t\t\t\t<\/span>\n\t\t\t\t\t<\/h3>\n\t\t\t\t\n\t\t\t\t\n\t\t\t<\/div>\n\t\t\t\n\t\t<\/div>\n\t\t\t\t\t\t<\/div>\n\t\t\t\t<div class=\"elementor-element elementor-element-3024d28 elementor-view-default elementor-position-block-start elementor-mobile-position-block-start elementor-invisible elementor-widget elementor-widget-icon-box\" data-id=\"3024d28\" data-element_type=\"widget\" data-settings=\"{&quot;_animation&quot;:&quot;fadeIn&quot;,&quot;_animation_delay&quot;:0}\" data-widget_type=\"icon-box.default\">\n\t\t\t\t\t\t\t<div class=\"elementor-icon-box-wrapper\">\n\n\t\t\t\t\t\t<div class=\"elementor-icon-box-icon\">\n\t\t\t\t<span  class=\"elementor-icon elementor-animation-grow\">\n\t\t\t\t<svg aria-hidden=\"true\" class=\"e-font-icon-svg e-fas-thumbs-up\" viewbox=\"0 0 512 512\" xmlns=\"http:\/\/www.w3.org\/2000\/svg\"><path d=\"M104 224H24c-13.255 0-24 10.745-24 24v240c0 13.255 10.745 24 24 24h80c13.255 0 24-10.745 24-24V248c0-13.255-10.745-24-24-24zM64 472c-13.255 0-24-10.745-24-24s10.745-24 24-24 24 10.745 24 24-10.745 24-24 24zM384 81.452c0 42.416-25.97 66.208-33.277 94.548h101.723c33.397 0 59.397 27.746 59.553 58.098.084 17.938-7.546 37.249-19.439 49.197l-.11.11c9.836 23.337 8.237 56.037-9.308 79.469 8.681 25.895-.069 57.704-16.382 74.757 4.298 17.598 2.244 32.575-6.148 44.632C440.202 511.587 389.616 512 346.839 512l-2.845-.001c-48.287-.017-87.806-17.598-119.56-31.725-15.957-7.099-36.821-15.887-52.651-16.178-6.54-.12-11.783-5.457-11.783-11.998v-213.77c0-3.2 1.282-6.271 3.558-8.521 39.614-39.144 56.648-80.587 89.117-113.111 14.804-14.832 20.188-37.236 25.393-58.902C282.515 39.293 291.817 0 312 0c24 0 72 8 72 81.452z\"><\/path><\/svg>\t\t\t\t<\/span>\n\t\t\t<\/div>\n\t\t\t\n\t\t\t\t\t\t<div class=\"elementor-icon-box-content\">\n\n\t\t\t\t\t\t\t\t\t<h3 class=\"elementor-icon-box-title\">\n\t\t\t\t\t\t<span  >\n\t\t\t\t\t\t\tBe dirbtini\u0173 pried\u0173\t\t\t\t\t\t<\/span>\n\t\t\t\t\t<\/h3>\n\t\t\t\t\n\t\t\t\t\n\t\t\t<\/div>\n\t\t\t\n\t\t<\/div>\n\t\t\t\t\t\t<\/div>\n\t\t\t\t<div class=\"elementor-element elementor-element-4c65785 elementor-view-default elementor-position-block-start elementor-mobile-position-block-start elementor-invisible elementor-widget elementor-widget-icon-box\" data-id=\"4c65785\" data-element_type=\"widget\" data-settings=\"{&quot;_animation&quot;:&quot;fadeIn&quot;,&quot;_animation_delay&quot;:0}\" data-widget_type=\"icon-box.default\">\n\t\t\t\t\t\t\t<div class=\"elementor-icon-box-wrapper\">\n\n\t\t\t\t\t\t<div class=\"elementor-icon-box-icon\">\n\t\t\t\t<span  class=\"elementor-icon elementor-animation-grow\">\n\t\t\t\t<svg aria-hidden=\"true\" class=\"e-font-icon-svg e-fas-users\" viewbox=\"0 0 640 512\" xmlns=\"http:\/\/www.w3.org\/2000\/svg\"><path d=\"M96 224c35.3 0 64-28.7 64-64s-28.7-64-64-64-64 28.7-64 64 28.7 64 64 64zm448 0c35.3 0 64-28.7 64-64s-28.7-64-64-64-64 28.7-64 64 28.7 64 64 64zm32 32h-64c-17.6 0-33.5 7.1-45.1 18.6 40.3 22.1 68.9 62 75.1 109.4h66c17.7 0 32-14.3 32-32v-32c0-35.3-28.7-64-64-64zm-256 0c61.9 0 112-50.1 112-112S381.9 32 320 32 208 82.1 208 144s50.1 112 112 112zm76.8 32h-8.3c-20.8 10-43.9 16-68.5 16s-47.6-6-68.5-16h-8.3C179.6 288 128 339.6 128 403.2V432c0 26.5 21.5 48 48 48h288c26.5 0 48-21.5 48-48v-28.8c0-63.6-51.6-115.2-115.2-115.2zm-223.7-13.4C161.5 263.1 145.6 256 128 256H64c-35.3 0-64 28.7-64 64v32c0 17.7 14.3 32 32 32h65.9c6.3-47.4 34.9-87.3 75.2-109.4z\"><\/path><\/svg>\t\t\t\t<\/span>\n\t\t\t<\/div>\n\t\t\t\n\t\t\t\t\t\t<div class=\"elementor-icon-box-content\">\n\n\t\t\t\t\t\t\t\t\t<h3 class=\"elementor-icon-box-title\">\n\t\t\t\t\t\t<span  >\n\t\t\t\t\t\t\tPuikiai tinka visai \u0161eimai\t\t\t\t\t\t<\/span>\n\t\t\t\t\t<\/h3>\n\t\t\t\t\n\t\t\t\t\n\t\t\t<\/div>\n\t\t\t\n\t\t<\/div>\n\t\t\t\t\t\t<\/div>\n\t\t\t\t<\/div>\n\t\t\t\t<\/div>\n\t\t\t\t<\/div>","protected":false},"excerpt":{"rendered":"<p>\u2b50\u2b50\u2b50\u2b50\u2b50 5\/5 &#8222;Kokyb\u0117, rank\u0173 darbas, naturalus gro\u017eis, tikras skonis ir autenti\u0161kumas!&#8221; Nataliya Glazunova @taste_spells https:\/\/liofis.lt\/wp-content\/uploads\/2025\/02\/introvideo-2.mp4 Liofilizuoti maisto produktai pagaminti skaniai ekologi\u0161kai tvariai Kai laikas sustoja, o skonis i\u0161lieka. Be prid\u0117tinio cukraus, da\u017eikli\u0173 ar konservant\u0173 \u2013 tik grynas gamtos skonis! Pirkti \ud83d\uded2 Nemokamas siuntimas u\u017esakymams vir\u0161 45 eur.! Kod\u0117l verta rinktis LIOFIS produktus? Nat\u016bral\u016bs ir pilni [&hellip;]<\/p>","protected":false},"author":1,"featured_media":0,"parent":0,"menu_order":0,"comment_status":"closed","ping_status":"closed","template":"","meta":{"_seopress_robots_primary_cat":"","_seopress_titles_title":"","_seopress_titles_desc":"","_seopress_robots_index":"","footnotes":""},"class_list":["post-22","page","type-page","status-publish","hentry"],"_links":{"self":[{"href":"https:\/\/liofis.lt\/en\/wp-json\/wp\/v2\/pages\/22","targetHints":{"allow":["GET"]}}],"collection":[{"href":"https:\/\/liofis.lt\/en\/wp-json\/wp\/v2\/pages"}],"about":[{"href":"https:\/\/liofis.lt\/en\/wp-json\/wp\/v2\/types\/page"}],"author":[{"embeddable":true,"href":"https:\/\/liofis.lt\/en\/wp-json\/wp\/v2\/users\/1"}],"replies":[{"embeddable":true,"href":"https:\/\/liofis.lt\/en\/wp-json\/wp\/v2\/comments?post=22"}],"version-history":[{"count":586,"href":"https:\/\/liofis.lt\/en\/wp-json\/wp\/v2\/pages\/22\/revisions"}],"predecessor-version":[{"id":2084,"href":"https:\/\/liofis.lt\/en\/wp-json\/wp\/v2\/pages\/22\/revisions\/2084"}],"wp:attachment":[{"href":"https:\/\/liofis.lt\/en\/wp-json\/wp\/v2\/media?parent=22"}],"curies":[{"name":"wp","href":"https:\/\/api.w.org\/{rel}","templated":true}]}}