{"id":448,"date":"2025-02-11T21:32:57","date_gmt":"2025-02-11T19:32:57","guid":{"rendered":"https:\/\/liofis.lt\/?page_id=448"},"modified":"2025-11-09T20:11:22","modified_gmt":"2025-11-09T18:11:22","slug":"apie-liofis","status":"publish","type":"page","link":"https:\/\/liofis.lt\/en\/apie-liofis\/","title":{"rendered":"Apie LIOFIS"},"content":{"rendered":"<div data-elementor-type=\"wp-page\" data-elementor-id=\"448\" class=\"elementor elementor-448\" data-elementor-post-type=\"page\">\n\t\t\t\t<div class=\"elementor-element elementor-element-d9e6f41 e-flex e-con-boxed elementor-invisible e-con e-parent\" data-id=\"d9e6f41\" data-element_type=\"container\" data-settings=\"{&quot;animation&quot;:&quot;fadeIn&quot;,&quot;animation_delay&quot;:1000,&quot;background_background&quot;:&quot;classic&quot;}\">\n\t\t\t\t\t<div class=\"e-con-inner\">\n\t\t<div class=\"elementor-element elementor-element-b67d621 e-flex e-con-boxed e-con e-child\" data-id=\"b67d621\" data-element_type=\"container\" data-settings=\"{&quot;background_background&quot;:&quot;classic&quot;}\">\n\t\t\t\t\t<div class=\"e-con-inner\">\n\t\t\t\t<div class=\"elementor-element elementor-element-5685c30 elementor-widget elementor-widget-heading\" data-id=\"5685c30\" data-element_type=\"widget\" data-widget_type=\"heading.default\">\n\t\t\t\t\t<h2 class=\"elementor-heading-title elementor-size-default\">Apie \"LIOFIS\"<\/h2>\t\t\t\t<\/div>\n\t\t\t\t<div class=\"elementor-element elementor-element-6549065 gallery-spacing-custom elementor-widget elementor-widget-image-gallery\" data-id=\"6549065\" data-element_type=\"widget\" data-widget_type=\"image-gallery.default\">\n\t\t\t\t\t\t\t<div class=\"elementor-image-gallery\">\n\t\t\t<div id='gallery-1' class='gallery galleryid-448 gallery-columns-2 gallery-size-full'><figure class='gallery-item'>\n\t\t\t<div class='gallery-icon portrait'>\n\t\t\t\t<img fetchpriority=\"high\" decoding=\"async\" width=\"1703\" height=\"2560\" src=\"https:\/\/liofis.lt\/wp-content\/uploads\/2025\/02\/DSC_9214_pp-scaled.jpg\" class=\"attachment-full size-full\" alt=\"\" srcset=\"https:\/\/liofis.lt\/wp-content\/uploads\/2025\/02\/DSC_9214_pp-scaled.jpg 1703w, https:\/\/liofis.lt\/wp-content\/uploads\/2025\/02\/DSC_9214_pp-200x300.jpg 200w, https:\/\/liofis.lt\/wp-content\/uploads\/2025\/02\/DSC_9214_pp-681x1024.jpg 681w, https:\/\/liofis.lt\/wp-content\/uploads\/2025\/02\/DSC_9214_pp-768x1154.jpg 768w, https:\/\/liofis.lt\/wp-content\/uploads\/2025\/02\/DSC_9214_pp-1022x1536.jpg 1022w, https:\/\/liofis.lt\/wp-content\/uploads\/2025\/02\/DSC_9214_pp-1363x2048.jpg 1363w, https:\/\/liofis.lt\/wp-content\/uploads\/2025\/02\/DSC_9214_pp-1080x1623.jpg 1080w\" sizes=\"(max-width: 1703px) 100vw, 1703px\" \/>\n\t\t\t<\/div><\/figure><figure class='gallery-item'>\n\t\t\t<div class='gallery-icon portrait'>\n\t\t\t\t<img decoding=\"async\" width=\"1703\" height=\"2560\" data-src=\"https:\/\/liofis.lt\/wp-content\/uploads\/2025\/02\/DSC_9266_pp-scaled.jpg\" class=\"attachment-full size-full lazyload\" alt=\"\" data-srcset=\"https:\/\/liofis.lt\/wp-content\/uploads\/2025\/02\/DSC_9266_pp-scaled.jpg 1703w, https:\/\/liofis.lt\/wp-content\/uploads\/2025\/02\/DSC_9266_pp-200x300.jpg 200w, https:\/\/liofis.lt\/wp-content\/uploads\/2025\/02\/DSC_9266_pp-681x1024.jpg 681w, https:\/\/liofis.lt\/wp-content\/uploads\/2025\/02\/DSC_9266_pp-768x1154.jpg 768w, https:\/\/liofis.lt\/wp-content\/uploads\/2025\/02\/DSC_9266_pp-1022x1536.jpg 1022w, https:\/\/liofis.lt\/wp-content\/uploads\/2025\/02\/DSC_9266_pp-1363x2048.jpg 1363w, https:\/\/liofis.lt\/wp-content\/uploads\/2025\/02\/DSC_9266_pp-1080x1623.jpg 1080w\" data-sizes=\"(max-width: 1703px) 100vw, 1703px\" src=\"data:image\/svg+xml;base64,PHN2ZyB3aWR0aD0iMSIgaGVpZ2h0PSIxIiB4bWxucz0iaHR0cDovL3d3dy53My5vcmcvMjAwMC9zdmciPjwvc3ZnPg==\" style=\"--smush-placeholder-width: 1703px; --smush-placeholder-aspect-ratio: 1703\/2560;\" \/>\n\t\t\t<\/div><\/figure>\n\t\t<\/div>\n\t\t<\/div>\n\t\t\t\t\t\t<\/div>\n\t\t\t\t<div class=\"elementor-element elementor-element-48d6198 elementor-widget elementor-widget-text-editor\" data-id=\"48d6198\" data-element_type=\"widget\" data-widget_type=\"text-editor.default\">\n\t\t\t\t\t\t\t\t\t<p>Liofilizacija ir d\u017eiovinimas \u2013 kai gamta susitinka su mokslu ir meile<br \/>Kartais u\u017etenka vieno k\u0105snelio, kad prisimintum vasar\u0105, sodo aromatus ar vaikyst\u0117s<br \/>skon\u012f.<\/p><p>I\u0161 \u0161io paprasto poj\u016b\u010dio gim\u0117 LIOFIS \u2013 vieta, kur technologinis tikslumas dera su<br \/>meile gamtai, skoniui ir saldumynams.<\/p><p>Kadangi esu tikra saldumyn\u0173 myl\u0117toja, ie\u0161kojau b\u016bdo m\u0117gautis saldumu be cukraus<br \/>pertekliaus \u2013 i\u0161 pa\u010dios gamtos, nat\u016braliai ir tra\u0161kiai.<\/p><p>Mano kelias prasid\u0117jo i\u0161 smalsumo: kaip i\u0161saugoti gamtos dovan\u0105 taip, kad ji<br \/>d\u017eiugint\u0173 ne dien\u0105 ar savait\u0119, o visus metus?<\/p><p>Atsakym\u0105 radau d\u017eiovinime ir liofilizacijoje \u2013 dviejuose procesuose, leid\u017eian\u010diuose<br \/>i\u0161laikyti nat\u016bral\u0173 vaisi\u0173, dar\u017eovi\u0173 ir \u017eoleli\u0173 skon\u012f, spalv\u0105 bei aromat\u0105.<\/p><p>Mano pasaulis \u2013 nat\u016bralus, tra\u0161kus ir tikras<br \/>Kiekvienas LIOFIS u\u017ekandis \u2013 tai d\u017eiovint\u0173 ir liofilizuot\u0173 vaisi\u0173, dar\u017eovi\u0173, \u017eoleli\u0173 ar<br \/>j\u0173 mi\u0161ini\u0173 derinys, gimstantis i\u0161 kruop\u0161taus darbo ir noro pasi\u016blyti ka\u017ek\u0105 autenti\u0161ko.<br \/>Kuriu produktus, kurie ne tik gard\u016bs, bet ir kupini gamtos charakterio.<\/p><p>\u010cia n\u0117ra vietos skub\u0117jimui ar kompromisams \u2013 tik nat\u016bral\u016bs ingredientai, be<br \/>prid\u0117tinio cukraus, da\u017eikli\u0173 ar konservant\u0173.<\/p><p>Toks maistas kalba pats u\u017e save: \u0161varus, tikras, lietuvi\u0161kas.<br \/>Skonis, kuris keliauja kartu su jumis<br \/>LIOFIS u\u017ekand\u017eiai \u2013 tai palydovai, kurie telpa \u012f kuprin\u0119, biuro stal\u010di\u0173 ar vaik\u0173 piet\u0173<br \/>d\u0117\u017eut\u0119.<\/p><p>Tra\u0161k\u016bs, lengvi ir aromatingi \u2013 jie primena, kad gamtos paprastumas gali b\u016bti pats<br \/>did\u017eiausias malonumas.<br \/>Tinka kelion\u0117ms, \u017eygiams, kino vakarams ar tiesiog tada, kai norisi ka\u017eko tikro.<\/p><p>Kiekvienas k\u0105snis \u2013 ma\u017eas nuotykis be dirbtini\u0173 pried\u0173 ir be kalt\u0117s jausmo.<\/p>\t\t\t\t\t\t\t\t<\/div>\n\t\t\t\t<div class=\"elementor-element elementor-element-7aeedf9 elementor-widget elementor-widget-image\" data-id=\"7aeedf9\" data-element_type=\"widget\" data-widget_type=\"image.default\">\n\t\t\t\t\t\t\t\t\t\t\t\t\t\t\t\t<a href=\"https:\/\/sam.lrv.lt\/lt\/veiklos-sritys\/visuomenes-sveikatos-prieziura\/mityba-ir-fizinis-aktyvumas-2\/rakto-skylute\/\" target=\"_blank\">\n\t\t\t\t\t\t\t<img alt=\"\" decoding=\"async\" width=\"300\" height=\"231\" data-src=\"https:\/\/liofis.lt\/wp-content\/uploads\/2025\/02\/Dizainas-be-pavadinimo-54-e1739303229643-300x231.png\" class=\"attachment-medium size-medium wp-image-466 lazyload\" data-srcset=\"https:\/\/liofis.lt\/wp-content\/uploads\/2025\/02\/Dizainas-be-pavadinimo-54-e1739303229643-300x231.png 300w, https:\/\/liofis.lt\/wp-content\/uploads\/2025\/02\/Dizainas-be-pavadinimo-54-e1739303229643-1024x787.png 1024w, https:\/\/liofis.lt\/wp-content\/uploads\/2025\/02\/Dizainas-be-pavadinimo-54-e1739303229643-768x590.png 768w, https:\/\/liofis.lt\/wp-content\/uploads\/2025\/02\/Dizainas-be-pavadinimo-54-e1739303229643-600x461.png 600w, https:\/\/liofis.lt\/wp-content\/uploads\/2025\/02\/Dizainas-be-pavadinimo-54-e1739303229643.png 1080w\" data-sizes=\"(max-width: 300px) 100vw, 300px\" src=\"data:image\/svg+xml;base64,PHN2ZyB3aWR0aD0iMSIgaGVpZ2h0PSIxIiB4bWxucz0iaHR0cDovL3d3dy53My5vcmcvMjAwMC9zdmciPjwvc3ZnPg==\" style=\"--smush-placeholder-width: 300px; --smush-placeholder-aspect-ratio: 300\/231;\" \/>\t\t\t\t\t\t\t\t<\/a>\n\t\t\t\t\t\t\t\t\t\t\t\t\t\t\t<\/div>\n\t\t\t\t\t<\/div>\n\t\t\t\t<\/div>\n\t\t\t\t\t<\/div>\n\t\t\t\t<\/div>\n\t\t\t\t<\/div>","protected":false},"excerpt":{"rendered":"<p>Apie &#8222;LIOFIS&#8221; Liofilizacija ir d\u017eiovinimas \u2013 kai gamta susitinka su mokslu ir meileKartais u\u017etenka vieno k\u0105snelio, kad prisimintum vasar\u0105, sodo aromatus ar vaikyst\u0117sskon\u012f. I\u0161 \u0161io paprasto poj\u016b\u010dio gim\u0117 LIOFIS \u2013 vieta, kur technologinis tikslumas dera sumeile gamtai, skoniui ir saldumynams. Kadangi esu tikra saldumyn\u0173 myl\u0117toja, ie\u0161kojau b\u016bdo m\u0117gautis saldumu be cukrauspertekliaus \u2013 i\u0161 pa\u010dios gamtos, [&hellip;]<\/p>","protected":false},"author":1,"featured_media":0,"parent":0,"menu_order":0,"comment_status":"closed","ping_status":"closed","template":"","meta":{"_seopress_robots_primary_cat":"","_seopress_titles_title":"","_seopress_titles_desc":"","_seopress_robots_index":"","footnotes":""},"class_list":["post-448","page","type-page","status-publish","hentry"],"_links":{"self":[{"href":"https:\/\/liofis.lt\/en\/wp-json\/wp\/v2\/pages\/448","targetHints":{"allow":["GET"]}}],"collection":[{"href":"https:\/\/liofis.lt\/en\/wp-json\/wp\/v2\/pages"}],"about":[{"href":"https:\/\/liofis.lt\/en\/wp-json\/wp\/v2\/types\/page"}],"author":[{"embeddable":true,"href":"https:\/\/liofis.lt\/en\/wp-json\/wp\/v2\/users\/1"}],"replies":[{"embeddable":true,"href":"https:\/\/liofis.lt\/en\/wp-json\/wp\/v2\/comments?post=448"}],"version-history":[{"count":106,"href":"https:\/\/liofis.lt\/en\/wp-json\/wp\/v2\/pages\/448\/revisions"}],"predecessor-version":[{"id":2160,"href":"https:\/\/liofis.lt\/en\/wp-json\/wp\/v2\/pages\/448\/revisions\/2160"}],"wp:attachment":[{"href":"https:\/\/liofis.lt\/en\/wp-json\/wp\/v2\/media?parent=448"}],"curies":[{"name":"wp","href":"https:\/\/api.w.org\/{rel}","templated":true}]}}