{"id":491,"date":"2025-02-11T21:59:48","date_gmt":"2025-02-11T19:59:48","guid":{"rendered":"https:\/\/liofis.lt\/?page_id=491"},"modified":"2025-04-02T12:00:17","modified_gmt":"2025-04-02T09:00:17","slug":"siuntimo-politika","status":"publish","type":"page","link":"https:\/\/liofis.lt\/en\/siuntimo-politika\/","title":{"rendered":"Siuntimo politika"},"content":{"rendered":"<div data-elementor-type=\"wp-page\" data-elementor-id=\"491\" class=\"elementor elementor-491\" data-elementor-post-type=\"page\">\n\t\t\t\t<div class=\"elementor-element elementor-element-d9e6f41 e-flex e-con-boxed elementor-invisible e-con e-parent\" data-id=\"d9e6f41\" data-element_type=\"container\" data-settings=\"{&quot;animation&quot;:&quot;fadeIn&quot;,&quot;animation_delay&quot;:1000}\">\n\t\t\t\t\t<div class=\"e-con-inner\">\n\t\t\t\t<div class=\"elementor-element elementor-element-5685c30 elementor-widget elementor-widget-heading\" data-id=\"5685c30\" data-element_type=\"widget\" data-widget_type=\"heading.default\">\n\t\t\t\t\t<h2 class=\"elementor-heading-title elementor-size-default\">Siuntimo politika<\/h2>\t\t\t\t<\/div>\n\t\t\t\t<div class=\"elementor-element elementor-element-48d6198 elementor-widget elementor-widget-text-editor\" data-id=\"48d6198\" data-element_type=\"widget\" data-widget_type=\"text-editor.default\">\n\t\t\t\t\t\t\t\t\t<p><strong data-start=\"29\" data-end=\"51\">Pristatymo s\u0105lygos<\/strong><\/p><p>U\u017esakymai apdorojami per <strong data-start=\"81\" data-end=\"101\">1-2 darbo dienas<\/strong> po mok\u0117jimo gavimo.<\/p><p>Pristatymas Lietuvoje trunka <strong data-start=\"155\" data-end=\"175\">2\u20135 darbo dienas<\/strong> (i\u0161skyrus savaitgalius ir \u0161ven\u010di\u0173 dienas).<\/p><p>Siuntimo kaina yra <strong data-start=\"242\" data-end=\"262\">fiksuota \u2013 3 EUR<\/strong>, nepriklausomai nuo u\u017esakymo dyd\u017eio ar svorio.<\/p><p><strong data-start=\"317\" data-end=\"335\">Siuntimo b\u016bdai<\/strong><\/p><p>Visi u\u017esakymai pristatomi per patikimus kurjeri\u0173 ar pa\u0161to tarnybos partnerius, kad J\u016bs\u0173 produktai atkeliaut\u0173 <strong data-start=\"447\" data-end=\"469\">greitai ir saugiai<\/strong>.<\/p><p><strong data-start=\"478\" data-end=\"503\">Papildoma informacija<\/strong><\/p><p>U\u017esakymai \u012f atokias vietoves gali b\u016bti pristatyti ilgiau.<\/p><p>Jei pristatymo metu kyla nesklandum\u0173, nedelsdami susisiekite su mumis el. pa\u0161tu arba telefonu.<\/p><p>\u0160iuo metu prekes siun\u010diame tik <strong data-start=\"700\" data-end=\"725\">Lietuvos teritorijoje<\/strong>.<\/p><p>Jei turite papildom\u0173 klausim\u0173, susisiekite su m\u016bs\u0173 klient\u0173 aptarnavimo komanda \u2013 mielai pad\u0117sime!<\/p>\t\t\t\t\t\t\t\t<\/div>\n\t\t\t\t\t<\/div>\n\t\t\t\t<\/div>\n\t\t\t\t<\/div>","protected":false},"excerpt":{"rendered":"<p>Siuntimo politika Pristatymo s\u0105lygos U\u017esakymai apdorojami per 1-2 darbo dienas po mok\u0117jimo gavimo. Pristatymas Lietuvoje trunka 2\u20135 darbo dienas (i\u0161skyrus savaitgalius ir \u0161ven\u010di\u0173 dienas). Siuntimo kaina yra fiksuota \u2013 3 EUR, nepriklausomai nuo u\u017esakymo dyd\u017eio ar svorio. Siuntimo b\u016bdai Visi u\u017esakymai pristatomi per patikimus kurjeri\u0173 ar pa\u0161to tarnybos partnerius, kad J\u016bs\u0173 produktai atkeliaut\u0173 greitai ir [&hellip;]<\/p>","protected":false},"author":1,"featured_media":0,"parent":0,"menu_order":0,"comment_status":"closed","ping_status":"closed","template":"","meta":{"_seopress_robots_primary_cat":"","_seopress_titles_title":"","_seopress_titles_desc":"","_seopress_robots_index":"","footnotes":""},"class_list":["post-491","page","type-page","status-publish","hentry"],"_links":{"self":[{"href":"https:\/\/liofis.lt\/en\/wp-json\/wp\/v2\/pages\/491","targetHints":{"allow":["GET"]}}],"collection":[{"href":"https:\/\/liofis.lt\/en\/wp-json\/wp\/v2\/pages"}],"about":[{"href":"https:\/\/liofis.lt\/en\/wp-json\/wp\/v2\/types\/page"}],"author":[{"embeddable":true,"href":"https:\/\/liofis.lt\/en\/wp-json\/wp\/v2\/users\/1"}],"replies":[{"embeddable":true,"href":"https:\/\/liofis.lt\/en\/wp-json\/wp\/v2\/comments?post=491"}],"version-history":[{"count":22,"href":"https:\/\/liofis.lt\/en\/wp-json\/wp\/v2\/pages\/491\/revisions"}],"predecessor-version":[{"id":1924,"href":"https:\/\/liofis.lt\/en\/wp-json\/wp\/v2\/pages\/491\/revisions\/1924"}],"wp:attachment":[{"href":"https:\/\/liofis.lt\/en\/wp-json\/wp\/v2\/media?parent=491"}],"curies":[{"name":"wp","href":"https:\/\/api.w.org\/{rel}","templated":true}]}}