{"id":496,"date":"2025-02-11T22:02:21","date_gmt":"2025-02-11T20:02:21","guid":{"rendered":"https:\/\/liofis.lt\/?page_id=496"},"modified":"2025-11-09T18:58:23","modified_gmt":"2025-11-09T16:58:23","slug":"kontaktai-ir-rekvizitai","status":"publish","type":"page","link":"https:\/\/liofis.lt\/en\/kontaktai-ir-rekvizitai\/","title":{"rendered":"Kontaktai ir rekvizitai"},"content":{"rendered":"<div data-elementor-type=\"wp-page\" data-elementor-id=\"496\" class=\"elementor elementor-496\" data-elementor-post-type=\"page\">\n\t\t\t\t<div class=\"elementor-element elementor-element-d9e6f41 e-flex e-con-boxed elementor-invisible e-con e-parent\" data-id=\"d9e6f41\" data-element_type=\"container\" data-settings=\"{&quot;animation&quot;:&quot;fadeIn&quot;,&quot;animation_delay&quot;:1000}\">\n\t\t\t\t\t<div class=\"e-con-inner\">\n\t\t<div class=\"elementor-element elementor-element-978e499 e-con-full e-flex e-con e-child\" data-id=\"978e499\" data-element_type=\"container\">\n\t\t\t\t<div class=\"elementor-element elementor-element-5685c30 elementor-widget elementor-widget-heading\" data-id=\"5685c30\" data-element_type=\"widget\" data-widget_type=\"heading.default\">\n\t\t\t\t\t<h2 class=\"elementor-heading-title elementor-size-default\">Kontaktai ir rekvizitai<\/h2>\t\t\t\t<\/div>\n\t\t\t\t<div class=\"elementor-element elementor-element-48d6198 elementor-widget elementor-widget-text-editor\" data-id=\"48d6198\" data-element_type=\"widget\" data-widget_type=\"text-editor.default\">\n\t\t\t\t\t\t\t\t\t<p data-start=\"34\" data-end=\"126\">Turite klausim\u0173 apie m\u016bs\u0173 produktus ar pristatym\u0105? Susisiekite su mumis \u2013 mielai pad\u0117sime!<\/p><h3 data-start=\"128\" data-end=\"164\"><strong data-start=\"132\" data-end=\"162\">Kontaktin\u0117 informacija:<\/strong><\/h3><p data-start=\"165\" data-end=\"306\"><strong data-start=\"168\" data-end=\"183\">El. pa\u0161tas:<\/strong> info@liofis.lt<br data-start=\"212\" data-end=\"215\" \/><strong data-start=\"218\" data-end=\"232\">Telefonas:<\/strong> +37061590643<\/p><h3 data-start=\"308\" data-end=\"339\"><strong data-start=\"312\" data-end=\"337\">\u012emon\u0117s rekvizitai:<\/strong><\/h3><p data-start=\"340\" data-end=\"529\">MB &#8222;LIOFIS&#8221;<br data-start=\"378\" data-end=\"381\" \/><strong data-start=\"381\" data-end=\"398\">\u012emon\u0117s kodas:<\/strong> 306701114<br data-start=\"449\" data-end=\"452\" \/><strong data-start=\"266\" data-end=\"278\">Adresas:<\/strong> Ateities g., Gervin\u0117s k., LT-60197 Raseini\u0173 r., VMTM numeris 720001359<\/p><h3 data-start=\"531\" data-end=\"557\"><strong data-start=\"535\" data-end=\"555\">Darbo laikas:<\/strong><\/h3><p data-start=\"558\" data-end=\"658\">Pirmadienis \u2013 Penktadienis: <strong data-start=\"589\" data-end=\"606\">09:00 \u2013 17:00<\/strong><br data-start=\"606\" data-end=\"609\" \/>Atsakome \u012f el. lai\u0161kus per <strong>1-2 darbo dienas<\/strong><\/p>\t\t\t\t\t\t\t\t<\/div>\n\t\t\t\t<\/div>\n\t\t<div class=\"elementor-element elementor-element-98e8b70 e-con-full e-flex e-con e-child\" data-id=\"98e8b70\" data-element_type=\"container\">\n\t\t\t\t<div class=\"elementor-element elementor-element-46cae6c elementor-widget elementor-widget-heading\" data-id=\"46cae6c\" data-element_type=\"widget\" data-widget_type=\"heading.default\">\n\t\t\t\t\t<h2 class=\"elementor-heading-title elementor-size-default\">Kontakt\u0173 forma<\/h2>\t\t\t\t<\/div>\n\t\t\t\t<div class=\"elementor-element elementor-element-53ba2e5 elementor-button-align-stretch elementor-widget elementor-widget-form\" data-id=\"53ba2e5\" data-element_type=\"widget\" data-settings=\"{&quot;step_next_label&quot;:&quot;Sekantis&quot;,&quot;step_previous_label&quot;:&quot;Buv\\u0119s&quot;,&quot;button_width&quot;:&quot;100&quot;,&quot;step_type&quot;:&quot;number_text&quot;,&quot;step_icon_shape&quot;:&quot;circle&quot;}\" data-widget_type=\"form.default\">\n\t\t\t\t\t\t\t<form class=\"elementor-form\" method=\"post\" name=\"New Form\" aria-label=\"New Form\" action=\"\">\n\t\t\t<input type=\"hidden\" name=\"post_id\" value=\"496\"\/>\n\t\t\t<input type=\"hidden\" name=\"form_id\" value=\"53ba2e5\"\/>\n\t\t\t<input type=\"hidden\" name=\"referer_title\" value=\"Kontaktai ir rekvizitai\" \/>\n\n\t\t\t\t\t\t\t<input type=\"hidden\" name=\"queried_id\" value=\"496\"\/>\n\t\t\t\n\t\t\t<div class=\"elementor-form-fields-wrapper elementor-labels-\">\n\t\t\t\t\t\t\t\t<div class=\"elementor-field-type-text elementor-field-group elementor-column elementor-field-group-name elementor-col-100\">\n\t\t\t\t\t\t\t\t\t\t\t\t<label for=\"form-field-name\" class=\"elementor-field-label elementor-screen-only\">\n\t\t\t\t\t\t\t\tName\t\t\t\t\t\t\t<\/label>\n\t\t\t\t\t\t\t\t\t\t\t\t\t\t<input size=\"1\" type=\"text\" name=\"form_fields[name]\" id=\"form-field-name\" class=\"elementor-field elementor-size-lg  elementor-field-textual\" placeholder=\"Vardas\">\n\t\t\t\t\t\t\t\t\t\t\t<\/div>\n\t\t\t\t\t\t\t\t<div class=\"elementor-field-type-email elementor-field-group elementor-column elementor-field-group-email elementor-col-100 elementor-field-required\">\n\t\t\t\t\t\t\t\t\t\t\t\t<label for=\"form-field-email\" class=\"elementor-field-label elementor-screen-only\">\n\t\t\t\t\t\t\t\tEmail\t\t\t\t\t\t\t<\/label>\n\t\t\t\t\t\t\t\t\t\t\t\t\t\t<input size=\"1\" type=\"email\" name=\"form_fields[email]\" id=\"form-field-email\" class=\"elementor-field elementor-size-lg  elementor-field-textual\" placeholder=\"El. pa\u0161to adresas\" required=\"required\">\n\t\t\t\t\t\t\t\t\t\t\t<\/div>\n\t\t\t\t\t\t\t\t<div class=\"elementor-field-type-textarea elementor-field-group elementor-column elementor-field-group-message elementor-col-100\">\n\t\t\t\t\t\t\t\t\t\t\t\t<label for=\"form-field-message\" class=\"elementor-field-label elementor-screen-only\">\n\t\t\t\t\t\t\t\tMessage\t\t\t\t\t\t\t<\/label>\n\t\t\t\t\t\t<textarea class=\"elementor-field-textual elementor-field  elementor-size-lg\" name=\"form_fields[message]\" id=\"form-field-message\" rows=\"4\" placeholder=\"\u017dinut\u0117\"><\/textarea>\t\t\t\t<\/div>\n\t\t\t\t\t\t\t\t<div class=\"elementor-field-group elementor-column elementor-field-type-submit elementor-col-100 e-form__buttons\">\n\t\t\t\t\t<button class=\"elementor-button elementor-size-sm\" type=\"submit\">\n\t\t\t\t\t\t<span class=\"elementor-button-content-wrapper\">\n\t\t\t\t\t\t\t\t\t\t\t\t\t\t\t\t\t\t\t\t\t\t<span class=\"elementor-button-text\">Si\u0173sti \u017einut\u0119<\/span>\n\t\t\t\t\t\t\t\t\t\t\t\t\t<\/span>\n\t\t\t\t\t<\/button>\n\t\t\t\t<\/div>\n\t\t\t<\/div>\n\t\t<input type=\"hidden\" name=\"trp-form-language\" value=\"en\"\/><\/form>\n\t\t\t\t\t\t<\/div>\n\t\t\t\t<\/div>\n\t\t\t\t\t<\/div>\n\t\t\t\t<\/div>\n\t\t\t\t<\/div>","protected":false},"excerpt":{"rendered":"<p>Kontaktai ir rekvizitai Turite klausim\u0173 apie m\u016bs\u0173 produktus ar pristatym\u0105? Susisiekite su mumis \u2013 mielai pad\u0117sime! Kontaktin\u0117 informacija: El. pa\u0161tas: info@liofis.ltTelefonas: +37061590643 \u012emon\u0117s rekvizitai: MB &#8222;LIOFIS&#8221;\u012emon\u0117s kodas: 306701114Adresas: Ateities g., Gervin\u0117s k., LT-60197 Raseini\u0173 r., VMTM numeris 720001359 Darbo laikas: Pirmadienis \u2013 Penktadienis: 09:00 \u2013 17:00Atsakome \u012f el. lai\u0161kus per 1-2 darbo dienas Kontakt\u0173 forma<\/p>","protected":false},"author":1,"featured_media":0,"parent":0,"menu_order":0,"comment_status":"closed","ping_status":"closed","template":"","meta":{"_seopress_robots_primary_cat":"","_seopress_titles_title":"","_seopress_titles_desc":"","_seopress_robots_index":"","footnotes":""},"class_list":["post-496","page","type-page","status-publish","hentry"],"_links":{"self":[{"href":"https:\/\/liofis.lt\/en\/wp-json\/wp\/v2\/pages\/496","targetHints":{"allow":["GET"]}}],"collection":[{"href":"https:\/\/liofis.lt\/en\/wp-json\/wp\/v2\/pages"}],"about":[{"href":"https:\/\/liofis.lt\/en\/wp-json\/wp\/v2\/types\/page"}],"author":[{"embeddable":true,"href":"https:\/\/liofis.lt\/en\/wp-json\/wp\/v2\/users\/1"}],"replies":[{"embeddable":true,"href":"https:\/\/liofis.lt\/en\/wp-json\/wp\/v2\/comments?post=496"}],"version-history":[{"count":16,"href":"https:\/\/liofis.lt\/en\/wp-json\/wp\/v2\/pages\/496\/revisions"}],"predecessor-version":[{"id":2078,"href":"https:\/\/liofis.lt\/en\/wp-json\/wp\/v2\/pages\/496\/revisions\/2078"}],"wp:attachment":[{"href":"https:\/\/liofis.lt\/en\/wp-json\/wp\/v2\/media?parent=496"}],"curies":[{"name":"wp","href":"https:\/\/api.w.org\/{rel}","templated":true}]}}