{"id":501,"date":"2025-02-11T22:09:14","date_gmt":"2025-02-11T20:09:14","guid":{"rendered":"https:\/\/liofis.lt\/?page_id=501"},"modified":"2025-04-02T12:02:32","modified_gmt":"2025-04-02T09:02:32","slug":"pirkimo-politika","status":"publish","type":"page","link":"https:\/\/liofis.lt\/en\/pirkimo-politika\/","title":{"rendered":"Pirkimo &#8211; pardavimo politika"},"content":{"rendered":"<div data-elementor-type=\"wp-page\" data-elementor-id=\"501\" class=\"elementor elementor-501\" data-elementor-post-type=\"page\">\n\t\t\t\t<div class=\"elementor-element elementor-element-d9e6f41 e-flex e-con-boxed elementor-invisible e-con e-parent\" data-id=\"d9e6f41\" data-element_type=\"container\" data-settings=\"{&quot;animation&quot;:&quot;fadeIn&quot;,&quot;animation_delay&quot;:1000}\">\n\t\t\t\t\t<div class=\"e-con-inner\">\n\t\t\t\t<div class=\"elementor-element elementor-element-5685c30 elementor-widget elementor-widget-heading\" data-id=\"5685c30\" data-element_type=\"widget\" data-widget_type=\"heading.default\">\n\t\t\t\t\t<h2 class=\"elementor-heading-title elementor-size-default\">Pirkimo - pardavimo politika<\/h2>\t\t\t\t<\/div>\n\t\t\t\t<div class=\"elementor-element elementor-element-48d6198 elementor-widget elementor-widget-text-editor\" data-id=\"48d6198\" data-element_type=\"widget\" data-widget_type=\"text-editor.default\">\n\t\t\t\t\t\t\t\t\t<h3 data-start=\"26\" data-end=\"59\"><strong data-start=\"30\" data-end=\"57\">1. Bendrosios nuostatos<\/strong><\/h3><p data-start=\"60\" data-end=\"471\">1.1. \u0160ios pirkimo s\u0105lygos nustato MB \u201eLIOFIS\u201c \u012f.k. 306701114, adresas ir kontaktai: Ateities g., Gervin\u0117s k., LT-60197 Raseini\u0173 r., info@liofis.lt, +370 615 90643, (toliau \u2013 Pardav\u0117jas) internetin\u0117s parduotuv\u0117s veikimo principus, pirk\u0117jo (toliau \u2013 Pirk\u0117jas) teises ir pareigas bei preki\u0173 \u012fsigijimo tvark\u0105.<br data-start=\"248\" data-end=\"251\" \/>1.2. Pirk\u0117jas, pateikdamas u\u017esakym\u0105, patvirtina, kad susipa\u017eino su \u0161iomis pirkimo s\u0105lygomis ir sutinka j\u0173 laikytis.<br data-start=\"366\" data-end=\"369\" \/>1.3. Pardav\u0117jas pasilieka teis\u0119 keisti pirkimo s\u0105lygas, apie tai informuodamas interneto svetain\u0117je.<\/p><h3 data-start=\"473\" data-end=\"517\"><strong data-start=\"477\" data-end=\"515\">2. Preki\u0173 u\u017esakymas ir apmok\u0117jimas<\/strong><\/h3><p data-start=\"518\" data-end=\"813\">2.1. Pirk\u0117jas gali u\u017esisakyti prekes internetin\u0117je parduotuv\u0117je bet kuriuo paros metu.<br data-start=\"604\" data-end=\"607\" \/>2.2. Apmok\u0117jimas u\u017e prekes galimas per bankin\u012f pavedim\u0105, elektronin\u0119 bankininkyst\u0119 ar kitas mok\u0117jimo sistemas, nurodytas atsiskaitymo lange.<br data-start=\"747\" data-end=\"750\" \/>2.3. U\u017esakymas pradedamas vykdyti tik gavus piln\u0105 apmok\u0117jim\u0105.<\/p><h3 data-start=\"815\" data-end=\"839\"><strong data-start=\"819\" data-end=\"837\">3. Pristatymas<\/strong><\/h3><p data-start=\"840\" data-end=\"1120\">3.1. Prek\u0117s pristatomos per <strong data-start=\"868\" data-end=\"888\">2\u20135 darbo dienas<\/strong> nuo apmok\u0117jimo gavimo.<br data-start=\"911\" data-end=\"914\" \/>3.2. Fiksuotas pristatymo mokestis \u2013 <strong data-start=\"951\" data-end=\"960\">3 EUR<\/strong> visoje Lietuvoje.<br data-start=\"978\" data-end=\"981\" \/>3.3. Pirk\u0117jas privalo pateikti tikslius pristatymo duomenis. Pardav\u0117jas neatsako u\u017e v\u0117lavimus, atsiradusius d\u0117l neteisingos informacijos.<\/p><h3 data-start=\"1122\" data-end=\"1164\"><strong data-start=\"1126\" data-end=\"1162\">4. Preki\u0173 gr\u0105\u017einimas ir keitimas<\/strong><\/h3><p data-start=\"1165\" data-end=\"1485\">4.1. Pirk\u0117jas turi teis\u0119 gr\u0105\u017einti kokybi\u0161kas prekes per <strong data-start=\"1221\" data-end=\"1233\">14 dien\u0173<\/strong>, jei jos nebuvo pa\u017eeistos ir n\u0117ra naudotos.<br data-start=\"1277\" data-end=\"1280\" \/>4.2. Norint gr\u0105\u017einti prek\u0119, Pirk\u0117jas privalo susisiekti su Pardav\u0117ju el. pa\u0161tu arba telefonu.<br data-start=\"1373\" data-end=\"1376\" \/>4.3. Gr\u0105\u017einimo i\u0161laidas apmoka Pirk\u0117jas, i\u0161skyrus atvejus, kai prek\u0117 buvo brokuota ar pristatyta klaidinga.<\/p><h3 data-start=\"1487\" data-end=\"1510\"><strong data-start=\"1491\" data-end=\"1508\">5. Atsakomyb\u0117<\/strong><\/h3><p data-start=\"1511\" data-end=\"1704\">5.1. Pirk\u0117jas yra atsakingas u\u017e pateikt\u0173 duomen\u0173 teisingum\u0105.<br data-start=\"1571\" data-end=\"1574\" \/>5.2. Pardav\u0117jas neatsako u\u017e tre\u010di\u0173j\u0173 \u0161ali\u0173 veiksmus, kurie gali sutrikdyti internetin\u0117s parduotuv\u0117s veikim\u0105 ar u\u017esakymo vykdym\u0105.<\/p><h3 data-start=\"1706\" data-end=\"1737\"><strong data-start=\"1710\" data-end=\"1735\">6. Privatumo politika<\/strong><\/h3><p data-start=\"1738\" data-end=\"1945\">6.1. Visi Pirk\u0117jo pateikti asmens duomenys tvarkomi pagal galiojan\u010dius duomen\u0173 apsaugos teis\u0117s aktus.<br data-start=\"1839\" data-end=\"1842\" \/>6.2. Pardav\u0117jas naudoja Pirk\u0117jo pateiktus duomenis tik u\u017esakym\u0173 vykdymui ir komunikacijai su Pirk\u0117ju.<\/p><p data-start=\"1947\" data-end=\"2017\" data-is-last-node=\"\"><strong data-start=\"1950\" data-end=\"2014\">Jei turite klausim\u0173, susisiekite su mumis \u2013 mielai pad\u0117sime!<\/strong><\/p>\t\t\t\t\t\t\t\t<\/div>\n\t\t\t\t\t<\/div>\n\t\t\t\t<\/div>\n\t\t\t\t<\/div>","protected":false},"excerpt":{"rendered":"<p>Pirkimo &#8211; pardavimo politika 1. Bendrosios nuostatos 1.1. \u0160ios pirkimo s\u0105lygos nustato MB \u201eLIOFIS\u201c \u012f.k. 306701114, adresas ir kontaktai: Ateities g., Gervin\u0117s k., LT-60197 Raseini\u0173 r., info@liofis.lt, +370 615 90643, (toliau \u2013 Pardav\u0117jas) internetin\u0117s parduotuv\u0117s veikimo principus, pirk\u0117jo (toliau \u2013 Pirk\u0117jas) teises ir pareigas bei preki\u0173 \u012fsigijimo tvark\u0105.1.2. Pirk\u0117jas, pateikdamas u\u017esakym\u0105, patvirtina, kad susipa\u017eino su [&hellip;]<\/p>","protected":false},"author":1,"featured_media":0,"parent":0,"menu_order":0,"comment_status":"closed","ping_status":"closed","template":"","meta":{"_seopress_robots_primary_cat":"","_seopress_titles_title":"","_seopress_titles_desc":"","_seopress_robots_index":"","footnotes":""},"class_list":["post-501","page","type-page","status-publish","hentry"],"_links":{"self":[{"href":"https:\/\/liofis.lt\/en\/wp-json\/wp\/v2\/pages\/501","targetHints":{"allow":["GET"]}}],"collection":[{"href":"https:\/\/liofis.lt\/en\/wp-json\/wp\/v2\/pages"}],"about":[{"href":"https:\/\/liofis.lt\/en\/wp-json\/wp\/v2\/types\/page"}],"author":[{"embeddable":true,"href":"https:\/\/liofis.lt\/en\/wp-json\/wp\/v2\/users\/1"}],"replies":[{"embeddable":true,"href":"https:\/\/liofis.lt\/en\/wp-json\/wp\/v2\/comments?post=501"}],"version-history":[{"count":21,"href":"https:\/\/liofis.lt\/en\/wp-json\/wp\/v2\/pages\/501\/revisions"}],"predecessor-version":[{"id":1933,"href":"https:\/\/liofis.lt\/en\/wp-json\/wp\/v2\/pages\/501\/revisions\/1933"}],"wp:attachment":[{"href":"https:\/\/liofis.lt\/en\/wp-json\/wp\/v2\/media?parent=501"}],"curies":[{"name":"wp","href":"https:\/\/api.w.org\/{rel}","templated":true}]}}