{"id":506,"date":"2025-02-11T22:11:30","date_gmt":"2025-02-11T20:11:30","guid":{"rendered":"https:\/\/liofis.lt\/?page_id=506"},"modified":"2025-04-02T12:02:08","modified_gmt":"2025-04-02T09:02:08","slug":"prekiu-grazinimas","status":"publish","type":"page","link":"https:\/\/liofis.lt\/en\/prekiu-grazinimas\/","title":{"rendered":"Preki\u0173 g\u0105\u017einimas"},"content":{"rendered":"<div data-elementor-type=\"wp-page\" data-elementor-id=\"506\" class=\"elementor elementor-506\" data-elementor-post-type=\"page\">\n\t\t\t\t<div class=\"elementor-element elementor-element-d9e6f41 e-flex e-con-boxed elementor-invisible e-con e-parent\" data-id=\"d9e6f41\" data-element_type=\"container\" data-settings=\"{&quot;animation&quot;:&quot;fadeIn&quot;,&quot;animation_delay&quot;:1000}\">\n\t\t\t\t\t<div class=\"e-con-inner\">\n\t\t\t\t<div class=\"elementor-element elementor-element-5685c30 elementor-widget elementor-widget-heading\" data-id=\"5685c30\" data-element_type=\"widget\" data-widget_type=\"heading.default\">\n\t\t\t\t\t<h2 class=\"elementor-heading-title elementor-size-default\">Preki\u0173 g\u0105\u017einimas<\/h2>\t\t\t\t<\/div>\n\t\t\t\t<div class=\"elementor-element elementor-element-48d6198 elementor-widget elementor-widget-text-editor\" data-id=\"48d6198\" data-element_type=\"widget\" data-widget_type=\"text-editor.default\">\n\t\t\t\t\t\t\t\t\t<p data-start=\"0\" data-end=\"26\">M\u016bs\u0173 tikslas \u2013 u\u017etikrinti, kad b\u016btum\u0117te patenkinti \u012fsigytais produktais. Jei d\u0117l koki\u0173 nors prie\u017eas\u010di\u0173 norite gr\u0105\u017einti prek\u0119, pra\u0161ome susipa\u017einti su m\u016bs\u0173 preki\u0173 gr\u0105\u017einimo taisykl\u0117mis.<\/p><h3 data-start=\"215\" data-end=\"245\"><strong data-start=\"219\" data-end=\"243\">1. Gr\u0105\u017einimo s\u0105lygos<\/strong><\/h3><p data-start=\"246\" data-end=\"559\">Prekes galima gr\u0105\u017einti per <strong data-start=\"275\" data-end=\"287\">14 dien\u0173<\/strong> nuo j\u0173 gavimo dienos.<br data-start=\"309\" data-end=\"312\" \/>Prek\u0117 turi b\u016bti <strong data-start=\"330\" data-end=\"382\">neatidaryta, nenaudota ir originalioje pakuot\u0117je<\/strong>.<br data-start=\"383\" data-end=\"386\" \/>Gr\u0105\u017einama prek\u0117 turi b\u016bti su visais priklausan\u010diais priedais (jei taikoma).<br data-start=\"463\" data-end=\"466\" \/>Gr\u0105\u017einant prek\u0119, b\u016btina pateikti pirkimo dokument\u0105 (s\u0105skait\u0105 fakt\u016br\u0105, pirkimo kvit\u0105 ar kit\u0105 \u012frodym\u0105).<\/p><h3 data-start=\"561\" data-end=\"594\"><strong data-start=\"565\" data-end=\"592\">2. Kaip gr\u0105\u017einti prek\u0119?<\/strong><\/h3><p data-start=\"595\" data-end=\"923\">Susisiekite su mumis el. pa\u0161tu <strong>info@liofis.lt<\/strong> ir informuokite apie gr\u0105\u017einim\u0105.<br data-start=\"694\" data-end=\"697\" \/>Gav\u0119 j\u016bs\u0173 pra\u0161ym\u0105, suteiksime instrukcijas, kaip gr\u0105\u017einti prek\u0119.<br data-start=\"765\" data-end=\"768\" \/>Prek\u0119 saugiai supakuokite ir i\u0161si\u0173skite nurodytu adresu.<br data-start=\"828\" data-end=\"831\" \/>Gav\u0119 ir patikrin\u0119 prek\u0119, per <strong data-start=\"864\" data-end=\"876\">14 dien\u0173<\/strong> gr\u0105\u017einsime pinigus \u012f j\u016bs\u0173 nurodyt\u0105 s\u0105skait\u0105.<\/p><h3 data-start=\"925\" data-end=\"956\"><strong data-start=\"929\" data-end=\"954\">3. Gr\u0105\u017einimo i\u0161laidos<\/strong><\/h3><p data-start=\"957\" data-end=\"1075\">Gr\u0105\u017einimo siuntimo i\u0161laidas apmoka Pirk\u0117jas, i\u0161skyrus atvejus, kai prek\u0117 buvo brokuota arba pristatyta klaidinga.<\/p><h3 data-start=\"1077\" data-end=\"1115\"><strong data-start=\"1081\" data-end=\"1113\">4. Netinkamos kokyb\u0117s prek\u0117s<\/strong><\/h3><p data-start=\"1116\" data-end=\"1250\">Jei gavote nekokybi\u0161k\u0105 ar pa\u017eeist\u0105 prek\u0119, susisiekite su mumis kuo grei\u010diau \u2013 mes nemokamai j\u0105 pakeisime arba gr\u0105\u017einsime pinigus.<\/p><p data-start=\"1252\" data-end=\"1339\" data-is-last-node=\"\">Jei turite klausim\u0173 apie gr\u0105\u017einim\u0105, kreipkit\u0117s \u2013 mes visada pasiruo\u0161\u0119 pad\u0117ti!<\/p>\t\t\t\t\t\t\t\t<\/div>\n\t\t\t\t\t<\/div>\n\t\t\t\t<\/div>\n\t\t\t\t<\/div>","protected":false},"excerpt":{"rendered":"<p>Preki\u0173 g\u0105\u017einimas M\u016bs\u0173 tikslas \u2013 u\u017etikrinti, kad b\u016btum\u0117te patenkinti \u012fsigytais produktais. Jei d\u0117l koki\u0173 nors prie\u017eas\u010di\u0173 norite gr\u0105\u017einti prek\u0119, pra\u0161ome susipa\u017einti su m\u016bs\u0173 preki\u0173 gr\u0105\u017einimo taisykl\u0117mis. 1. Gr\u0105\u017einimo s\u0105lygos Prekes galima gr\u0105\u017einti per 14 dien\u0173 nuo j\u0173 gavimo dienos.Prek\u0117 turi b\u016bti neatidaryta, nenaudota ir originalioje pakuot\u0117je.Gr\u0105\u017einama prek\u0117 turi b\u016bti su visais priklausan\u010diais priedais (jei taikoma).Gr\u0105\u017einant [&hellip;]<\/p>","protected":false},"author":1,"featured_media":0,"parent":0,"menu_order":0,"comment_status":"closed","ping_status":"closed","template":"","meta":{"_seopress_robots_primary_cat":"","_seopress_titles_title":"","_seopress_titles_desc":"","_seopress_robots_index":"","footnotes":""},"class_list":["post-506","page","type-page","status-publish","hentry"],"_links":{"self":[{"href":"https:\/\/liofis.lt\/en\/wp-json\/wp\/v2\/pages\/506","targetHints":{"allow":["GET"]}}],"collection":[{"href":"https:\/\/liofis.lt\/en\/wp-json\/wp\/v2\/pages"}],"about":[{"href":"https:\/\/liofis.lt\/en\/wp-json\/wp\/v2\/types\/page"}],"author":[{"embeddable":true,"href":"https:\/\/liofis.lt\/en\/wp-json\/wp\/v2\/users\/1"}],"replies":[{"embeddable":true,"href":"https:\/\/liofis.lt\/en\/wp-json\/wp\/v2\/comments?post=506"}],"version-history":[{"count":16,"href":"https:\/\/liofis.lt\/en\/wp-json\/wp\/v2\/pages\/506\/revisions"}],"predecessor-version":[{"id":1930,"href":"https:\/\/liofis.lt\/en\/wp-json\/wp\/v2\/pages\/506\/revisions\/1930"}],"wp:attachment":[{"href":"https:\/\/liofis.lt\/en\/wp-json\/wp\/v2\/media?parent=506"}],"curies":[{"name":"wp","href":"https:\/\/api.w.org\/{rel}","templated":true}]}}