{"id":552,"date":"2025-02-11T22:40:39","date_gmt":"2025-02-11T20:40:39","guid":{"rendered":"https:\/\/liofis.lt\/?page_id=552"},"modified":"2025-04-02T12:01:19","modified_gmt":"2025-04-02T09:01:19","slug":"privatumo-politika","status":"publish","type":"page","link":"https:\/\/liofis.lt\/en\/privatumo-politika\/","title":{"rendered":"Privatumo politika"},"content":{"rendered":"<div data-elementor-type=\"wp-page\" data-elementor-id=\"552\" class=\"elementor elementor-552\" data-elementor-post-type=\"page\">\n\t\t\t\t<div class=\"elementor-element elementor-element-d9e6f41 e-flex e-con-boxed elementor-invisible e-con e-parent\" data-id=\"d9e6f41\" data-element_type=\"container\" data-settings=\"{&quot;animation&quot;:&quot;fadeIn&quot;,&quot;animation_delay&quot;:1000}\">\n\t\t\t\t\t<div class=\"e-con-inner\">\n\t\t\t\t<div class=\"elementor-element elementor-element-5685c30 elementor-widget elementor-widget-heading\" data-id=\"5685c30\" data-element_type=\"widget\" data-widget_type=\"heading.default\">\n\t\t\t\t\t<h2 class=\"elementor-heading-title elementor-size-default\">Privatumo politika<\/h2>\t\t\t\t<\/div>\n\t\t\t\t<div class=\"elementor-element elementor-element-48d6198 elementor-widget elementor-widget-text-editor\" data-id=\"48d6198\" data-element_type=\"widget\" data-widget_type=\"text-editor.default\">\n\t\t\t\t\t\t\t\t\t<p><strong data-start=\"33\" data-end=\"43\">MB &#8222;LIOFIS&#8221; \u012f.k. <span id=\"ccode\">306701114<\/span> <\/strong>gerbia J\u016bs\u0173 privatum\u0105 ir \u012fsipareigoja u\u017etikrinti, kad J\u016bs\u0173 asmens duomenys b\u016bt\u0173 tvarkomi saugiai ir atsakingai. \u0160ioje privatumo politikoje paai\u0161kinama, kokius duomenis renkame, kaip juos naudojame ir saugome.<\/p><h3 data-start=\"261\" data-end=\"298\"><strong data-start=\"265\" data-end=\"296\">1. Kokius duomenis renkame?<\/strong><\/h3><p data-start=\"299\" data-end=\"615\">Mes renkame \u0161iuos duomenis:<br data-start=\"326\" data-end=\"329\" \/><strong data-start=\"332\" data-end=\"357\">Kontaktinius duomenis<\/strong> (vardas, pavard\u0117, el. pa\u0161to adresas, telefono numeris);<br data-start=\"413\" data-end=\"416\" \/><strong data-start=\"419\" data-end=\"442\">Pristatymo duomenis<\/strong> (adresas, pa\u0161to kodas);<br data-start=\"466\" data-end=\"469\" \/><strong data-start=\"472\" data-end=\"496\">Mok\u0117jimo informacij\u0105<\/strong> (banko s\u0105skaitos numeris, mok\u0117jimo b\u016bdas);<br data-start=\"539\" data-end=\"542\" \/><strong data-start=\"545\" data-end=\"565\">Nar\u0161ymo duomenis<\/strong> (IP adresas, apsilankym\u0173 statistika, slapukai).<\/p><h3 data-start=\"622\" data-end=\"664\"><strong data-start=\"626\" data-end=\"662\">2. Kaip naudojame J\u016bs\u0173 duomenis?<\/strong><\/h3><p data-start=\"665\" data-end=\"1035\">J\u016bs\u0173 asmens duomenis naudojame \u0161iais tikslais:<br data-start=\"711\" data-end=\"714\" \/><strong data-start=\"717\" data-end=\"738\">U\u017esakym\u0173 vykdymui<\/strong> \u2013 apdoroti ir pristatyti J\u016bs\u0173 u\u017esakym\u0105;<br data-start=\"778\" data-end=\"781\" \/><strong data-start=\"784\" data-end=\"808\">Klient\u0173 aptarnavimui<\/strong> \u2013 atsakyti \u012f J\u016bs\u0173 u\u017eklausas ir pateikti informacij\u0105;<br data-start=\"861\" data-end=\"864\" \/><strong data-start=\"867\" data-end=\"892\">Svetain\u0117s tobulinimui<\/strong> \u2013 analizuoti lankytoj\u0173 sraut\u0105 ir gerinti m\u016bs\u0173 paslaugas;<br data-start=\"949\" data-end=\"952\" \/><strong data-start=\"955\" data-end=\"981\">Tiesioginei rinkodarai<\/strong> \u2013 si\u0173sti naujienlai\u0161kius (tik gavus J\u016bs\u0173 sutikim\u0105).<\/p><h3 data-start=\"1042\" data-end=\"1084\"><strong data-start=\"1046\" data-end=\"1082\">3. Duomen\u0173 saugojimas ir apsauga<\/strong><\/h3><p data-start=\"1085\" data-end=\"1295\">J\u016bs\u0173 duomenys saugomi saugiose sistemose ir apsaugoti nuo neteis\u0117tos prieigos.<br data-start=\"1166\" data-end=\"1169\" \/>Mes nesidaliname J\u016bs\u0173 duomenimis su tre\u010diosiomis \u0161alimis be J\u016bs\u0173 sutikimo, i\u0161skyrus atvejus, kai to reikalauja \u012fstatymai.<\/p><h3 data-start=\"1302\" data-end=\"1326\"><strong data-start=\"1306\" data-end=\"1324\">4. J\u016bs\u0173 teis\u0117s<\/strong><\/h3><p data-start=\"1327\" data-end=\"1608\"><strong>J\u016bs turite teis\u0119:<\/strong><br data-start=\"1344\" data-end=\"1347\" \/>Su\u017einoti, kokius duomenis apie Jus saugome;<br data-start=\"1397\" data-end=\"1400\" \/>Pra\u0161yti i\u0161taisyti arba i\u0161trinti J\u016bs\u0173 duomenis;<br data-start=\"1453\" data-end=\"1456\" \/>Atsisakyti rinkodaros prane\u0161im\u0173;<br data-start=\"1495\" data-end=\"1498\" \/>Pateikti skund\u0105 Valstybinei duomen\u0173 apsaugos inspekcijai, jei manote, kad J\u016bs\u0173 teis\u0117s buvo pa\u017eeistos.<\/p><h3 data-start=\"1615\" data-end=\"1646\"><strong data-start=\"1619\" data-end=\"1644\">5. Slapukai (cookies)<\/strong><\/h3><p data-start=\"1647\" data-end=\"1768\">Svetain\u0117je naudojame slapukus, kad pagerintume J\u016bs\u0173 nar\u0161ymo patirt\u012f. Galite valdyti slapuk\u0173 nustatymus savo nar\u0161ykl\u0117je.<\/p><h3 data-start=\"1775\" data-end=\"1804\"><strong data-start=\"1779\" data-end=\"1802\">6. Kaip susisiekti?<\/strong><\/h3><p data-start=\"1805\" data-end=\"1963\">Jei turite klausim\u0173 apie savo asmens duomenis, kreipkit\u0117s:<br data-start=\"1863\" data-end=\"1866\" \/><strong data-start=\"1869\" data-end=\"1884\">El. pa\u0161tas:<\/strong> info@liofis.lt<br data-start=\"1913\" data-end=\"1916\" \/><strong data-start=\"1919\" data-end=\"1933\">Telefonas:<\/strong> +37061590643<br \/><strong>Adresas:<\/strong> Ateities g., Gervin\u0117s k., LT-60197 Raseini\u0173 r.<\/p><p data-start=\"1965\" data-end=\"2062\"><strong data-start=\"1968\" data-end=\"2060\">Privatumo politika gali b\u016bti atnaujinta, tod\u0117l rekomenduojame periodi\u0161kai j\u0105 per\u017ei\u016br\u0117ti.<\/strong><\/p><p data-start=\"2064\" data-end=\"2099\" data-is-last-node=\"\"><strong data-start=\"2067\" data-end=\"2096\">R\u016bpinam\u0117s J\u016bs\u0173 privatumu!<\/strong>\u00a0<\/p>\t\t\t\t\t\t\t\t<\/div>\n\t\t\t\t\t<\/div>\n\t\t\t\t<\/div>\n\t\t\t\t<\/div>","protected":false},"excerpt":{"rendered":"<p>Privatumo politika MB &#8222;LIOFIS&#8221; \u012f.k. 306701114 gerbia J\u016bs\u0173 privatum\u0105 ir \u012fsipareigoja u\u017etikrinti, kad J\u016bs\u0173 asmens duomenys b\u016bt\u0173 tvarkomi saugiai ir atsakingai. \u0160ioje privatumo politikoje paai\u0161kinama, kokius duomenis renkame, kaip juos naudojame ir saugome. 1. Kokius duomenis renkame? Mes renkame \u0161iuos duomenis:Kontaktinius duomenis (vardas, pavard\u0117, el. pa\u0161to adresas, telefono numeris);Pristatymo duomenis (adresas, pa\u0161to kodas);Mok\u0117jimo informacij\u0105 (banko [&hellip;]<\/p>","protected":false},"author":1,"featured_media":0,"parent":0,"menu_order":0,"comment_status":"closed","ping_status":"closed","template":"","meta":{"_seopress_robots_primary_cat":"","_seopress_titles_title":"","_seopress_titles_desc":"","_seopress_robots_index":"","footnotes":""},"class_list":["post-552","page","type-page","status-publish","hentry"],"_links":{"self":[{"href":"https:\/\/liofis.lt\/en\/wp-json\/wp\/v2\/pages\/552","targetHints":{"allow":["GET"]}}],"collection":[{"href":"https:\/\/liofis.lt\/en\/wp-json\/wp\/v2\/pages"}],"about":[{"href":"https:\/\/liofis.lt\/en\/wp-json\/wp\/v2\/types\/page"}],"author":[{"embeddable":true,"href":"https:\/\/liofis.lt\/en\/wp-json\/wp\/v2\/users\/1"}],"replies":[{"embeddable":true,"href":"https:\/\/liofis.lt\/en\/wp-json\/wp\/v2\/comments?post=552"}],"version-history":[{"count":16,"href":"https:\/\/liofis.lt\/en\/wp-json\/wp\/v2\/pages\/552\/revisions"}],"predecessor-version":[{"id":1927,"href":"https:\/\/liofis.lt\/en\/wp-json\/wp\/v2\/pages\/552\/revisions\/1927"}],"wp:attachment":[{"href":"https:\/\/liofis.lt\/en\/wp-json\/wp\/v2\/media?parent=552"}],"curies":[{"name":"wp","href":"https:\/\/api.w.org\/{rel}","templated":true}]}}