{"id":721,"date":"2025-02-12T17:20:43","date_gmt":"2025-02-12T15:20:43","guid":{"rendered":"https:\/\/liofis.lt\/?page_id=721"},"modified":"2025-03-19T22:30:59","modified_gmt":"2025-03-19T20:30:59","slug":"krepselis","status":"publish","type":"page","link":"https:\/\/liofis.lt\/en\/krepselis\/","title":{"rendered":"Krep\u0161elis"},"content":{"rendered":"<div data-elementor-type=\"wp-page\" data-elementor-id=\"721\" class=\"elementor elementor-721\" data-elementor-post-type=\"page\">\n\t\t\t\t<div class=\"elementor-element elementor-element-d9e6f41 e-transform e-flex e-con-boxed elementor-invisible e-con e-parent\" data-id=\"d9e6f41\" data-element_type=\"container\" data-settings=\"{&quot;animation&quot;:&quot;fadeIn&quot;,&quot;animation_delay&quot;:1000,&quot;background_background&quot;:&quot;classic&quot;,&quot;_transform_scale_effect&quot;:{&quot;unit&quot;:&quot;px&quot;,&quot;size&quot;:0.95,&quot;sizes&quot;:[]},&quot;_transform_scale_effect_tablet&quot;:{&quot;unit&quot;:&quot;px&quot;,&quot;size&quot;:&quot;&quot;,&quot;sizes&quot;:[]},&quot;_transform_scale_effect_mobile&quot;:{&quot;unit&quot;:&quot;px&quot;,&quot;size&quot;:&quot;&quot;,&quot;sizes&quot;:[]}}\">\n\t\t\t\t\t<div class=\"e-con-inner\">\n\t\t\t\t\t<\/div>\n\t\t\t\t<\/div>\n\t\t\t\t<\/div>","protected":false},"excerpt":{"rendered":"<p>Pa\u0161alinti prek\u0119 Thumbnail image Produktas Kaina Kiekis Suma &times; Vingioryk\u0161t\u0117s arbata &#8211; gamtos harmonija 2.55&nbsp;&euro; produkto kiekis: Vingioryk\u0161t\u0117s arbata &#8211; gamtos harmonija 2.55&nbsp;&euro; Krep\u0161elio santrauka Suma 2.55&nbsp;&euro; Pristatymas LP Express Pa\u0161tomatai: 3.00&nbsp;&euro; LP Express Kurjeris: 7.00&nbsp;&euro; Pristatymas \u012f P. Vileisio g. 14-7, Kaunas, 44158. Viso 5.55&nbsp;&euro; Pereiti prie apmok\u0117jimo<\/p>","protected":false},"author":1,"featured_media":0,"parent":0,"menu_order":0,"comment_status":"closed","ping_status":"closed","template":"","meta":{"_seopress_robots_primary_cat":"","_seopress_titles_title":"","_seopress_titles_desc":"","_seopress_robots_index":"","footnotes":""},"class_list":["post-721","page","type-page","status-publish","hentry"],"_links":{"self":[{"href":"https:\/\/liofis.lt\/en\/wp-json\/wp\/v2\/pages\/721","targetHints":{"allow":["GET"]}}],"collection":[{"href":"https:\/\/liofis.lt\/en\/wp-json\/wp\/v2\/pages"}],"about":[{"href":"https:\/\/liofis.lt\/en\/wp-json\/wp\/v2\/types\/page"}],"author":[{"embeddable":true,"href":"https:\/\/liofis.lt\/en\/wp-json\/wp\/v2\/users\/1"}],"replies":[{"embeddable":true,"href":"https:\/\/liofis.lt\/en\/wp-json\/wp\/v2\/comments?post=721"}],"version-history":[{"count":46,"href":"https:\/\/liofis.lt\/en\/wp-json\/wp\/v2\/pages\/721\/revisions"}],"predecessor-version":[{"id":1869,"href":"https:\/\/liofis.lt\/en\/wp-json\/wp\/v2\/pages\/721\/revisions\/1869"}],"wp:attachment":[{"href":"https:\/\/liofis.lt\/en\/wp-json\/wp\/v2\/media?parent=721"}],"curies":[{"name":"wp","href":"https:\/\/api.w.org\/{rel}","templated":true}]}}