{"id":1429,"date":"2025-03-10T09:28:15","date_gmt":"2025-03-10T07:28:15","guid":{"rendered":"https:\/\/liofis.lt\/?post_type=product&#038;p=1429"},"modified":"2026-03-20T23:23:47","modified_gmt":"2026-03-20T21:23:47","slug":"avieciu-karalyste","status":"publish","type":"product","link":"https:\/\/liofis.lt\/en\/liofis-parduotuve\/visos-prekes\/avieciu-karalyste\/","title":{"rendered":"Liofilizuotos aviet\u0117s"},"content":{"rendered":"<h4 data-start=\"65\" data-end=\"139\"><strong data-start=\"70\" data-end=\"137\">Avie\u010di\u0173 Karalyst\u0117 \u2013 Liofilizuotos Aviet\u0117s: Skonis, Kuris Valdo!<\/strong><\/h4>\n<p data-start=\"140\" data-end=\"455\">\u0160velnios, kvapnios ir tra\u0161kios \u2013 lyg k\u0105 tik nuskintos i\u0161 vasaros sodo.<br data-start=\"542\" data-end=\"545\" \/>\u201eAvie\u010di\u0173 karalyst\u0117\u201c \u2013 tai tikr\u0173 uog\u0173 istorija, kurioje dera saldumas, lengva r\u016bg\u0161tel\u0117 ir nat\u016bralus aromatas.<br data-start=\"653\" data-end=\"656\" \/>Kiekvienas k\u0105snelis \u2013 ma\u017eas d\u017eiaugsmo pli\u016bpsnis, tarsi vasaros rytas u\u017edarytas pakelyje.<\/p>\n<p data-start=\"457\" data-end=\"536\">\u2714<strong> 100 % aviet\u0117s.<\/strong><br data-start=\"484\" data-end=\"487\" \/>\u2714<strong> Nat\u016braliai tra\u0161kios ir vaisi\u0161kai kvapnios.<\/strong><br data-start=\"507\" data-end=\"510\" \/>\u2714 <strong>Lengvas u\u017ekandis visiems met\u0173 laikams.<\/strong><\/p>\n<h3 data-start=\"848\" data-end=\"877\"><strong data-start=\"852\" data-end=\"875\">\ud83d\udc96 Skonis, kuris Karaliauja poj\u016b\u010diuose.\u00a0<\/strong><\/h3>\n<p data-start=\"878\" data-end=\"1071\">Aviet\u0117s sukuria harmoning\u0105 saldumo ir r\u016bg\u0161tel\u0117s balans\u0105 \u2013 subtil\u0173, bet i\u0161rai\u0161king\u0105.<br data-start=\"1030\" data-end=\"1033\" \/>Tai skonis, kuris tarsi karalien\u0117, subtiliai u\u017evaldo poj\u016b\u010dius ir palieka \u0161veln\u0173 vasaros prisiminim\u0105.<\/p>\n<h3 data-start=\"1078\" data-end=\"1105\"><strong data-start=\"1082\" data-end=\"1103\">\ud83c\udf7d\ufe0f Panaudojimas:<\/strong><\/h3>\n<p data-start=\"1106\" data-end=\"1307\">Puikus <strong data-start=\"1115\" data-end=\"1127\">u\u017ekandis<\/strong> vienas arba su rie\u0161utais<br data-start=\"1152\" data-end=\"1155\" \/><strong data-start=\"1158\" data-end=\"1174\">Paskaninkite<\/strong> jogurt\u0105, ko\u0161es ar var\u0161k\u0119<br data-start=\"1199\" data-end=\"1202\" \/><strong data-start=\"1205\" data-end=\"1218\">Naudokite<\/strong> kepiniams, desertams ir glotnu\u010diams<br data-start=\"1254\" data-end=\"1257\" \/><strong data-start=\"1260\" data-end=\"1277\">Praturtinkite<\/strong> arbatas ar naminius g\u0117rimus<\/p>\n<h3 data-start=\"1314\" data-end=\"1350\"><strong data-start=\"1318\" data-end=\"1348\">\ud83d\udce6 Laikymas ir \u012epakavimas:<\/strong><\/h3>\n<p data-start=\"1351\" data-end=\"1592\"><strong>Laikyti sausoje, v\u0117sioje vietoje<\/strong>, atokiau nuo tiesiogini\u0173 saul\u0117s spinduli\u0173.<strong data-start=\"1362\" data-end=\"1390\"><br data-start=\"1617\" data-end=\"1620\" \/><\/strong> Jei pakuot\u0117 liko atidaryta \u2013 galima laikyti \u0161aldytuve, kad uogos i\u0161likt\u0173 tra\u0161kios.<br data-start=\"1486\" data-end=\"1489\" \/><strong data-start=\"1491\" data-end=\"1512\">Galiojimo laikas:<\/strong> nurodoma ant pakuot\u0117s<br data-start=\"1520\" data-end=\"1523\" \/><strong data-start=\"1526\" data-end=\"1547\">Pakuot\u0117s dyd\u017eiai:<\/strong> 25 g\u00a0<br data-start=\"1559\" data-end=\"1562\" \/><strong data-start=\"1567\" data-end=\"1590\">Pagaminta Lietuvoje<\/strong><\/p>\n<p data-start=\"1594\" data-end=\"1679\">Netinka \u017emon\u0117ms, turintiems alergij\u0105 aviet\u0117ms.<\/p>\n<p data-start=\"1681\" data-end=\"1747\"><strong>\u201eAvie\u010di\u0173 karalyst\u0117\u201c \u2013 kiekviena uoga \u010dia turi savo sost\u0105, o kiekvienas k\u0105snis \u2013 savo ma\u017e\u0105 vald\u017ei\u0105 poj\u016b\u010diuose.<\/strong><\/p>","protected":false},"excerpt":{"rendered":"<p>Avie\u010di\u0173 karalyst\u0117<\/p>","protected":false},"featured_media":1432,"comment_status":"open","ping_status":"closed","template":"","meta":{"_seopress_robots_primary_cat":"none","_seopress_titles_title":"Avie\u010di\u0173 Karalyst\u0117 \u2013 100 % Nat\u016bralios Liofilizuotos Aviet\u0117s","_seopress_titles_desc":"Atraskite liofilizuotas avietes i\u0161 Avie\u010di\u0173 Karalyst\u0117s! Be prid\u0117tinio cukraus, kupinos vitamin\u0173 ir tra\u0161kios. Puikus u\u017ekandis ar priedas desertams!","_seopress_robots_index":""},"product_brand":[],"product_cat":[15,32],"product_tag":[45,46],"class_list":{"0":"post-1429","1":"product","2":"type-product","3":"status-publish","4":"has-post-thumbnail","6":"product_cat-visos-prekes","7":"product_cat-liofilizuoti-produktai","8":"product_tag-avietes","9":"product_tag-raspberry","11":"first","12":"instock","13":"shipping-taxable","14":"purchasable","15":"product-type-simple"},"_links":{"self":[{"href":"https:\/\/liofis.lt\/en\/wp-json\/wp\/v2\/product\/1429","targetHints":{"allow":["GET"]}}],"collection":[{"href":"https:\/\/liofis.lt\/en\/wp-json\/wp\/v2\/product"}],"about":[{"href":"https:\/\/liofis.lt\/en\/wp-json\/wp\/v2\/types\/product"}],"replies":[{"embeddable":true,"href":"https:\/\/liofis.lt\/en\/wp-json\/wp\/v2\/comments?post=1429"}],"wp:featuredmedia":[{"embeddable":true,"href":"https:\/\/liofis.lt\/en\/wp-json\/wp\/v2\/media\/1432"}],"wp:attachment":[{"href":"https:\/\/liofis.lt\/en\/wp-json\/wp\/v2\/media?parent=1429"}],"wp:term":[{"taxonomy":"product_brand","embeddable":true,"href":"https:\/\/liofis.lt\/en\/wp-json\/wp\/v2\/product_brand?post=1429"},{"taxonomy":"product_cat","embeddable":true,"href":"https:\/\/liofis.lt\/en\/wp-json\/wp\/v2\/product_cat?post=1429"},{"taxonomy":"product_tag","embeddable":true,"href":"https:\/\/liofis.lt\/en\/wp-json\/wp\/v2\/product_tag?post=1429"}],"curies":[{"name":"wp","href":"https:\/\/api.w.org\/{rel}","templated":true}]}}