{"id":1510,"date":"2025-03-13T18:20:10","date_gmt":"2025-03-13T16:20:10","guid":{"rendered":"https:\/\/liofis.lt\/?post_type=product&#038;p=1510"},"modified":"2026-01-24T18:37:52","modified_gmt":"2026-01-24T16:37:52","slug":"silauogiu-visata","status":"publish","type":"product","link":"https:\/\/liofis.lt\/en\/liofis-parduotuve\/visos-prekes\/silauogiu-visata\/","title":{"rendered":"Liofilizuotos \u0161ilauog\u0117s"},"content":{"rendered":"<h3 data-start=\"0\" data-end=\"76\"><strong data-start=\"4\" data-end=\"74\">\u0160ilauogi\u0173 Visata \u2013 Tikro Skonio Platyb\u0117s.<\/strong><\/h3>\n<p data-start=\"99\" data-end=\"456\">\u201e\u0160ilauogi\u0173 visata\u201c \u2013 tai kelion\u0117 \u012f \u0161veln\u0173, nat\u016bral\u0173 ir vaisi\u0161kai gaiv\u0173 skon\u012f.<br data-start=\"404\" data-end=\"407\" \/>Kiekviena liofilizuota uoga i\u0161laiko savo spalv\u0105, aromat\u0105 ir tikr\u0105j\u0105 gamtos prigimt\u012f.<br data-start=\"491\" data-end=\"494\" \/>Tra\u0161kios, lengvos ir vaisi\u0161kai sald\u017eios \u2013 \u0161ilauog\u0117s \u010dia atsiskleid\u017eia taip, lyg k\u0105 tik nuskintos i\u0161 vasaros kr\u016bmo.<\/p>\n<p data-start=\"458\" data-end=\"616\">\u2714 <strong data-start=\"460\" data-end=\"516\">100 % \u0161ilauog\u0117s\u00a0<\/strong><br data-start=\"516\" data-end=\"519\" \/>\u2714 <strong data-start=\"521\" data-end=\"566\">Tra\u0161kios, lengvos ir pilnos skonio<\/strong><br data-start=\"566\" data-end=\"569\" \/>\u2714 <strong data-start=\"571\" data-end=\"614\">Puikus u\u017ekandis bet kuriuo metu<\/strong><\/p>\n<h2 data-start=\"747\" data-end=\"796\"><strong data-start=\"753\" data-end=\"796\">Skonis, kuris ple\u010dia poj\u016b\u010di\u0173 horizontus<\/strong><\/h2>\n<p data-start=\"798\" data-end=\"1028\">Kiekvienas k\u0105snelis \u2013 tarsi nedidel\u0117 visatos dalel\u0117, kvie\u010dianti patirti nat\u016brali\u0105 saldyb\u0119 ir lengv\u0105, gaivi\u0105 r\u016bg\u0161tel\u0119.<br data-start=\"915\" data-end=\"918\" \/>\u0160ilauogi\u0173 skonis \u0161velnus, bet charakteringas \u2013 primenantis vasari\u0161k\u0105 or\u0105, l\u0117t\u0105 ryt\u0105 ir rankomis rinktas uogas.<\/p>\n<h3 data-start=\"1220\" data-end=\"1247\"><strong data-start=\"1224\" data-end=\"1245\">Kaip Vartoti?<\/strong><\/h3>\n<p data-start=\"1248\" data-end=\"1451\"><strong data-start=\"1251\" data-end=\"1270\">Puikus u\u017ekandis<\/strong> vienas arba su rie\u0161utais<br data-start=\"1295\" data-end=\"1298\" \/><strong data-start=\"1301\" data-end=\"1317\">Paskaninkite<\/strong> ko\u0161es, jogurt\u0105 ar var\u0161k\u0119<br data-start=\"1342\" data-end=\"1345\" \/><strong data-start=\"1348\" data-end=\"1361\">Naudokite<\/strong> kepiniams, desertams ar glotnu\u010diams<br data-start=\"1397\" data-end=\"1400\" \/><strong data-start=\"1403\" data-end=\"1449\">Prid\u0117kite \u012f arbatas ar naminius kokteilius<\/strong><\/p>\n<h3 data-start=\"1458\" data-end=\"1493\"><strong data-start=\"1462\" data-end=\"1491\">\ud83d\udce6 Laikymas ir \u012epakavimas<\/strong><\/h3>\n<p data-start=\"1494\" data-end=\"1753\"><strong data-start=\"1497\" data-end=\"1527\">Laikyti sandariai u\u017edaryt\u0105<\/strong> sausoje, v\u0117sioje vietoje.<br data-start=\"1647\" data-end=\"1650\" \/><strong data-start=\"1652\" data-end=\"1673\">Galiojimo laikas:<\/strong> Nurodoma ant gaminio pakuot\u0117s<br data-start=\"1681\" data-end=\"1684\" \/><strong data-start=\"1687\" data-end=\"1708\">Pakuot\u0117s dyd\u017eiai:<\/strong> 30 g<br data-start=\"1720\" data-end=\"1723\" \/><strong data-start=\"1728\" data-end=\"1751\">Pagaminta Lietuvoje<\/strong><\/p>\n<p data-start=\"1755\" data-end=\"1840\"><strong data-start=\"1758\" data-end=\"1838\">Netinka \u017emon\u0117ms, turintiems alergij\u0105 \u0161ilauog\u0117ms.<\/strong><\/p>\n<p data-start=\"1755\" data-end=\"1840\">\u201e\u0160ilauogi\u0173 visata\u201c \u2013 tai ma\u017eas nat\u016bralumo atradimas, kur kiekviena uoga turi savo istorij\u0105.<\/p>","protected":false},"excerpt":{"rendered":"<p>\u0160ilauogi\u0173 visata<\/p>","protected":false},"featured_media":1513,"comment_status":"open","ping_status":"closed","template":"","meta":{"_seopress_robots_primary_cat":"none","_seopress_titles_title":"Liofilizuotos \u0160ilauog\u0117s \u2013 Nat\u016bralios, Be Cukraus","_seopress_titles_desc":"M\u0117gaukit\u0117s liofilizuotomis \u0161ilauog\u0117miss \u2013 be prid\u0117tinio cukraus, kupinomis vitamin\u0173 ir antioksidant\u0173. Tra\u0161kus, sveikas u\u017ekandis bet kuriuo metu!","_seopress_robots_index":""},"product_brand":[],"product_cat":[15,32],"product_tag":[50],"class_list":{"0":"post-1510","1":"product","2":"type-product","3":"status-publish","4":"has-post-thumbnail","6":"product_cat-visos-prekes","7":"product_cat-liofilizuoti-produktai","8":"product_tag-silauoges","10":"first","11":"instock","12":"shipping-taxable","13":"purchasable","14":"product-type-simple"},"_links":{"self":[{"href":"https:\/\/liofis.lt\/en\/wp-json\/wp\/v2\/product\/1510","targetHints":{"allow":["GET"]}}],"collection":[{"href":"https:\/\/liofis.lt\/en\/wp-json\/wp\/v2\/product"}],"about":[{"href":"https:\/\/liofis.lt\/en\/wp-json\/wp\/v2\/types\/product"}],"replies":[{"embeddable":true,"href":"https:\/\/liofis.lt\/en\/wp-json\/wp\/v2\/comments?post=1510"}],"wp:featuredmedia":[{"embeddable":true,"href":"https:\/\/liofis.lt\/en\/wp-json\/wp\/v2\/media\/1513"}],"wp:attachment":[{"href":"https:\/\/liofis.lt\/en\/wp-json\/wp\/v2\/media?parent=1510"}],"wp:term":[{"taxonomy":"product_brand","embeddable":true,"href":"https:\/\/liofis.lt\/en\/wp-json\/wp\/v2\/product_brand?post=1510"},{"taxonomy":"product_cat","embeddable":true,"href":"https:\/\/liofis.lt\/en\/wp-json\/wp\/v2\/product_cat?post=1510"},{"taxonomy":"product_tag","embeddable":true,"href":"https:\/\/liofis.lt\/en\/wp-json\/wp\/v2\/product_tag?post=1510"}],"curies":[{"name":"wp","href":"https:\/\/api.w.org\/{rel}","templated":true}]}}