{"id":1514,"date":"2025-03-13T18:27:14","date_gmt":"2025-03-13T16:27:14","guid":{"rendered":"https:\/\/liofis.lt\/?post_type=product&#038;p=1514"},"modified":"2026-03-20T23:23:01","modified_gmt":"2026-03-20T21:23:01","slug":"melyniu-gaiva","status":"publish","type":"product","link":"https:\/\/liofis.lt\/en\/liofis-parduotuve\/visos-prekes\/melyniu-gaiva\/","title":{"rendered":"Liofilizuotos m\u0117lyn\u0117s"},"content":{"rendered":"<p data-start=\"102\" data-end=\"412\">Atraskite <strong data-start=\"112\" data-end=\"129\">M\u0117lyni\u0173 Gaiv\u0105<\/strong> \u2013 <strong data-start=\"132\" data-end=\"198\">tra\u0161kias, nat\u016bralias ir skonio kupinas liofilizuotas m\u0117lynes<\/strong>, kurios atgaivins j\u016bs\u0173 skonio receptorius! \ud83e\uded0\u2744\ufe0f Liofilizacijos proceso d\u0117ka jos <strong data-start=\"279\" data-end=\"313\">i\u0161laiko visas ger\u0105sias savybes<\/strong>, tod\u0117l kiekvienas k\u0105snelis <strong data-start=\"341\" data-end=\"409\">primena vasaros mi\u0161ko uogas, pilnas gaivos ir nat\u016bralaus saldumo<\/strong>.<\/p>\n<p data-start=\"414\" data-end=\"578\">\u2714 <strong data-start=\"416\" data-end=\"483\">100 % nat\u016bralios m\u0117lyn\u0117s \u2013 be prid\u0117tinio cukraus ir konservant\u0173<\/strong><br data-start=\"483\" data-end=\"486\" \/>\u2714 <strong data-start=\"488\" data-end=\"528\">Tra\u0161kios, lengvos ir pilnos vitamin\u0173<\/strong><br data-start=\"528\" data-end=\"531\" \/>\u2714<strong> U\u017ekandis bet kuriuo paros metu!<\/strong><\/p>\n<h3 data-start=\"923\" data-end=\"970\"><strong data-start=\"927\" data-end=\"968\">\ud83d\udc96 Skonis, Kuris Sukelia Prisiminimus<\/strong><\/h3>\n<p data-start=\"971\" data-end=\"1146\">\ud83c\udf3f <strong data-start=\"974\" data-end=\"1012\">Lyg gaivus gurk\u0161nis mi\u0161ko tyruose!<\/strong> Kiekvienas tra\u0161kus k\u0105snelis <strong data-start=\"1041\" data-end=\"1086\">primena vaikyst\u0117je rankomis rinktas uogas<\/strong>, suteikdamas <strong data-start=\"1100\" data-end=\"1143\">malon\u0173 lengvumo poj\u016bt\u012f ir ger\u0105 nuotaik\u0105<\/strong>.<\/p>\n<h3 data-start=\"1153\" data-end=\"1180\"><strong data-start=\"1157\" data-end=\"1178\">\ud83c\udf7d\ufe0f Kaip Vartoti?<\/strong><\/h3>\n<p data-start=\"1181\" data-end=\"1388\">\ud83e\uded0 <strong data-start=\"1184\" data-end=\"1203\">Puikus u\u017ekandis<\/strong> vienas arba su rie\u0161utais<br data-start=\"1228\" data-end=\"1231\" \/>\ud83e\udd63 <strong data-start=\"1234\" data-end=\"1248\">Gardinkite<\/strong> pusry\u010di\u0173 ko\u0161es, jogurt\u0105 ar var\u0161k\u0119<br data-start=\"1282\" data-end=\"1285\" \/>\ud83c\udf70 <strong data-start=\"1288\" data-end=\"1301\">Naudokite<\/strong> glotnu\u010diams, kepiniams ar desertams<br data-start=\"1337\" data-end=\"1340\" \/>\ud83c\udf79 <strong data-start=\"1343\" data-end=\"1386\">Prid\u0117kite \u012f naminius g\u0117rimus ar arbatas<\/strong><\/p>\n<h3 data-start=\"1395\" data-end=\"1430\"><strong data-start=\"1399\" data-end=\"1428\">\ud83d\udce6 Laikymas ir \u012epakavimas<\/strong><\/h3>\n<p data-start=\"1431\" data-end=\"1690\">\ud83d\udccd <strong data-start=\"1434\" data-end=\"1464\">Laikyti sandariai u\u017edaryt\u0105<\/strong> sausoje, v\u0117sioje vietoje.<br data-start=\"1490\" data-end=\"1493\" \/>\ud83d\udccd Po atidarymo rekomenduojama laikyti <strong data-start=\"1532\" data-end=\"1545\">\u0161aldytuve<\/strong>, kad i\u0161likt\u0173 <strong data-start=\"1559\" data-end=\"1583\">tra\u0161kios ir \u0161vie\u017eios<\/strong>.<br data-start=\"1584\" data-end=\"1587\" \/>\u23f3 <strong data-start=\"1589\" data-end=\"1610\">Galiojimo laikas:<\/strong>\u00a0 nurodoma ant pakuot\u0117s<br data-start=\"1618\" data-end=\"1621\" \/>\ud83d\udccf <strong data-start=\"1624\" data-end=\"1645\">Pakuot\u0117s dyd\u017eiai:<\/strong> 20 g<br data-start=\"1657\" data-end=\"1660\" \/>\ud83c\uddf1\ud83c\uddf9 <strong data-start=\"1665\" data-end=\"1688\">Pagaminta Lietuvoje<\/strong><\/p>\n<p data-start=\"1692\" data-end=\"1777\"><strong data-start=\"1695\" data-end=\"1775\">\u00a0Netinka \u017emon\u0117ms, turintiems alergij\u0105 m\u0117lyn\u0117ms.<\/strong><\/p>\n<p data-start=\"1779\" data-end=\"1846\">\u2744\ufe0f <strong data-start=\"1782\" data-end=\"1840\">Pasinerkite \u012f M\u0117lyni\u0173 Gaiv\u0105 \u2013 nat\u016bral\u0173 ir gaiv\u0173 skon\u012f!<\/strong> \ud83e\uded0\u2728<\/p>\n<p data-start=\"1779\" data-end=\"1846\">","protected":false},"excerpt":{"rendered":"<p>M\u0117lyni\u0173 gaiva<\/p>","protected":false},"featured_media":1517,"comment_status":"open","ping_status":"closed","template":"","meta":{"_seopress_robots_primary_cat":"none","_seopress_titles_title":"Liofilizuotos M\u0117lyn\u0117s \u2013 Nat\u016bralios, Be Cukraus","_seopress_titles_desc":"M\u0117gaukit\u0117s liofilizuotomis m\u0117lyn\u0117mis \u2013 be prid\u0117tinio cukraus, kupinomis vitamin\u0173 ir antioksidant\u0173. Sveikas u\u017ekandis bet kuriuo metu!","_seopress_robots_index":""},"product_brand":[],"product_cat":[15,32],"product_tag":[49],"class_list":{"0":"post-1514","1":"product","2":"type-product","3":"status-publish","4":"has-post-thumbnail","6":"product_cat-visos-prekes","7":"product_cat-liofilizuoti-produktai","8":"product_tag-melynes","10":"first","11":"outofstock","12":"shipping-taxable","13":"purchasable","14":"product-type-simple"},"_links":{"self":[{"href":"https:\/\/liofis.lt\/en\/wp-json\/wp\/v2\/product\/1514","targetHints":{"allow":["GET"]}}],"collection":[{"href":"https:\/\/liofis.lt\/en\/wp-json\/wp\/v2\/product"}],"about":[{"href":"https:\/\/liofis.lt\/en\/wp-json\/wp\/v2\/types\/product"}],"replies":[{"embeddable":true,"href":"https:\/\/liofis.lt\/en\/wp-json\/wp\/v2\/comments?post=1514"}],"wp:featuredmedia":[{"embeddable":true,"href":"https:\/\/liofis.lt\/en\/wp-json\/wp\/v2\/media\/1517"}],"wp:attachment":[{"href":"https:\/\/liofis.lt\/en\/wp-json\/wp\/v2\/media?parent=1514"}],"wp:term":[{"taxonomy":"product_brand","embeddable":true,"href":"https:\/\/liofis.lt\/en\/wp-json\/wp\/v2\/product_brand?post=1514"},{"taxonomy":"product_cat","embeddable":true,"href":"https:\/\/liofis.lt\/en\/wp-json\/wp\/v2\/product_cat?post=1514"},{"taxonomy":"product_tag","embeddable":true,"href":"https:\/\/liofis.lt\/en\/wp-json\/wp\/v2\/product_tag?post=1514"}],"curies":[{"name":"wp","href":"https:\/\/api.w.org\/{rel}","templated":true}]}}