{"id":1525,"date":"2025-03-13T18:37:06","date_gmt":"2025-03-13T16:37:06","guid":{"rendered":"https:\/\/liofis.lt\/?post_type=product&#038;p=1525"},"modified":"2026-03-19T19:09:51","modified_gmt":"2026-03-19T17:09:51","slug":"sausmedzio-uogos","status":"publish","type":"product","link":"https:\/\/liofis.lt\/en\/liofis-parduotuve\/visos-prekes\/sausmedzio-uogos\/","title":{"rendered":"Liofilizuotos sausmed\u017eio uogos"},"content":{"rendered":"<h3 data-start=\"0\" data-end=\"59\"><strong data-start=\"4\" data-end=\"57\">Sausmed\u017eio Uogos \u2013 <\/strong><strong data-start=\"291\" data-end=\"373\">Ry\u0161kus Skonio Atradimas\u00a0<\/strong><\/h3>\n<p data-start=\"375\" data-end=\"648\">\u201eGurmano nuotykiai\u201c \u2013 tai kvietimas leistis \u012f i\u0161skirtin\u012f skoni\u0173 pasaul\u012f, kur kiekviena sausmed\u017eio uoga tampa ma\u017eu atradimu.<br data-start=\"498\" data-end=\"501\" \/>Ry\u0161kios, lengvai r\u016bg\u0161tel\u0117jusios ir vaisi\u0161kai sald\u017eios, jos atskleid\u017eia laukin\u0117s gamtos charakter\u012f ir suteikia poj\u016b\u010di\u0173 \u017eaism\u0105 kiekviename k\u0105snelyje.<\/p>\n<p data-start=\"650\" data-end=\"777\">Liofilizacijos procesas i\u0161saugo nat\u016brali\u0105 uog\u0173 spalv\u0105, aromat\u0105 ir tikr\u0105 skon\u012f \u2013 taip j\u016bs ragaujate b\u016btent tai, k\u0105 suk\u016br\u0117 gamta.<\/p>\n<p data-start=\"374\" data-end=\"557\">\u2714 <strong data-start=\"376\" data-end=\"452\">100 % nat\u016bralios sausmed\u017eio uogos\u00a0<\/strong><br data-start=\"452\" data-end=\"455\" \/>\u2714 <strong data-start=\"457\" data-end=\"502\">Gausu skonio<\/strong><br data-start=\"502\" data-end=\"505\" \/>\u2714 <strong data-start=\"507\" data-end=\"555\">Lengvas ir tra\u0161kus u\u017ekandis bet kuriuo metu!<\/strong><\/p>\n<h3 data-start=\"778\" data-end=\"805\"><strong data-start=\"782\" data-end=\"803\">\u00a0Kaip Vartoti?<\/strong><\/h3>\n<p data-start=\"806\" data-end=\"949\"><strong data-start=\"809\" data-end=\"828\">Puikus u\u017ekandis<\/strong> vienas arba su rie\u0161utais<br data-start=\"853\" data-end=\"856\" \/><strong data-start=\"859\" data-end=\"875\">Paskaninkite<\/strong> ko\u0161es, jogurtus ar glotnu\u010dius<br data-start=\"905\" data-end=\"908\" \/><strong data-start=\"911\" data-end=\"924\">Naudokite<\/strong> kepiniams ar desertams<\/p>\n<h2 data-start=\"930\" data-end=\"977\"><strong data-start=\"936\" data-end=\"977\">Skonis, kuris veda \u012f naujus atradimus<\/strong><\/h2>\n<p data-start=\"979\" data-end=\"1232\">Sausmed\u017eio uogos pasi\u017eymi i\u0161skirtiniu saldumo ir r\u016bg\u0161tumo deriniu.<br data-start=\"1045\" data-end=\"1048\" \/>Tai skonis, kuris pa\u017eadina smalsum\u0105, suteikia gaivumo ir primena netik\u0117tus vasaros radinius mi\u0161ke.<br data-start=\"1146\" data-end=\"1149\" \/>\u201eGurmano nuotykiai\u201c \u2013 tai akimirka, kai leidi sau patirti k\u0105 nors kitokio ir tikro.<\/p>\n<h3 data-start=\"956\" data-end=\"991\"><strong data-start=\"960\" data-end=\"989\">\u00a0Laikymas ir \u012epakavimas<\/strong><\/h3>\n<p data-start=\"992\" data-end=\"1157\"><strong data-start=\"995\" data-end=\"1025\">Laikyti sandariai u\u017edaryt\u0105<\/strong> sausoje, v\u0117sioje vietoje.<br data-start=\"1051\" data-end=\"1054\" \/><strong data-start=\"1056\" data-end=\"1077\">Galiojimo laikas:<\/strong> Nurodoma ant gaminio pakuot\u0117s<br data-start=\"1085\" data-end=\"1088\" \/><strong data-start=\"1091\" data-end=\"1112\">Pakuot\u0117s dyd\u017eiai:<\/strong> 33 g<br data-start=\"1124\" data-end=\"1127\" \/><strong data-start=\"1132\" data-end=\"1155\">Pagaminta Lietuvoje<\/strong><\/p>\n<p data-start=\"1159\" data-end=\"1253\"><strong data-start=\"1162\" data-end=\"1251\">Netinka \u017emon\u0117ms, turintiems alergij\u0105 sausmed\u017eio uogoms.<\/strong><\/p>\n<p data-start=\"1255\" data-end=\"1317\">Gurmano nuotykiai\u201c \u2013 kelion\u0117 \u012f nat\u016bral\u0173, ry\u0161k\u0173 ir tikr\u0105 skon\u012f.<\/p>","protected":false},"excerpt":{"rendered":"<p>Gurmano nuotykiai<\/p>","protected":false},"featured_media":1528,"comment_status":"open","ping_status":"closed","template":"","meta":{"_seopress_robots_primary_cat":"none","_seopress_titles_title":"Liofilizuotos Sausmed\u017eio Uogos \u2013 Supermaistas | Be Cukraus","_seopress_titles_desc":"M\u0117gaukit\u0117s liofilizuotomis sausmed\u017eio uogomis \u2013 be prid\u0117tinio cukraus, kupinomis antioksidant\u0173 ir vitamin\u0173.","_seopress_robots_index":""},"product_brand":[],"product_cat":[15,32],"product_tag":[52,51],"class_list":{"0":"post-1525","1":"product","2":"type-product","3":"status-publish","4":"has-post-thumbnail","6":"product_cat-visos-prekes","7":"product_cat-liofilizuoti-produktai","8":"product_tag-sausmedis","9":"product_tag-sausmedzio","11":"first","12":"instock","13":"shipping-taxable","14":"purchasable","15":"product-type-simple"},"_links":{"self":[{"href":"https:\/\/liofis.lt\/en\/wp-json\/wp\/v2\/product\/1525","targetHints":{"allow":["GET"]}}],"collection":[{"href":"https:\/\/liofis.lt\/en\/wp-json\/wp\/v2\/product"}],"about":[{"href":"https:\/\/liofis.lt\/en\/wp-json\/wp\/v2\/types\/product"}],"replies":[{"embeddable":true,"href":"https:\/\/liofis.lt\/en\/wp-json\/wp\/v2\/comments?post=1525"}],"wp:featuredmedia":[{"embeddable":true,"href":"https:\/\/liofis.lt\/en\/wp-json\/wp\/v2\/media\/1528"}],"wp:attachment":[{"href":"https:\/\/liofis.lt\/en\/wp-json\/wp\/v2\/media?parent=1525"}],"wp:term":[{"taxonomy":"product_brand","embeddable":true,"href":"https:\/\/liofis.lt\/en\/wp-json\/wp\/v2\/product_brand?post=1525"},{"taxonomy":"product_cat","embeddable":true,"href":"https:\/\/liofis.lt\/en\/wp-json\/wp\/v2\/product_cat?post=1525"},{"taxonomy":"product_tag","embeddable":true,"href":"https:\/\/liofis.lt\/en\/wp-json\/wp\/v2\/product_tag?post=1525"}],"curies":[{"name":"wp","href":"https:\/\/api.w.org\/{rel}","templated":true}]}}