{"id":1531,"date":"2025-03-13T18:44:25","date_gmt":"2025-03-13T16:44:25","guid":{"rendered":"https:\/\/liofis.lt\/?post_type=product&#038;p=1531"},"modified":"2026-01-24T18:36:52","modified_gmt":"2026-01-24T16:36:52","slug":"medlievu-poliekis","status":"publish","type":"product","link":"https:\/\/liofis.lt\/en\/liofis-parduotuve\/visos-prekes\/medlievu-poliekis\/","title":{"rendered":"Liofilizuotos medlievos"},"content":{"rendered":"<h3 data-start=\"0\" data-end=\"78\"><strong data-start=\"4\" data-end=\"76\">Liofilizuotos Medlievos: Gamtos Skonis Be Rib\u0173!<\/strong><\/h3>\n<h4 data-start=\"80\" data-end=\"100\"><strong data-start=\"85\" data-end=\"98\">Apra\u0161ymas<\/strong><\/h4>\n<p data-start=\"101\" data-end=\"412\">Leiskit\u0117s \u012f <strong data-start=\"113\" data-end=\"132\">Medliev\u0173 Pol\u0117k\u012f<\/strong> \u2013 <strong data-start=\"135\" data-end=\"188\">tra\u0161k\u0173, nat\u016braliai sald\u0173 ir gaiv\u0173 skonio nuotyk\u012f!<\/strong> \ud83c\udf3f\u2600\ufe0f Liofilizacijos d\u0117ka \u0161ios <strong data-start=\"219\" data-end=\"238\">unikalios uogos<\/strong> <strong data-start=\"239\" data-end=\"275\">i\u0161saugo vis\u0105 savo vert\u0119<\/strong>, subtil\u0173 aromat\u0105 ir nat\u016bral\u0173 vaisi\u0173 cukr\u0173. Kiekvienas k\u0105snelis \u2013 <strong data-start=\"341\" data-end=\"409\">lyg vasaros saul\u0117s nubu\u010diuota uoga, kupina energijos ir lengvumo<\/strong>.<\/p>\n<p data-start=\"414\" data-end=\"578\">\u2714 <strong data-start=\"416\" data-end=\"485\">100 % nat\u016bralios medlievos\u00a0<\/strong><br data-start=\"485\" data-end=\"488\" \/>\u2714 <strong data-start=\"490\" data-end=\"534\">Tra\u0161kios, kvapnios ir turtingos skoniu<\/strong><br data-start=\"534\" data-end=\"537\" \/>\u2714 <strong data-start=\"539\" data-end=\"576\">Sveikas u\u017ekandis bet kuriuo metu!<\/strong><\/p>\n<h3 data-start=\"891\" data-end=\"938\"><strong data-start=\"895\" data-end=\"936\">\ud83d\udc96 Skonis, Kuris Sukelia Prisiminimus<\/strong><\/h3>\n<p data-start=\"939\" data-end=\"1167\"><strong data-start=\"942\" data-end=\"1002\">Kiekviena medlieva \u2013 tai ma\u017eas laiko kapsul\u0117s stebuklas!<\/strong> Jos <strong data-start=\"1007\" data-end=\"1039\">saldumas ir subtili tekst\u016bra<\/strong> primena ner\u016bpesting\u0105 vaikyst\u0119, kai kiekviena uoga buvo atradimas. <strong data-start=\"1106\" data-end=\"1165\">Tai daugiau nei u\u017ekandis \u2013 tai akimirka tikro malonumo!<\/strong><\/p>\n<h3 data-start=\"1174\" data-end=\"1201\"><strong data-start=\"1178\" data-end=\"1199\">\ud83c\udf7d\ufe0f Kaip Vartoti?<\/strong><\/h3>\n<p data-start=\"1202\" data-end=\"1426\"><strong data-start=\"1205\" data-end=\"1233\">Tobulas u\u017ekandis<\/strong> tiesiai i\u0161 pakuot\u0117s<br data-start=\"1253\" data-end=\"1256\" \/><strong data-start=\"1259\" data-end=\"1275\">Pagardinkite<\/strong> pusry\u010di\u0173 ko\u0161es, jogurt\u0105 ar var\u0161k\u0119<br data-start=\"1309\" data-end=\"1312\" \/><strong data-start=\"1315\" data-end=\"1328\">Naudokite<\/strong> desertams, kepiniams ar net \u0161okolado gamybai<br data-start=\"1373\" data-end=\"1376\" \/><strong data-start=\"1379\" data-end=\"1424\">Prid\u0117kite \u012f kokteilius ar namines arbatas<\/strong><\/p>\n<h3 data-start=\"1433\" data-end=\"1468\"><strong data-start=\"1437\" data-end=\"1466\">\ud83d\udce6 Laikymas ir \u012epakavimas<\/strong><\/h3>\n<p data-start=\"1469\" data-end=\"1728\"><strong data-start=\"1472\" data-end=\"1502\">Laikyti sandariai u\u017edaryt\u0105<\/strong> sausoje, v\u0117sioje vietoje.<br data-start=\"1622\" data-end=\"1625\" \/><strong data-start=\"1627\" data-end=\"1648\">Galiojimo laikas:<\/strong> nurodoma ant pakuot\u0117s<\/p>\n<p data-start=\"1469\" data-end=\"1728\"><strong data-start=\"1662\" data-end=\"1683\">Pakuot\u0117s dyd\u017eiai:<\/strong> 25 g<br data-start=\"1695\" data-end=\"1698\" \/><strong data-start=\"1703\" data-end=\"1726\">Pagaminta Lietuvoje<\/strong><\/p>\n<p data-start=\"1730\" data-end=\"1817\"><strong data-start=\"1733\" data-end=\"1815\">Netinka \u017emon\u0117ms, turintiems alergij\u0105 medlievoms.<\/strong><\/p>\n<p data-start=\"1819\" data-end=\"1893\"><strong data-start=\"1822\" data-end=\"1889\">Pasinerkite \u012f Medliev\u0173 Pol\u0117k\u012f \u2013 tikr\u0105 nat\u016bralaus skonio skryd\u012f!<\/strong><\/p>","protected":false},"excerpt":{"rendered":"<p>Medliev\u0173 pol\u0117kis<\/p>","protected":false},"featured_media":1534,"comment_status":"open","ping_status":"closed","template":"","meta":{"_seopress_robots_primary_cat":"none","_seopress_titles_title":"Liofilizuotos Medlievos \u2013 Nat\u016bralus Skonis | Medliev\u0173 Pol\u0117kis","_seopress_titles_desc":"Atraskite liofilizuotas medlievas \u2013 be prid\u0117tinio cukraus, kupinas vitamin\u0173 ir antioksidant\u0173. Tra\u0161kus, sveikas u\u017ekandis su nat\u016braliu saldumu!","_seopress_robots_index":""},"product_brand":[],"product_cat":[15,32],"product_tag":[53],"class_list":{"0":"post-1531","1":"product","2":"type-product","3":"status-publish","4":"has-post-thumbnail","6":"product_cat-visos-prekes","7":"product_cat-liofilizuoti-produktai","8":"product_tag-medlievos","10":"first","11":"instock","12":"shipping-taxable","13":"purchasable","14":"product-type-simple"},"_links":{"self":[{"href":"https:\/\/liofis.lt\/en\/wp-json\/wp\/v2\/product\/1531","targetHints":{"allow":["GET"]}}],"collection":[{"href":"https:\/\/liofis.lt\/en\/wp-json\/wp\/v2\/product"}],"about":[{"href":"https:\/\/liofis.lt\/en\/wp-json\/wp\/v2\/types\/product"}],"replies":[{"embeddable":true,"href":"https:\/\/liofis.lt\/en\/wp-json\/wp\/v2\/comments?post=1531"}],"wp:featuredmedia":[{"embeddable":true,"href":"https:\/\/liofis.lt\/en\/wp-json\/wp\/v2\/media\/1534"}],"wp:attachment":[{"href":"https:\/\/liofis.lt\/en\/wp-json\/wp\/v2\/media?parent=1531"}],"wp:term":[{"taxonomy":"product_brand","embeddable":true,"href":"https:\/\/liofis.lt\/en\/wp-json\/wp\/v2\/product_brand?post=1531"},{"taxonomy":"product_cat","embeddable":true,"href":"https:\/\/liofis.lt\/en\/wp-json\/wp\/v2\/product_cat?post=1531"},{"taxonomy":"product_tag","embeddable":true,"href":"https:\/\/liofis.lt\/en\/wp-json\/wp\/v2\/product_tag?post=1531"}],"curies":[{"name":"wp","href":"https:\/\/api.w.org\/{rel}","templated":true}]}}