{"id":1537,"date":"2025-03-13T18:50:17","date_gmt":"2025-03-13T16:50:17","guid":{"rendered":"https:\/\/liofis.lt\/?post_type=product&#038;p=1537"},"modified":"2026-03-19T19:09:51","modified_gmt":"2026-03-19T17:09:51","slug":"smaliziaus-skrydis","status":"publish","type":"product","link":"https:\/\/liofis.lt\/en\/liofis-parduotuve\/visos-prekes\/smaliziaus-skrydis\/","title":{"rendered":"Liofilizuoti juodieji serbentai"},"content":{"rendered":"<h3 data-start=\"0\" data-end=\"90\"><strong data-start=\"4\" data-end=\"88\">Smali\u017eiaus Skrydis \u2013 Liofilizuoti Juodieji Serbentai: Skonio Kelion\u0117 Be Rib\u0173!<\/strong><\/h3>\n<p data-start=\"113\" data-end=\"457\">Leiskit\u0117s \u012f <strong data-start=\"125\" data-end=\"146\">Smali\u017eiaus Skryd\u012f<\/strong> \u2013 \u012f kelion\u0119, kurioje ma\u017eos uogos slepia didel\u012f charakter\u012f!\u00a0<br data-start=\"220\" data-end=\"223\" \/>Lengvai r\u016bg\u0161t\u016bs, tra\u0161k\u016bs ir kupini tikro skonio, \u0161ie juodieji serbentai \u2013 tai nat\u016bralus u\u017ekandis, gim\u0119s i\u0161 gamtos ir \u0161alto d\u017eiovinimo meno.<\/p>\n<p>\u2714 100 % juodieji serbentai<br \/>\n\u2714 Be prid\u0117tinio cukraus ir konservant\u0173<br \/>\n\u2714 I\u0161saugotas nat\u016bralus skonis, spalva ir aromatas<\/p>\n<h3 data-start=\"937\" data-end=\"984\"><strong data-start=\"941\" data-end=\"982\">\ud83d\udc96 Skonis, Kuris Sukelia Prisiminimus<\/strong><\/h3>\n<p data-start=\"937\" data-end=\"984\">Kiekvienas tra\u0161kus k\u0105snelis primena vaikyst\u0119, kai uog\u0173 r\u016bg\u0161tumas sukeldavo malon\u0173 virpul\u012f! Tai u\u017ekandis, kuris ne tik d\u017eiugina skonio receptorius, bet ir \u012fkvepia naujiems nuotykiams!<\/p>\n<h3 data-start=\"1202\" data-end=\"1229\"><strong data-start=\"1206\" data-end=\"1227\">\ud83c\udf7d\ufe0f Kaip Vartoti?<\/strong><\/h3>\n<p data-start=\"1230\" data-end=\"1449\"><strong data-start=\"1233\" data-end=\"1253\">M\u0117gaukit\u0117s vieni<\/strong> \u2013 tra\u0161kus ir intensyvus skonis<br data-start=\"1284\" data-end=\"1287\" \/><strong data-start=\"1290\" data-end=\"1306\">Paskaninkite<\/strong> ko\u0161es, jogurt\u0105 ar var\u0161k\u0119<br data-start=\"1331\" data-end=\"1334\" \/><strong data-start=\"1337\" data-end=\"1350\">Naudokite<\/strong> kepiniams, desertams ar net \u0161okolado gamybai<br data-start=\"1395\" data-end=\"1398\" \/><strong data-start=\"1401\" data-end=\"1447\">Prid\u0117kite \u012f glotnu\u010dius ar naminius g\u0117rim<\/strong><strong data-start=\"1401\" data-end=\"1447\">us<\/strong><\/p>\n<h3 data-start=\"1456\" data-end=\"1491\"><strong data-start=\"1460\" data-end=\"1489\">\ud83d\udce6 Laikymas ir \u012epakavimas<\/strong><\/h3>\n<p data-start=\"1492\" data-end=\"1748\">\u00a0<strong data-start=\"1495\" data-end=\"1525\">Laikyti sandariai u\u017edaryt\u0105<\/strong> sausoje, v\u0117sioje vietoje.<br data-start=\"1551\" data-end=\"1554\" \/>Neu\u017edarius pakuot\u0117s, rekomenduojama laikyti \u0161aldytuve \u2013 tai pad\u0117s i\u0161saugoti uog\u0173<strong data-start=\"1620\" data-end=\"1641\"> tra\u0161kum\u0105.<\/strong><br data-start=\"1642\" data-end=\"1645\" \/><strong data-start=\"1647\" data-end=\"1668\">Galiojimo laikas:<\/strong> Nurodoma ant pakuot\u0117s<br data-start=\"1676\" data-end=\"1679\" \/><strong data-start=\"1682\" data-end=\"1703\">Pakuot\u0117s dyd\u017eiai:<\/strong> 33 g<br data-start=\"1715\" data-end=\"1718\" \/><strong data-start=\"1723\" data-end=\"1746\">Pagaminta Lietuvoje<\/strong><\/p>\n<p data-start=\"1750\" data-end=\"1849\"><strong data-start=\"1753\" data-end=\"1847\">Netinka \u017emon\u0117ms, turintiems alergij\u0105 juodiesiems serbentams.<\/strong><\/p>\n<p data-start=\"1851\" data-end=\"1916\"><strong>Pakilkite \u012f Smali\u017eiaus Skryd\u012f \u2013 u\u017esisakykite dabar!<\/strong><\/p>\n<p data-start=\"1851\" data-end=\"1916\">","protected":false},"excerpt":{"rendered":"<p>Smali\u017eiaus skrydis<\/p>","protected":false},"featured_media":1619,"comment_status":"open","ping_status":"closed","template":"","meta":{"_seopress_robots_primary_cat":"none","_seopress_titles_title":"Liofilizuoti Juodieji Serbentai \u2013 Nat\u016bral\u016bs, Be Cukraus | Smali\u017eiaus Skrydis","_seopress_titles_desc":"Atraskite liofilizuotus juoduosius serbentus \u2013 be prid\u0117tinio cukraus, kupinus vitamino C ir antioksidant\u0173. Tra\u0161kus, energizuojantis u\u017ekandis!","_seopress_robots_index":""},"product_brand":[],"product_cat":[15,32],"product_tag":[55,54],"class_list":{"0":"post-1537","1":"product","2":"type-product","3":"status-publish","4":"has-post-thumbnail","6":"product_cat-visos-prekes","7":"product_cat-liofilizuoti-produktai","8":"product_tag-juodieji","9":"product_tag-serbentai","11":"first","12":"instock","13":"shipping-taxable","14":"purchasable","15":"product-type-simple"},"_links":{"self":[{"href":"https:\/\/liofis.lt\/en\/wp-json\/wp\/v2\/product\/1537","targetHints":{"allow":["GET"]}}],"collection":[{"href":"https:\/\/liofis.lt\/en\/wp-json\/wp\/v2\/product"}],"about":[{"href":"https:\/\/liofis.lt\/en\/wp-json\/wp\/v2\/types\/product"}],"replies":[{"embeddable":true,"href":"https:\/\/liofis.lt\/en\/wp-json\/wp\/v2\/comments?post=1537"}],"wp:featuredmedia":[{"embeddable":true,"href":"https:\/\/liofis.lt\/en\/wp-json\/wp\/v2\/media\/1619"}],"wp:attachment":[{"href":"https:\/\/liofis.lt\/en\/wp-json\/wp\/v2\/media?parent=1537"}],"wp:term":[{"taxonomy":"product_brand","embeddable":true,"href":"https:\/\/liofis.lt\/en\/wp-json\/wp\/v2\/product_brand?post=1537"},{"taxonomy":"product_cat","embeddable":true,"href":"https:\/\/liofis.lt\/en\/wp-json\/wp\/v2\/product_cat?post=1537"},{"taxonomy":"product_tag","embeddable":true,"href":"https:\/\/liofis.lt\/en\/wp-json\/wp\/v2\/product_tag?post=1537"}],"curies":[{"name":"wp","href":"https:\/\/api.w.org\/{rel}","templated":true}]}}