{"id":1548,"date":"2025-03-13T18:59:05","date_gmt":"2025-03-13T16:59:05","guid":{"rendered":"https:\/\/liofis.lt\/?post_type=product&#038;p=1548"},"modified":"2026-01-22T12:36:09","modified_gmt":"2026-01-22T10:36:09","slug":"vysniu-simfonija","status":"publish","type":"product","link":"https:\/\/liofis.lt\/en\/liofis-parduotuve\/visos-prekes\/vysniu-simfonija\/","title":{"rendered":"Liofilizuotos vy\u0161nios"},"content":{"rendered":"<h3 data-start=\"0\" data-end=\"81\"><strong data-start=\"4\" data-end=\"79\">Vy\u0161ni\u0173 Simfonija \u2013 Liofilizuotos Vy\u0161nios: Skonio Harmonija Bet Kada!<\/strong><\/h3>\n<p data-start=\"104\" data-end=\"433\"><strong data-start=\"387\" data-end=\"431\">\u201eVy\u0161ni\u0173 Simfonija\u201c \u2013 <\/strong>tai sald\u017eiar\u016bg\u0161tis nat\u016bralaus skonio koncertas, kuriame dera vasaros \u0161viesa, aromatas ir subtili vy\u0161ni\u0173 gaiva.<br data-start=\"679\" data-end=\"682\" \/>Kiekviena tra\u0161ki liofilizuota vy\u0161nia \u2013 tai ma\u017eas akordas, pripildytas sodraus skonio, kvapo ir spalvos.<br data-start=\"785\" data-end=\"788\" \/>Lengvos, vaisi\u0161kos ir eleganti\u0161kai gaivios \u2013 jos sukurtos tiems, kurie vertina nat\u016bral\u0173 skon\u012f be pried\u0173 ir pertekliaus.!<\/p>\n<p data-start=\"435\" data-end=\"601\">\u2714 <strong data-start=\"437\" data-end=\"493\">100 % nat\u016bralios vy\u0161nios\u00a0<\/strong><br data-start=\"493\" data-end=\"496\" \/>\u2714 <strong data-start=\"498\" data-end=\"548\">Tra\u0161kios ir pilnos skonio<\/strong><br data-start=\"548\" data-end=\"551\" \/>\u2714 <strong data-start=\"553\" data-end=\"599\">Puikus pasirinkimas bet kuriuo paros metu!<\/strong><\/p>\n<h3 data-start=\"943\" data-end=\"990\"><strong data-start=\"947\" data-end=\"988\">\ud83d\udc96 Skonis, Kuris Sukelia Prisiminimus<\/strong><\/h3>\n<p data-start=\"991\" data-end=\"1169\"><strong data-start=\"994\" data-end=\"1050\">Kiekvienas k\u0105snelis \u2013 tai skoni\u0173 simfonijos akordas!<\/strong> Vy\u0161ni\u0173 <strong data-start=\"1058\" data-end=\"1084\">sald\u017eiar\u016bg\u0161tis derinys<\/strong> atgaivina poj\u016b\u010dius ir sukelia <strong data-start=\"1115\" data-end=\"1166\">maloni\u0105 nostalgij\u0105 apie saul\u0117tas vasaros dienas<\/strong>.<\/p>\n<h3 data-start=\"1176\" data-end=\"1203\"><strong data-start=\"1180\" data-end=\"1201\">\ud83c\udf7d\ufe0f Kaip Vartoti?<\/strong><\/h3>\n<p data-start=\"1204\" data-end=\"1434\"><strong data-start=\"1207\" data-end=\"1226\">Puikus u\u017ekandis<\/strong> tiesiai i\u0161 pakuot\u0117s<br data-start=\"1246\" data-end=\"1249\" \/><strong data-start=\"1252\" data-end=\"1269\">Praturtinkite<\/strong> ko\u0161es, jogurt\u0105 ar var\u0161k\u0119<br data-start=\"1294\" data-end=\"1297\" \/><strong data-start=\"1300\" data-end=\"1321\">Eksperimentuokite<\/strong> su s\u016briais ar \u0161okoladu \u2013 ne\u012ftik\u0117tinas skoni\u0173 derinys<br data-start=\"1374\" data-end=\"1377\" \/><strong data-start=\"1380\" data-end=\"1393\">Naudokite<\/strong> kepiniams, glotnu\u010diams ar net arbatoms<\/p>\n<h3 data-start=\"1441\" data-end=\"1476\"><strong data-start=\"1445\" data-end=\"1474\">\ud83d\udce6 Laikymas ir \u012epakavimas<\/strong><\/h3>\n<p data-start=\"1477\" data-end=\"1739\"><strong data-start=\"1480\" data-end=\"1510\">Laikyti sandariai u\u017edaryt\u0105<\/strong> sausoje, v\u0117sioje vietoje.<br data-start=\"1633\" data-end=\"1636\" \/><strong data-start=\"1638\" data-end=\"1659\">Galiojimo laikas:<\/strong> Pateikta ant gaminio pakuot\u0117s<br data-start=\"1667\" data-end=\"1670\" \/><strong data-start=\"1673\" data-end=\"1694\">Pakuot\u0117s dyd\u017eiai:<\/strong> 33 g<br data-start=\"1706\" data-end=\"1709\" \/><strong data-start=\"1714\" data-end=\"1737\">Pagaminta Lietuvoje<\/strong><\/p>\n<p data-start=\"1741\" data-end=\"1826\"><strong data-start=\"1744\" data-end=\"1824\">Netinka \u017emon\u0117ms, turintiems alergij\u0105 vy\u0161nioms.<\/strong><\/p>\n<p data-start=\"1828\" data-end=\"1899\"><strong data-start=\"1831\" data-end=\"1893\">Pasinerkite \u012f Vy\u0161ni\u0173 Simfonij\u0105 \u2013 skoni\u0173 harmonij\u0105 be rib\u0173!<\/strong><\/p>\n<p data-start=\"1828\" data-end=\"1899\">","protected":false},"excerpt":{"rendered":"<p>Vy\u0161ni\u0173 simfonija<\/p>","protected":false},"featured_media":1551,"comment_status":"open","ping_status":"closed","template":"","meta":{"_seopress_robots_primary_cat":"none","_seopress_titles_title":"Liofilizuotos Vy\u0161nios \u2013 Nat\u016bralios, Be Cukraus | Vy\u0161ni\u0173 Simfonija","_seopress_titles_desc":"M\u0117gaukit\u0117s liofilizuotomis vy\u0161niomis \u2013 be prid\u0117tinio cukraus, kupinomis vitamin\u0173 ir antioksidant\u0173. Tra\u0161kus, sald\u017eiar\u016bg\u0161tis u\u017ekandis bet kuriuo metu!","_seopress_robots_index":""},"product_brand":[],"product_cat":[15,32],"product_tag":[56],"class_list":{"0":"post-1548","1":"product","2":"type-product","3":"status-publish","4":"has-post-thumbnail","6":"product_cat-visos-prekes","7":"product_cat-liofilizuoti-produktai","8":"product_tag-vysnes","10":"first","11":"instock","12":"shipping-taxable","13":"purchasable","14":"product-type-simple"},"_links":{"self":[{"href":"https:\/\/liofis.lt\/en\/wp-json\/wp\/v2\/product\/1548","targetHints":{"allow":["GET"]}}],"collection":[{"href":"https:\/\/liofis.lt\/en\/wp-json\/wp\/v2\/product"}],"about":[{"href":"https:\/\/liofis.lt\/en\/wp-json\/wp\/v2\/types\/product"}],"replies":[{"embeddable":true,"href":"https:\/\/liofis.lt\/en\/wp-json\/wp\/v2\/comments?post=1548"}],"wp:featuredmedia":[{"embeddable":true,"href":"https:\/\/liofis.lt\/en\/wp-json\/wp\/v2\/media\/1551"}],"wp:attachment":[{"href":"https:\/\/liofis.lt\/en\/wp-json\/wp\/v2\/media?parent=1548"}],"wp:term":[{"taxonomy":"product_brand","embeddable":true,"href":"https:\/\/liofis.lt\/en\/wp-json\/wp\/v2\/product_brand?post=1548"},{"taxonomy":"product_cat","embeddable":true,"href":"https:\/\/liofis.lt\/en\/wp-json\/wp\/v2\/product_cat?post=1548"},{"taxonomy":"product_tag","embeddable":true,"href":"https:\/\/liofis.lt\/en\/wp-json\/wp\/v2\/product_tag?post=1548"}],"curies":[{"name":"wp","href":"https:\/\/api.w.org\/{rel}","templated":true}]}}