{"id":1574,"date":"2025-03-13T19:30:02","date_gmt":"2025-03-13T17:30:02","guid":{"rendered":"https:\/\/liofis.lt\/?post_type=product&#038;p=1574"},"modified":"2026-01-22T12:27:52","modified_gmt":"2026-01-22T10:27:52","slug":"glostuciai-avieciu-bananu-ir-obuoliu-saldainiai","status":"publish","type":"product","link":"https:\/\/liofis.lt\/en\/liofis-parduotuve\/visos-prekes\/glostuciai-avieciu-bananu-ir-obuoliu-saldainiai\/","title":{"rendered":"Avie\u010di\u0173, banan\u0173 ir obuoli\u0173 saldainiai"},"content":{"rendered":"<h3 data-start=\"0\" data-end=\"89\"><strong data-start=\"4\" data-end=\"87\">Glostu\u010diai \u2013 Avie\u010di\u0173, Banan\u0173 ir Obuoli\u0173 Saldainiai: Nat\u016bralus Vaisi\u0173 Skonis!<\/strong><\/h3>\n<h4 data-start=\"91\" data-end=\"111\"><strong data-start=\"96\" data-end=\"109\">Apra\u0161ymas<\/strong><\/h4>\n<p data-start=\"112\" data-end=\"473\">Atraskite <strong data-start=\"122\" data-end=\"136\">Glostu\u010dius<\/strong> \u2013 <strong data-start=\"139\" data-end=\"190\">mink\u0161tus, nat\u016braliai sald\u017eius vaisi\u0173 saldainius<\/strong> be prid\u0117tinio cukraus!\u00a0 \u0160ie <strong data-start=\"225\" data-end=\"257\">\u0161veln\u016bs ir kvapn\u016bs skan\u0117stai<\/strong> pagaminti i\u0161 <strong data-start=\"271\" data-end=\"301\">avie\u010di\u0173, banan\u0173 ir obuoli\u0173<\/strong>, tod\u0117l j\u0173 skonis yra <strong data-start=\"323\" data-end=\"371\">subtiliai saldus, su lengva avie\u010di\u0173 r\u016bg\u0161tele. <\/strong>Kiekvienas k\u0105snelis \u2013 ma\u017eas malonumo prisilietimas, kuris \u0161velniai glosto i\u0161 vidaus. Tai <strong data-start=\"377\" data-end=\"471\">tobulas u\u017ekandis smali\u017eiams, ie\u0161kantiems alternatyvos tradiciniams saldainiams!<\/strong><\/p>\n<p data-start=\"475\" data-end=\"641\">\u2714 <strong data-start=\"477\" data-end=\"538\">100 % nat\u016bral\u016bs ingredientai. Aviet\u0117s, obuoliai, bananai.\u00a0<\/strong><br data-start=\"538\" data-end=\"541\" \/>\u2714 <strong data-start=\"543\" data-end=\"583\">Tinka tiek vaikams, tiek suaugusiems<\/strong><br data-start=\"583\" data-end=\"586\" \/>\u2714 <strong data-start=\"588\" data-end=\"639\">Sotus u\u017ekandis su tikru vaisi\u0173 skoniu!<\/strong><\/p>\n<h3 data-start=\"961\" data-end=\"1008\"><strong data-start=\"965\" data-end=\"1006\">\ud83d\udc96 Skonis, Kuris Glosto<\/strong><\/h3>\n<p data-start=\"1009\" data-end=\"1250\">\ud83c\udf53 <strong data-start=\"1012\" data-end=\"1103\">Kiekvienas k\u0105snelis \u2013 tarsi vasari\u0161kas malonumas su avie\u010di\u0173 r\u016bg\u0161tele ir banan\u0173 saldumu!<\/strong><br data-start=\"1103\" data-end=\"1106\" \/>\u0160ie <strong data-start=\"1110\" data-end=\"1131\">vaisi\u0173 saldainiai<\/strong> <strong>tra\u0161k\u016bs, kvapn\u016bs ir nat\u016braliai sald\u016bs<\/strong>, tod\u0117l kiekvienas k\u0105snis <strong data-start=\"1199\" data-end=\"1247\">primins mo\u010diut\u0117s gamintus naminius gard\u0117sius<\/strong>.<\/p>\n<h3 data-start=\"1257\" data-end=\"1284\"><strong data-start=\"1261\" data-end=\"1282\">\ud83c\udf7d\ufe0f Kaip Vartoti?<\/strong><\/h3>\n<p data-start=\"1285\" data-end=\"1488\"><strong data-start=\"1288\" data-end=\"1308\">Valgykite vienus<\/strong> \u2013 puikus nat\u016bralus sald\u0117sis<br data-start=\"1336\" data-end=\"1339\" \/><strong data-start=\"1342\" data-end=\"1358\">Paskaninkite<\/strong> pusry\u010di\u0173 ko\u0161es, jogurt\u0105 ar var\u0161k\u0119<br data-start=\"1392\" data-end=\"1395\" \/><strong data-start=\"1398\" data-end=\"1411\">Derinkite<\/strong> su \u0161okoladu ar rie\u0161utais<br data-start=\"1436\" data-end=\"1439\" \/><strong data-start=\"1442\" data-end=\"1486\">Prid\u0117kite \u012f arbat\u0105 \u2013 vaisi\u0161kas akcentas!<\/strong><\/p>\n<h3 data-start=\"1495\" data-end=\"1530\"><strong data-start=\"1499\" data-end=\"1528\">\ud83d\udce6 Laikymas ir \u012epakavimas<\/strong><\/h3>\n<p data-start=\"1531\" data-end=\"1688\"><strong data-start=\"1534\" data-end=\"1564\">Laikyti sandariai u\u017edaryt\u0105<\/strong> sausoje, v\u0117sioje vietoje.<br data-start=\"1590\" data-end=\"1593\" \/><strong data-start=\"1595\" data-end=\"1616\">Galiojimo laikas:<\/strong> nurodoma ant pakuot\u0117s<br data-start=\"1624\" data-end=\"1627\" \/><strong data-start=\"1630\" data-end=\"1649\">Pakuot\u0117s dydis:<\/strong> 30 g<br data-start=\"1655\" data-end=\"1658\" \/><strong data-start=\"1663\" data-end=\"1686\">Pagaminta Lietuvoje<\/strong><\/p>\n<p data-start=\"1690\" data-end=\"1795\"><strong data-start=\"1693\" data-end=\"1793\">Netinka \u017emon\u0117ms, turintiems alergij\u0105 aviet\u0117ms ar kitiems vaisiams.<\/strong><\/p>\n<p data-start=\"1797\" data-end=\"1877\"><strong data-start=\"1800\" data-end=\"1869\">M\u0117gaukit\u0117s nat\u016braliu Glostu\u010di\u0173 skoniu \u2013 saldumas be joki\u0173 pried\u0173!<\/strong><\/p>\n<p data-start=\"1797\" data-end=\"1877\">","protected":false},"excerpt":{"rendered":"<p>Glostu\u010diai<\/p>","protected":false},"featured_media":1577,"comment_status":"open","ping_status":"closed","template":"","meta":{"_seopress_robots_primary_cat":"none","_seopress_titles_title":"Glostu\u010diai \u2013 Avie\u010di\u0173, Banan\u0173 ir Obuoli\u0173 Saldainiai","_seopress_titles_desc":"M\u0117gaukit\u0117s nat\u016braliais vaisi\u0173 saldainiais be prid\u0117tinio cukraus! Mink\u0161ti, kvapn\u016bs ir pagaminti i\u0161 avie\u010di\u0173, banan\u0173 ir obuoli\u0173.","_seopress_robots_index":""},"product_brand":[],"product_cat":[15,32],"product_tag":[66,67,61,65,47],"class_list":{"0":"post-1574","1":"product","2":"type-product","3":"status-publish","4":"has-post-thumbnail","6":"product_cat-visos-prekes","7":"product_cat-liofilizuoti-produktai","8":"product_tag-aviete","9":"product_tag-bananas","10":"product_tag-glostuciai","11":"product_tag-glostutis","12":"product_tag-obuoliai","14":"first","15":"outofstock","16":"shipping-taxable","17":"purchasable","18":"product-type-simple"},"_links":{"self":[{"href":"https:\/\/liofis.lt\/en\/wp-json\/wp\/v2\/product\/1574","targetHints":{"allow":["GET"]}}],"collection":[{"href":"https:\/\/liofis.lt\/en\/wp-json\/wp\/v2\/product"}],"about":[{"href":"https:\/\/liofis.lt\/en\/wp-json\/wp\/v2\/types\/product"}],"replies":[{"embeddable":true,"href":"https:\/\/liofis.lt\/en\/wp-json\/wp\/v2\/comments?post=1574"}],"wp:featuredmedia":[{"embeddable":true,"href":"https:\/\/liofis.lt\/en\/wp-json\/wp\/v2\/media\/1577"}],"wp:attachment":[{"href":"https:\/\/liofis.lt\/en\/wp-json\/wp\/v2\/media?parent=1574"}],"wp:term":[{"taxonomy":"product_brand","embeddable":true,"href":"https:\/\/liofis.lt\/en\/wp-json\/wp\/v2\/product_brand?post=1574"},{"taxonomy":"product_cat","embeddable":true,"href":"https:\/\/liofis.lt\/en\/wp-json\/wp\/v2\/product_cat?post=1574"},{"taxonomy":"product_tag","embeddable":true,"href":"https:\/\/liofis.lt\/en\/wp-json\/wp\/v2\/product_tag?post=1574"}],"curies":[{"name":"wp","href":"https:\/\/api.w.org\/{rel}","templated":true}]}}