{"id":1578,"date":"2025-03-13T19:34:44","date_gmt":"2025-03-13T17:34:44","guid":{"rendered":"https:\/\/liofis.lt\/?post_type=product&#038;p=1578"},"modified":"2026-02-25T09:03:09","modified_gmt":"2026-02-25T07:03:09","slug":"glostuciai-ivairiu-vaisiu-ir-uogu-skonio-saldainiai","status":"publish","type":"product","link":"https:\/\/liofis.lt\/en\/liofis-parduotuve\/visos-prekes\/glostuciai-ivairiu-vaisiu-ir-uogu-skonio-saldainiai\/","title":{"rendered":"\u012evairi\u0173 vaisi\u0173 ir uog\u0173 skonio saldainiai"},"content":{"rendered":"<h3 data-start=\"0\" data-end=\"85\"><strong data-start=\"4\" data-end=\"83\">Glostu\u010diai \u2013 \u012evairi\u0173 Vaisi\u0173 ir Uog\u0173 Saldainiai: skonis, kuris glosto!<\/strong><\/h3>\n<p data-start=\"108\" data-end=\"484\">\u201eGlostu\u010diai\u201c \u2013 tai \u0161veln\u016bs, vaisi\u0161ki saldainiai, gim\u0119 i\u0161 tikr\u0173 uog\u0173 ir vaisi\u0173 derinio.<br data-start=\"660\" data-end=\"663\" \/>\u010cia susitinka vasaros saldumas, lengva r\u016bg\u0161tel\u0117 ir nat\u016bralus kvapas, kuriam nereikia joki\u0173 pried\u0173.<br data-start=\"761\" data-end=\"764\" \/>Kiekvienas k\u0105snelis \u2013 ma\u017eas d\u017eiaugsmas, kuris tarsi glosto i\u0161 vidaus.<\/p>\n<p data-start=\"486\" data-end=\"625\">\u2714 <strong data-start=\"488\" data-end=\"524\">100 % nat\u016bral\u016bs vaisiai ir uogos.<\/strong><br data-start=\"524\" data-end=\"527\" \/>\u2714 <strong>Nat\u016braliai sald\u016bs ir aromatingi.<\/strong><br data-start=\"579\" data-end=\"582\" \/>\u2714 <strong>Kiekvienas k\u0105snelis \u2013 tikras vaisi\u0173 derinio d\u017eiaugsmas.<\/strong><\/p>\n<h3 data-start=\"975\" data-end=\"1022\"><strong data-start=\"979\" data-end=\"1020\">\ud83d\udc96 Skonis, Kur\u012f pajunti \u0161irdimi<\/strong><\/h3>\n<p data-start=\"1023\" data-end=\"1188\">Tra\u0161k\u016bs, aromatingi ir vaisi\u0161kai \u0161veln\u016bs \u2013 \u201eGlostu\u010diai\u201c neprimena \u012fprast\u0173 saldaini\u0173.<br data-start=\"1594\" data-end=\"1597\" \/>Tai nat\u016bralus saldumo akcentas, tinkantis tiek vaikams, tiek suaugusiesiems, kai norisi ka\u017eko tikro ir be perd\u0117to saldumo.<\/p>\n<h3 data-start=\"1195\" data-end=\"1222\"><strong data-start=\"1199\" data-end=\"1220\">\ud83c\udf7d\ufe0f Kaip Vartoti?<\/strong><\/h3>\n<p data-start=\"1223\" data-end=\"1438\"><strong data-start=\"1226\" data-end=\"1246\">M\u0117gaukit\u0117s vieni<\/strong> \u2013 nat\u016bralus vaisi\u0173 sald\u0117sis<br data-start=\"1274\" data-end=\"1277\" \/><strong data-start=\"1280\" data-end=\"1296\">Paskaninkite<\/strong> pusry\u010di\u0173 ko\u0161es, jogurt\u0105 ar var\u0161k\u0119<br data-start=\"1330\" data-end=\"1333\" \/><strong data-start=\"1336\" data-end=\"1349\">Derinkite<\/strong> su \u0161okoladu ar rie\u0161utais<br data-start=\"1374\" data-end=\"1377\" \/><strong data-start=\"1380\" data-end=\"1436\">Prid\u0117kite \u012f desertus \u2013 vaisi\u0161kas aromatas garantuotas!<\/strong><\/p>\n<h3 data-start=\"1445\" data-end=\"1480\"><strong data-start=\"1449\" data-end=\"1478\">\ud83d\udce6 Laikymas ir \u012epakavimas<\/strong><\/h3>\n<p data-start=\"1481\" data-end=\"1638\"><strong data-start=\"1484\" data-end=\"1514\">Laikyti sandariai u\u017edaryt\u0105<\/strong> sausoje, v\u0117sioje vietoje.<br data-start=\"1540\" data-end=\"1543\" \/><strong data-start=\"1545\" data-end=\"1566\">Galiojimo laikas:<\/strong> Nurodoma ant pakuot\u0117s.<br data-start=\"1574\" data-end=\"1577\" \/><strong data-start=\"1580\" data-end=\"1599\">Pakuot\u0117s dydis:<\/strong> 30 g.<\/p>\n<p data-start=\"1481\" data-end=\"1638\"><strong data-start=\"1613\" data-end=\"1636\">Pagaminta Lietuvoje<\/strong><\/p>\n<p data-start=\"1640\" data-end=\"1748\"><strong data-start=\"1643\" data-end=\"1746\">\u00a0Netinka \u017emon\u0117ms, turintiems alergij\u0105 tam tikriems vaisiams ar uogoms.<\/strong><\/p>\n<p data-start=\"1750\" data-end=\"1833\"><strong>Atraskite \u201eGlostu\u010dius\u201c \u2013 nat\u016bral\u0173 saldum\u0105, kuris d\u017eiugina kiekvien\u0105 akimirk\u0105 ir \u0161velniai glosto siel\u0105.<\/strong><\/p>\n<p data-start=\"486\" data-end=\"625\">","protected":false},"excerpt":{"rendered":"<p>Glostu\u010diai<\/p>","protected":false},"featured_media":1581,"comment_status":"open","ping_status":"closed","template":"","meta":{"_seopress_robots_primary_cat":"none","_seopress_titles_title":"Glostu\u010diai \u2013 \u012evairi\u0173 Vaisi\u0173 ir Uog\u0173 Saldainiai","_seopress_titles_desc":"M\u0117gaukit\u0117s nat\u016braliais vaisi\u0173 ir uog\u0173 saldainiais be prid\u0117tinio cukraus! Mink\u0161ti, kvapn\u016bs ir pagaminti tik i\u0161 nat\u016brali\u0173 ingredient\u0173.","_seopress_robots_index":""},"product_brand":[],"product_cat":[15,32],"product_tag":[70,68,69],"class_list":{"0":"post-1578","1":"product","2":"type-product","3":"status-publish","4":"has-post-thumbnail","6":"product_cat-visos-prekes","7":"product_cat-liofilizuoti-produktai","8":"product_tag-saldainiai","9":"product_tag-uogos","10":"product_tag-vaisiai","12":"first","13":"instock","14":"shipping-taxable","15":"purchasable","16":"product-type-simple"},"_links":{"self":[{"href":"https:\/\/liofis.lt\/en\/wp-json\/wp\/v2\/product\/1578","targetHints":{"allow":["GET"]}}],"collection":[{"href":"https:\/\/liofis.lt\/en\/wp-json\/wp\/v2\/product"}],"about":[{"href":"https:\/\/liofis.lt\/en\/wp-json\/wp\/v2\/types\/product"}],"replies":[{"embeddable":true,"href":"https:\/\/liofis.lt\/en\/wp-json\/wp\/v2\/comments?post=1578"}],"wp:featuredmedia":[{"embeddable":true,"href":"https:\/\/liofis.lt\/en\/wp-json\/wp\/v2\/media\/1581"}],"wp:attachment":[{"href":"https:\/\/liofis.lt\/en\/wp-json\/wp\/v2\/media?parent=1578"}],"wp:term":[{"taxonomy":"product_brand","embeddable":true,"href":"https:\/\/liofis.lt\/en\/wp-json\/wp\/v2\/product_brand?post=1578"},{"taxonomy":"product_cat","embeddable":true,"href":"https:\/\/liofis.lt\/en\/wp-json\/wp\/v2\/product_cat?post=1578"},{"taxonomy":"product_tag","embeddable":true,"href":"https:\/\/liofis.lt\/en\/wp-json\/wp\/v2\/product_tag?post=1578"}],"curies":[{"name":"wp","href":"https:\/\/api.w.org\/{rel}","templated":true}]}}