{"id":1583,"date":"2025-03-13T19:40:57","date_gmt":"2025-03-13T17:40:57","guid":{"rendered":"https:\/\/liofis.lt\/?post_type=product&#038;p=1583"},"modified":"2026-01-15T13:47:53","modified_gmt":"2026-01-15T11:47:53","slug":"obuoliu-siluma","status":"publish","type":"product","link":"https:\/\/liofis.lt\/en\/liofis-parduotuve\/visos-prekes\/obuoliu-siluma\/","title":{"rendered":"Liofilizuoti obuoliai"},"content":{"rendered":"<h3 data-start=\"0\" data-end=\"98\"><strong data-start=\"4\" data-end=\"96\">Obuoli\u0173 \u0160iluma \u2013 Liofilizuoti Obuoliai su Prieskoniais: Jaukumas Kiekviename K\u0105snyje!<\/strong><\/h3>\n<p data-start=\"534\" data-end=\"851\">\u201e<strong>Obuoli\u0173 \u0160iluma\u201c<\/strong> \u2013 tai rudens jaukumo ir \u0161velnaus saldumo istorija.<br data-start=\"601\" data-end=\"604\" \/>Kiekvienas liofilizuotas obuolio gabal\u0117lis, pagardintas cinamonu, sukuria subtil\u0173 skon\u012f, kuriame dera nat\u016bralus saldumas, \u0161velni r\u016bg\u0161tel\u0117 ir prieskoni\u0173 \u0161iluma.<br data-start=\"763\" data-end=\"766\" \/>Tai u\u017ekandis, kuris kvepia namais ir kvie\u010dia m\u0117gautis akimirka \u2013 bet kur ir bet kada.<\/p>\n<p data-start=\"475\" data-end=\"655\">\u2714 <strong data-start=\"477\" data-end=\"557\">100 % nat\u016bral\u016bs obuoliai ir cinamonas\u00a0<\/strong><br data-start=\"557\" data-end=\"560\" \/>\u2714 <strong>Nat\u016bralus saldumas ir \u0161velnus prieskoni\u0173 aromatas<\/strong><br data-start=\"600\" data-end=\"603\" \/>\u2714 <strong data-start=\"605\" data-end=\"653\">Jaukumas ir malonumas bet kuriuo met\u0173 laiku!<\/strong><\/p>\n<h3 data-start=\"1014\" data-end=\"1054\"><strong data-start=\"1018\" data-end=\"1052\">\ud83d\udc96 Skonis, Kuris Primena Namus<\/strong><\/h3>\n<p data-start=\"1055\" data-end=\"1231\"><strong data-start=\"1057\" data-end=\"1110\">Kvapnus prisiminimas apie jaukius rudens vakarus!<\/strong> \u0160ie obuoliai <strong data-start=\"1124\" data-end=\"1159\">primena mo\u010diut\u0117s obuoli\u0173 pyrag\u0105<\/strong>, suteikia <strong data-start=\"1170\" data-end=\"1189\">komforto jausm\u0105<\/strong> ir leid\u017eia m\u0117gautis kiekviena akimirka.<\/p>\n<h3 data-start=\"1238\" data-end=\"1265\"><strong data-start=\"1242\" data-end=\"1263\">\ud83c\udf7d\ufe0f Kaip Vartoti?<\/strong><\/h3>\n<p data-start=\"1266\" data-end=\"1495\"><strong data-start=\"1269\" data-end=\"1289\">M\u0117gaukit\u0117s vieni<\/strong> \u2013 tobulas sveikas u\u017ekandis<br data-start=\"1316\" data-end=\"1319\" \/><strong data-start=\"1322\" data-end=\"1336\">Gardinkite<\/strong> pusry\u010di\u0173 ko\u0161es, jogurt\u0105 ar var\u0161k\u0119<br data-start=\"1370\" data-end=\"1373\" \/><strong data-start=\"1376\" data-end=\"1389\">Naudokite<\/strong> kepiniams, desertams ar kar\u0161tiems g\u0117rimams<br data-start=\"1432\" data-end=\"1435\" \/><strong data-start=\"1438\" data-end=\"1455\">Puikiai tinka<\/strong> d\u017eiovint\u0173 vaisi\u0173 ir rie\u0161ut\u0173 mi\u0161iniams<\/p>\n<h3 data-start=\"1502\" data-end=\"1537\"><strong data-start=\"1506\" data-end=\"1535\">\ud83d\udce6 Laikymas ir \u012epakavimas<\/strong><\/h3>\n<p data-start=\"1538\" data-end=\"1798\"><strong>Laikyti<\/strong> <strong data-start=\"1541\" data-end=\"1571\">sandariai u\u017edaryt\u0105<\/strong> sausoje, v\u0117sioje vietoje.<br data-start=\"1597\" data-end=\"1600\" \/>Po atidarymo rekomenduojama laikyti <strong data-start=\"1639\" data-end=\"1652\">\u0161aldytuve<\/strong>, kad i\u0161likt\u0173 <strong data-start=\"1666\" data-end=\"1691\">tra\u0161k\u016bs ir aromatingi<\/strong>.<br data-start=\"1692\" data-end=\"1695\" \/><strong data-start=\"1697\" data-end=\"1718\">Galiojimo laikas:<\/strong>\u00a0 nurodoma ant pakuot\u0117s<br data-start=\"1726\" data-end=\"1729\" \/><strong data-start=\"1732\" data-end=\"1753\">Pakuot\u0117s dyd\u017eiai:<\/strong> 42 g\u00a0<br data-start=\"1765\" data-end=\"1768\" \/><strong data-start=\"1773\" data-end=\"1796\">Pagaminta Lietuvoje<\/strong><\/p>\n<p data-start=\"1800\" data-end=\"1910\"><strong data-start=\"1803\" data-end=\"1908\">Netinka \u017emon\u0117ms, turintiems alergij\u0105 cinamonui ar kitiems prieskoniams.<\/strong><\/p>\n<p data-start=\"1912\" data-end=\"1981\"><strong>Jaukumas kiekviename k\u0105snyje \u2013 pajuskite Obuoli\u0173 \u0160ilum\u0105!<\/strong><\/p>","protected":false},"excerpt":{"rendered":"<p>Obuoli\u0173 \u0161iluma<\/p>","protected":false},"featured_media":1586,"comment_status":"open","ping_status":"closed","template":"","meta":{"_seopress_robots_primary_cat":"none","_seopress_titles_title":"Liofilizuoti Obuoliai su Cinamonu \u2013 Jaukus Skonis","_seopress_titles_desc":"M\u0117gaukit\u0117s liofilizuotais obuoliais su cinamonu \u2013 be prid\u0117tinio cukraus, kupinais \u0161ilto aromato ir vitamin\u0173. Tikras jaukumo poj\u016btis kiekviename k\u0105snyje!","_seopress_robots_index":""},"product_brand":[],"product_cat":[15,32],"product_tag":[47],"class_list":{"0":"post-1583","1":"product","2":"type-product","3":"status-publish","4":"has-post-thumbnail","6":"product_cat-visos-prekes","7":"product_cat-liofilizuoti-produktai","8":"product_tag-obuoliai","10":"first","11":"instock","12":"shipping-taxable","13":"purchasable","14":"product-type-simple"},"_links":{"self":[{"href":"https:\/\/liofis.lt\/en\/wp-json\/wp\/v2\/product\/1583","targetHints":{"allow":["GET"]}}],"collection":[{"href":"https:\/\/liofis.lt\/en\/wp-json\/wp\/v2\/product"}],"about":[{"href":"https:\/\/liofis.lt\/en\/wp-json\/wp\/v2\/types\/product"}],"replies":[{"embeddable":true,"href":"https:\/\/liofis.lt\/en\/wp-json\/wp\/v2\/comments?post=1583"}],"wp:featuredmedia":[{"embeddable":true,"href":"https:\/\/liofis.lt\/en\/wp-json\/wp\/v2\/media\/1586"}],"wp:attachment":[{"href":"https:\/\/liofis.lt\/en\/wp-json\/wp\/v2\/media?parent=1583"}],"wp:term":[{"taxonomy":"product_brand","embeddable":true,"href":"https:\/\/liofis.lt\/en\/wp-json\/wp\/v2\/product_brand?post=1583"},{"taxonomy":"product_cat","embeddable":true,"href":"https:\/\/liofis.lt\/en\/wp-json\/wp\/v2\/product_cat?post=1583"},{"taxonomy":"product_tag","embeddable":true,"href":"https:\/\/liofis.lt\/en\/wp-json\/wp\/v2\/product_tag?post=1583"}],"curies":[{"name":"wp","href":"https:\/\/api.w.org\/{rel}","templated":true}]}}