{"id":1590,"date":"2025-03-13T19:46:31","date_gmt":"2025-03-13T17:46:31","guid":{"rendered":"https:\/\/liofis.lt\/?post_type=product&#038;p=1590"},"modified":"2026-02-24T20:50:38","modified_gmt":"2026-02-24T18:50:38","slug":"vaisine-meditacija","status":"publish","type":"product","link":"https:\/\/liofis.lt\/en\/liofis-parduotuve\/visos-prekes\/vaisine-meditacija\/","title":{"rendered":"Liofilizuotos Kriau\u0161\u0117s"},"content":{"rendered":"<h3 data-start=\"0\" data-end=\"74\"><strong data-start=\"4\" data-end=\"72\">\ud83c\udf50 Vaisin\u0117 Meditacija \u2013 Liofilizuotos Kriau\u0161\u0117s: Skonio Harmonija<\/strong><\/h3>\n<p data-start=\"76\" data-end=\"453\"><strong>&#8222;Vaisin\u0117 Meditacija\u201c<\/strong> \u2013 tai nat\u016bralaus saldumo ir lengvumo akimirka.<br data-start=\"888\" data-end=\"891\" \/>Kiekviena tra\u0161ki, burnoje tirpstanti liofilizuota kriau\u0161\u0117 primena tyl\u0173 pasivaik\u0161\u010diojim\u0105 sode, kai skonis ir ramyb\u0117 susilieja \u012f vien\u0105 poj\u016bt\u012f.<br data-start=\"1031\" data-end=\"1034\" \/>\u0160velnios, kvapnios ir kupinos vaisin\u0117s \u0161viesos \u2013 jos sukurtos tiems, kurie vertina paprastum\u0105 be kompromis\u0173<\/p>\n<p data-start=\"455\" data-end=\"626\">\u2714 <strong data-start=\"457\" data-end=\"525\">100 % nat\u016bralios kriau\u0161\u0117s\u00a0<\/strong><br data-start=\"525\" data-end=\"528\" \/>\u2714 <strong data-start=\"1188\" data-end=\"1223\">Nat\u016bralus saldumas ir tra\u0161kumas<\/strong><br data-start=\"1223\" data-end=\"1226\" \/>\u2714 <strong data-start=\"573\" data-end=\"624\">Tobulas u\u017ekandis tiek vaikams, tiek suaugusiems<\/strong><\/p>\n<p data-start=\"931\" data-end=\"1144\"><strong data-start=\"931\" data-end=\"958\">\ud83d\udc96 Skonis, Kuris Ramina ir \u012ekvepia<\/strong><br data-start=\"958\" data-end=\"961\" \/><strong data-start=\"961\" data-end=\"1014\">Kiekvienas k\u0105snelis \u2013 tai s\u0105moninga akimirka sau.<\/strong>\u00a0 L\u0117tas m\u0117gavimasis \u0161velniu, nat\u016braliai sald\u017eiu skoniu leid\u017eia pasijusti lengviau, suteikia jaukumo net ir \u012ftemptiausi\u0105 dien\u0105.<\/p>\n<p data-start=\"1146\" data-end=\"1446\"><strong data-start=\"1146\" data-end=\"1167\">\ud83c\udf7d\ufe0f Kaip Vartoti?<\/strong><br data-start=\"1167\" data-end=\"1170\" \/><strong data-start=\"1173\" data-end=\"1193\">M\u0117gaukit\u0117s vieni<\/strong> \u2013 tra\u0161kus ir gardus u\u017ekandis<br data-start=\"1222\" data-end=\"1225\" \/><strong data-start=\"1228\" data-end=\"1253\">Papildykite pusry\u010dius<\/strong> \u2013 \u012fberkite \u012f ko\u0161es, jogurt\u0105 ar glotnu\u010dius<br data-start=\"1295\" data-end=\"1298\" \/><strong data-start=\"1301\" data-end=\"1337\">Naudokite kepiniams ir desertams<\/strong> \u2013 suteikia nat\u016bralaus saldumo<br data-start=\"1367\" data-end=\"1370\" \/><strong data-start=\"1373\" data-end=\"1418\">Eksperimentuokite su s\u016briais ir rie\u0161utais<\/strong> \u2013 unikalus skoni\u0173 derinys<\/p>\n<p data-start=\"1448\" data-end=\"1739\"><strong data-start=\"1448\" data-end=\"1477\">\ud83d\udce6 Laikymas ir \u012epakavimas<\/strong><br data-start=\"1477\" data-end=\"1480\" \/><strong data-start=\"1483\" data-end=\"1513\">Laikyti sandariai u\u017edaryt\u0105<\/strong> sausoje, v\u0117sioje vietoje.<br data-start=\"1539\" data-end=\"1542\" \/>\u00a0Po atidarymo rekomenduojama laikyti <strong data-start=\"1581\" data-end=\"1594\">\u0161aldytuve<\/strong>, kad i\u0161likt\u0173 <strong data-start=\"1608\" data-end=\"1632\">tra\u0161kios ir \u0161vie\u017eios<\/strong>.<br data-start=\"1633\" data-end=\"1636\" \/><strong data-start=\"1638\" data-end=\"1659\">Galiojimo laikas:<\/strong> nurodoma ant pakuot\u0117s<br data-start=\"1667\" data-end=\"1670\" data-is-only-node=\"\" \/><strong data-start=\"1673\" data-end=\"1694\">Pakuot\u0117s dyd\u017eiai:<\/strong> 42 g\u00a0<br data-start=\"1706\" data-end=\"1709\" \/><strong data-start=\"1714\" data-end=\"1737\">Pagaminta Lietuvoje<\/strong><\/p>\n<p data-start=\"1741\" data-end=\"1827\"><strong data-start=\"1744\" data-end=\"1825\">Netinka \u017emon\u0117ms, turintiems alergij\u0105 kriau\u0161\u0117ms.<\/strong><\/p>\n<p data-start=\"1741\" data-end=\"1827\"><strong>&#8222;Vaisin\u0117 Meditacija\u201c \u2013 tai ramyb\u0117s ir skonio dialogas. Kiekvienas k\u0105snis \u2013 ma\u017eas pasim\u0117gavimo ritualas, leid\u017eiantis sul\u0117tinti temp\u0105 ir pajusti nat\u016bral\u0173 saldum\u0105.<\/strong><\/p>","protected":false},"excerpt":{"rendered":"<p>Vaisin\u0117 meditacija<\/p>","protected":false},"featured_media":1593,"comment_status":"open","ping_status":"closed","template":"","meta":{"_seopress_robots_primary_cat":"none","_seopress_titles_title":"Liofilizuotos Kriau\u0161\u0117s \u2013 Nat\u016bralus Saldumas","_seopress_titles_desc":"M\u0117gaukit\u0117s liofilizuotomis kriau\u0161\u0117mis \u2013 be prid\u0117tinio cukraus, tra\u0161kios ir nat\u016braliai sald\u017eios. Sveikas u\u017ekandis, kuris suteikia ramyb\u0117s jausm\u0105!","_seopress_robots_index":""},"product_brand":[],"product_cat":[15,32],"product_tag":[72,71],"class_list":{"0":"post-1590","1":"product","2":"type-product","3":"status-publish","4":"has-post-thumbnail","6":"product_cat-visos-prekes","7":"product_cat-liofilizuoti-produktai","8":"product_tag-kriause","9":"product_tag-kriauses","11":"first","12":"instock","13":"shipping-taxable","14":"purchasable","15":"product-type-simple"},"_links":{"self":[{"href":"https:\/\/liofis.lt\/en\/wp-json\/wp\/v2\/product\/1590","targetHints":{"allow":["GET"]}}],"collection":[{"href":"https:\/\/liofis.lt\/en\/wp-json\/wp\/v2\/product"}],"about":[{"href":"https:\/\/liofis.lt\/en\/wp-json\/wp\/v2\/types\/product"}],"replies":[{"embeddable":true,"href":"https:\/\/liofis.lt\/en\/wp-json\/wp\/v2\/comments?post=1590"}],"wp:featuredmedia":[{"embeddable":true,"href":"https:\/\/liofis.lt\/en\/wp-json\/wp\/v2\/media\/1593"}],"wp:attachment":[{"href":"https:\/\/liofis.lt\/en\/wp-json\/wp\/v2\/media?parent=1590"}],"wp:term":[{"taxonomy":"product_brand","embeddable":true,"href":"https:\/\/liofis.lt\/en\/wp-json\/wp\/v2\/product_brand?post=1590"},{"taxonomy":"product_cat","embeddable":true,"href":"https:\/\/liofis.lt\/en\/wp-json\/wp\/v2\/product_cat?post=1590"},{"taxonomy":"product_tag","embeddable":true,"href":"https:\/\/liofis.lt\/en\/wp-json\/wp\/v2\/product_tag?post=1590"}],"curies":[{"name":"wp","href":"https:\/\/api.w.org\/{rel}","templated":true}]}}