{"id":1596,"date":"2025-03-13T19:54:56","date_gmt":"2025-03-13T17:54:56","guid":{"rendered":"https:\/\/liofis.lt\/?post_type=product&#038;p=1596"},"modified":"2026-01-24T18:35:20","modified_gmt":"2026-01-24T16:35:20","slug":"sukuciai-dziovinu-obuoliu-bananu-spinatu-juosteles","status":"publish","type":"product","link":"https:\/\/liofis.lt\/en\/liofis-parduotuve\/visos-prekes\/sukuciai-dziovinu-obuoliu-bananu-spinatu-juosteles\/","title":{"rendered":"D\u017eiovint\u0173 obuoli\u0173, banan\u0173, \u0161pinat\u0173 juostel\u0117s"},"content":{"rendered":"<h3 data-start=\"0\" data-end=\"101\"><strong data-start=\"4\" data-end=\"99\">\ud83c\udf4f Suku\u010diai \u2013 D\u017eiovint\u0173 Obuoli\u0173, Banan\u0173 ir \u0160pinat\u0173 Juostel\u0117s: nat\u016bralus skonis judesyje!<\/strong><\/h3>\n<p data-start=\"103\" data-end=\"505\">Suku\u010diai \u2013 tai \u017eaismingos vaisi\u0173 ir dar\u017eovi\u0173 juostel\u0117s, kurios tarsi ma\u017eas energijos \u0161okis kiekviename k\u0105snelyje.<br data-start=\"722\" data-end=\"725\" \/>Obuoli\u0173 saldumas, banan\u0173 \u0161velnumas ir \u0161pinat\u0173 \u017ealuma \u010dia sukasi \u012f harmoning\u0105 ritm\u0105, sukurdami \u0161veln\u0173, bet i\u0161rai\u0161king\u0105 skon\u012f.<br data-start=\"849\" data-end=\"852\" \/>Lengvos, lanks\u010dios ir kvapnios \u2013 jos primena, kad sveikas u\u017ekandis gali b\u016bti ne tik naudingas, bet ir smagus<\/p>\n<p data-start=\"507\" data-end=\"663\">\u2714 <strong data-start=\"509\" data-end=\"559\">100 % nat\u016bral\u016bs ingredientai: pagaminta i\u0161 obuoli\u0173, banan\u0173 ir \u0161pinat\u0173\u00a0<\/strong><br data-start=\"559\" data-end=\"562\" \/>\u2714 <strong data-start=\"564\" data-end=\"605\">Puikus derinys tarp saldumo ir gaivos<\/strong><br data-start=\"605\" data-end=\"608\" \/>\u2714 <strong data-start=\"610\" data-end=\"661\">Lengvas u\u017ekandis bet kuriuo metu!<\/strong><\/p>\n<p data-start=\"990\" data-end=\"1223\"><strong data-start=\"990\" data-end=\"1029\">\ud83d\udc96 Skonis, Kuris J<\/strong><strong data-start=\"1126\" data-end=\"1164\">uda Kartu su Tavimi<\/strong><\/p>\n<p data-start=\"990\" data-end=\"1223\">Tai ma\u017eas judesio ir skonio d\u017eiaugsmas.<br data-start=\"1217\" data-end=\"1220\" \/>Kiekviena juostel\u0117 \u2013 mink\u0161ta, vaisi\u0161kai saldi ir subtiliai \u017ealiuojanti.<br data-start=\"1291\" data-end=\"1294\" \/>Puikus pasirinkimas tiems, kurie nori jaustis lengvai, bet m\u0117gautis sodriu, nat\u016braliu skoniu.<\/p>\n<p data-start=\"1225\" data-end=\"1531\"><strong data-start=\"1225\" data-end=\"1246\">\ud83c\udf7d\ufe0f Kaip Vartoti?<\/strong><br data-start=\"1246\" data-end=\"1249\" \/><strong data-start=\"1252\" data-end=\"1272\">Valgykite vienus<\/strong> \u2013 nat\u016braliai saldus ir skanus u\u017ekandis<br data-start=\"1311\" data-end=\"1314\" \/><strong data-start=\"1317\" data-end=\"1342\">Papildykite pusry\u010dius<\/strong>\u00a0<br data-start=\"1381\" data-end=\"1384\" \/><strong data-start=\"1387\" data-end=\"1424\">Derinkite su s\u016briais ar rie\u0161utais<\/strong> \u2013 puikus gurmani\u0161kas skoni\u0173 \u017eaismas<\/p>\n<p data-start=\"1225\" data-end=\"1531\"><strong data-start=\"1533\" data-end=\"1562\">\ud83d\udce6 Laikymas ir \u012epakavimas<\/strong><br data-start=\"1562\" data-end=\"1565\" \/>\ud83d\udccd <strong data-start=\"1568\" data-end=\"1598\">Laikyti sandariai u\u017edaryt\u0105<\/strong> sausoje, v\u0117sioje vietoje.<br data-start=\"1624\" data-end=\"1627\" \/>\ud83d\udccd Po atidarymo rekomenduojama laikyti <strong data-start=\"1666\" data-end=\"1679\">\u0161aldytuve<\/strong>, kad i\u0161likt\u0173 <strong data-start=\"1693\" data-end=\"1717\">\u0161vie\u017eios ir mink\u0161tos<\/strong>.<br data-start=\"1718\" data-end=\"1721\" \/>\u23f3 <strong data-start=\"1723\" data-end=\"1744\">Galiojimo laikas:<\/strong> Nurodoma ant gaminio pakuot\u0117s<br data-start=\"1752\" data-end=\"1755\" data-is-only-node=\"\" \/>\ud83d\udccf <strong data-start=\"1758\" data-end=\"1779\">Pakuot\u0117s dyd\u017eiai:<\/strong> 10 g<br data-start=\"1785\" data-end=\"1788\" \/>\ud83c\uddf1\ud83c\uddf9 <strong data-start=\"1793\" data-end=\"1816\">Pagaminta Lietuvoje<\/strong><\/p>\n<p data-start=\"1225\" data-end=\"1531\"><strong data-start=\"1823\" data-end=\"1920\">Netinka \u017emon\u0117ms, turintiems alergij\u0105 bet kuriam i\u0161 ingredient\u0173.<\/strong><\/p>\n<p data-start=\"1924\" data-end=\"2017\"><strong data-start=\"1927\" data-end=\"2007\">Suku\u010diai\u201c \u2013 tai gyvas skonio ritmas, kuris sukasi tarp saldumo, gaivos ir nat\u016bralaus d\u017eiaugsmo!<\/strong><\/p>","protected":false},"excerpt":{"rendered":"<p>Suku\u010diai<\/p>","protected":false},"featured_media":1599,"comment_status":"open","ping_status":"closed","template":"","meta":{"_seopress_robots_primary_cat":"none","_seopress_titles_title":"Suku\u010diai \u2013 Obuoli\u0173, Banan\u0173 ir \u0160pinat\u0173 Juostel\u0117s","_seopress_titles_desc":"M\u0117gaukit\u0117s obuoli\u0173, banan\u0173 ir \u0161pinat\u0173 juostel\u0117mis \u2013 be prid\u0117tinio cukraus, kupinomis vitamin\u0173 ir skaidul\u0173. Mink\u0161tas, nat\u016braliai saldus u\u017ekandis!","_seopress_robots_index":""},"product_brand":[],"product_cat":[15,33],"product_tag":[74,75,76,73],"class_list":{"0":"post-1596","1":"product","2":"type-product","3":"status-publish","4":"has-post-thumbnail","6":"product_cat-visos-prekes","7":"product_cat-dziovinti-produktai","8":"product_tag-juostele","9":"product_tag-juosteles","10":"product_tag-sukuciai","11":"product_tag-sukutis","13":"first","14":"outofstock","15":"shipping-taxable","16":"purchasable","17":"product-type-simple"},"_links":{"self":[{"href":"https:\/\/liofis.lt\/en\/wp-json\/wp\/v2\/product\/1596","targetHints":{"allow":["GET"]}}],"collection":[{"href":"https:\/\/liofis.lt\/en\/wp-json\/wp\/v2\/product"}],"about":[{"href":"https:\/\/liofis.lt\/en\/wp-json\/wp\/v2\/types\/product"}],"replies":[{"embeddable":true,"href":"https:\/\/liofis.lt\/en\/wp-json\/wp\/v2\/comments?post=1596"}],"wp:featuredmedia":[{"embeddable":true,"href":"https:\/\/liofis.lt\/en\/wp-json\/wp\/v2\/media\/1599"}],"wp:attachment":[{"href":"https:\/\/liofis.lt\/en\/wp-json\/wp\/v2\/media?parent=1596"}],"wp:term":[{"taxonomy":"product_brand","embeddable":true,"href":"https:\/\/liofis.lt\/en\/wp-json\/wp\/v2\/product_brand?post=1596"},{"taxonomy":"product_cat","embeddable":true,"href":"https:\/\/liofis.lt\/en\/wp-json\/wp\/v2\/product_cat?post=1596"},{"taxonomy":"product_tag","embeddable":true,"href":"https:\/\/liofis.lt\/en\/wp-json\/wp\/v2\/product_tag?post=1596"}],"curies":[{"name":"wp","href":"https:\/\/api.w.org\/{rel}","templated":true}]}}