{"id":1602,"date":"2025-03-13T20:01:44","date_gmt":"2025-03-13T18:01:44","guid":{"rendered":"https:\/\/liofis.lt\/?post_type=product&#038;p=1602"},"modified":"2026-03-09T11:33:52","modified_gmt":"2026-03-09T09:33:52","slug":"sukuciai-dziovintu-obuoliu-bananu-juoduju-serbentu-slyvu-spinatu-svarainiu-juosteles","status":"publish","type":"product","link":"https:\/\/liofis.lt\/en\/liofis-parduotuve\/visos-prekes\/sukuciai-dziovintu-obuoliu-bananu-juoduju-serbentu-slyvu-spinatu-svarainiu-juosteles\/","title":{"rendered":"D\u017eiovintos vaisi\u0173 ir dar\u017eovi\u0173 juostel\u0117s"},"content":{"rendered":"<h3 data-start=\"0\" data-end=\"144\"><strong data-start=\"4\" data-end=\"142\">\ud83c\udf4f Suku\u010diai \u2013 D\u017eiovint\u0173\u00a0<\/strong><strong style=\"font-size: 16px;\" data-start=\"4\" data-end=\"142\">\u0160pinat\u0173, Avie\u010di\u0173, \u0160altalanki\u0173, Sausmed\u017eio uog\u0173, <\/strong><strong style=\"font-size: 16px;\" data-start=\"4\" data-end=\"142\">Obuoli\u0173, Banan\u0173, Juod\u0173j\u0173 Serbent\u0173, Slyv\u0173, Bra\u0161ki\u0173\u00a0 ir Svaraini\u0173 Juostel\u0117s: Skoni\u0173 Harmonija Vienoje Juostel\u0117je!<\/strong><\/h3>\n<p data-start=\"146\" data-end=\"565\">Suku\u010diai\u201c \u2013 tai i\u0161skirtinis vaisi\u0173, uog\u0173 ir dar\u017eovi\u0173 derinys, kuriame darniai susilieja obuoli\u0173 saldumas, banan\u0173 \u0161velnumas, juod\u0173j\u0173 serbent\u0173 ir spanguoli\u0173 gaiva, slyv\u0173 sodrumas, sausmed\u017eio uog\u0173 subtilumas, svaraini\u0173 ir moli\u016bg\u0173 \u0161viesus r\u016bg\u0161tel\u0117s tonas bei bra\u0161ki\u0173 aromatingas saldumas.<br data-start=\"773\" data-end=\"776\" \/>Kiekviena juostel\u0117 \u2013 nat\u016bralus, kvapnus ir \u0161velniai saldus u\u017ekandis, sukurtas i\u0161 kruop\u0161\u010diai d\u017eiovint\u0173 ingredient\u0173, be prid\u0117tinio cukraus ar dirbtini\u0173 pried\u0173.<\/p>\n<p data-start=\"567\" data-end=\"744\">\u2714 <strong data-start=\"569\" data-end=\"619\">100 % vaisiai, uogos ir dar\u017eov\u0117s.<\/strong><br data-start=\"619\" data-end=\"622\" \/>\u2714 <strong>Vienoje juostel\u0117je \u2013 saldumo, r\u016bg\u0161tel\u0117s ir nat\u016bralaus skonio derm\u0117<\/strong><br data-start=\"667\" data-end=\"670\" \/>\u2714 <strong>Sotus u\u017ekandis, tinkantis tiek vaikams, tiek suaugusiems!<\/strong><\/p>\n<p data-start=\"1080\" data-end=\"1314\"><strong data-start=\"1080\" data-end=\"1120\">\ud83d\udc96 Skonis, Kuris Sujungia<\/strong><br data-start=\"1120\" data-end=\"1123\" \/>\u00a0Suku\u010diai &#8211; \u017eaismingas skoni\u0173 susitikimas, kuriame dera sodo, mi\u0161ko ir dar\u017eo dovanos.<br data-start=\"1253\" data-end=\"1256\" \/>Kiekvienas k\u0105snis atskleid\u017eia nauj\u0105 skonio sluoksn\u012f \u2013 nuo spanguol\u0117s gaivumo iki moli\u016bgo \u0161velnumo, nuo bra\u0161k\u0117s aromato iki slyvos sodrumo.<br data-start=\"1394\" data-end=\"1397\" \/>Tai d\u017eiaugsmo akimirka, kuri\u0105 galima pasiimti bet kur \u2013 \u012f darb\u0105, mokykl\u0105 ar i\u0161kyl\u0105.<\/p>\n<p data-start=\"1316\" data-end=\"1642\"><strong data-start=\"1316\" data-end=\"1337\">\ud83c\udf7d\ufe0f Kaip Vartoti?<\/strong><br data-start=\"1337\" data-end=\"1340\" \/><strong data-start=\"1343\" data-end=\"1363\">Valgykite vienus<\/strong> \u2013 nat\u016braliai saldus, kvapnus ir maistingas u\u017ekandis<br data-start=\"1490\" data-end=\"1493\" \/><strong>Derinkite<\/strong> <strong data-start=\"1496\" data-end=\"1533\">su s\u016briais ar rie\u0161utais<\/strong> \u2013 i\u0161skirtinis skoni\u0173 kontrastas<\/p>\n<p data-start=\"1316\" data-end=\"1642\"><strong data-start=\"1644\" data-end=\"1673\">\ud83d\udce6 Laikymas ir \u012epakavimas<\/strong><br data-start=\"1673\" data-end=\"1676\" \/><strong data-start=\"1679\" data-end=\"1709\">Laikyti sandariai u\u017edaryt\u0105<\/strong> sausoje, v\u0117sioje vietoje.<br data-start=\"1829\" data-end=\"1832\" \/><strong data-start=\"1834\" data-end=\"1855\">Galiojimo laikas:<\/strong> Nurodoma ant pakuot\u0117s.<br data-start=\"1863\" data-end=\"1866\" data-is-only-node=\"\" \/><strong data-start=\"1869\" data-end=\"1888\">Pakuot\u0117s dydis:<\/strong> 100 g<br data-start=\"1894\" data-end=\"1897\" \/><strong data-start=\"1902\" data-end=\"1925\">Pagaminta Lietuvoje.<\/strong><\/p>\n<p data-start=\"1316\" data-end=\"1642\"><strong data-start=\"1932\" data-end=\"2029\">Netinka \u017emon\u0117ms, turintiems alergij\u0105 bet kuriam i\u0161 ingredient\u0173.<\/strong><\/p>\n<p data-start=\"2033\" data-end=\"2116\"><strong data-start=\"2036\" data-end=\"2104\">I\u0161bandykite Suku\u010dius \u2013 tobul\u0105 vaisi\u0173 ir dar\u017eovi\u0173 skonio balans\u0105!<\/strong><\/p>","protected":false},"excerpt":{"rendered":"<p>Suku\u010diai<\/p>","protected":false},"featured_media":2238,"comment_status":"open","ping_status":"closed","template":"","meta":{"_seopress_robots_primary_cat":"none","_seopress_titles_title":"Suku\u010diai \u2013 Obuoli\u0173, Banan\u0173, Serbent\u0173, Slyv\u0173, \u0160pinat\u0173, Svaraini\u0173 Juostel\u0117s","_seopress_titles_desc":"Atraskite nat\u016braliai sald\u017eias vaisi\u0173 ir dar\u017eovi\u0173 juosteles be prid\u0117tinio cukraus! Obuoliai, bananai, serbentai, slyvos, \u0161pinatai ir svarainiai!","_seopress_robots_index":""},"product_brand":[],"product_cat":[15,33],"product_tag":[63,55,74,47,54,76,73,62,69],"class_list":{"0":"post-1602","1":"product","2":"type-product","3":"status-publish","4":"has-post-thumbnail","6":"product_cat-visos-prekes","7":"product_cat-dziovinti-produktai","8":"product_tag-bananai","9":"product_tag-juodieji","10":"product_tag-juostele","11":"product_tag-obuoliai","12":"product_tag-serbentai","13":"product_tag-sukuciai","14":"product_tag-sukutis","15":"product_tag-svarainiai","16":"product_tag-vaisiai","18":"first","19":"instock","20":"shipping-taxable","21":"purchasable","22":"product-type-simple"},"_links":{"self":[{"href":"https:\/\/liofis.lt\/en\/wp-json\/wp\/v2\/product\/1602","targetHints":{"allow":["GET"]}}],"collection":[{"href":"https:\/\/liofis.lt\/en\/wp-json\/wp\/v2\/product"}],"about":[{"href":"https:\/\/liofis.lt\/en\/wp-json\/wp\/v2\/types\/product"}],"replies":[{"embeddable":true,"href":"https:\/\/liofis.lt\/en\/wp-json\/wp\/v2\/comments?post=1602"}],"wp:featuredmedia":[{"embeddable":true,"href":"https:\/\/liofis.lt\/en\/wp-json\/wp\/v2\/media\/2238"}],"wp:attachment":[{"href":"https:\/\/liofis.lt\/en\/wp-json\/wp\/v2\/media?parent=1602"}],"wp:term":[{"taxonomy":"product_brand","embeddable":true,"href":"https:\/\/liofis.lt\/en\/wp-json\/wp\/v2\/product_brand?post=1602"},{"taxonomy":"product_cat","embeddable":true,"href":"https:\/\/liofis.lt\/en\/wp-json\/wp\/v2\/product_cat?post=1602"},{"taxonomy":"product_tag","embeddable":true,"href":"https:\/\/liofis.lt\/en\/wp-json\/wp\/v2\/product_tag?post=1602"}],"curies":[{"name":"wp","href":"https:\/\/api.w.org\/{rel}","templated":true}]}}