{"id":1623,"date":"2025-03-13T20:22:15","date_gmt":"2025-03-13T18:22:15","guid":{"rendered":"https:\/\/liofis.lt\/?post_type=product&#038;p=1623"},"modified":"2026-01-20T13:49:05","modified_gmt":"2026-01-20T11:49:05","slug":"ziedu-terapija-dziovintu-liepu-ziedu-arbata","status":"publish","type":"product","link":"https:\/\/liofis.lt\/en\/liofis-parduotuve\/visos-prekes\/ziedu-terapija-dziovintu-liepu-ziedu-arbata\/","title":{"rendered":"D\u017eiovint\u0173 liep\u0173 \u017eied\u0173 arbata"},"content":{"rendered":"<h3 data-start=\"0\" data-end=\"82\"><strong data-start=\"4\" data-end=\"80\">\ud83c\udf3f \u017died\u0173 Terapija \u2013 Liep\u0173 \u017died\u0173 Arbata: Jaukumo Gurk\u0161nis Kiekvien\u0105 Dien\u0105<\/strong><\/h3>\n<p data-start=\"84\" data-end=\"352\"><strong data-start=\"84\" data-end=\"102\">\u017died\u0173 Terapija<\/strong> \u2013 <strong data-start=\"109\" data-end=\"141\">\u0161velnus, aromatingas g\u0117rimas<\/strong>, sukurtas i\u0161 d\u017eiovint\u0173 liep\u0173 \u017eied\u0173.<br data-start=\"697\" data-end=\"700\" \/>J\u0173 \u0161iluma ir nat\u016bralus, medumi dvelkiantis aromatas suteikia jaukumo kiekvienam gurk\u0161niui.<\/p>\n<p data-start=\"354\" data-end=\"538\">\u2714 <strong data-start=\"356\" data-end=\"425\">100 % nat\u016bral\u016bs d\u017eiovinti liep\u0173 \u017eiedai.<\/strong><br data-start=\"425\" data-end=\"428\" \/>\u2714 <strong data-start=\"430\" data-end=\"476\">\u0160velnus medaus aromatas ir subtilus skonis.<\/strong><br data-start=\"476\" data-end=\"479\" \/>\u2714 <strong data-start=\"481\" data-end=\"536\">Tinka ramiems vakarams ar s\u0105moningoms pertrauk\u0117l\u0117ms<\/strong><\/p>\n<p data-start=\"919\" data-end=\"1161\"><strong data-start=\"919\" data-end=\"946\">\ud83d\udc96 Skonis, kuris<\/strong><strong data-start=\"919\" data-end=\"946\"> \u012fkvepia ramyb\u0119.<\/strong><br data-start=\"946\" data-end=\"949\" \/><strong data-start=\"949\" data-end=\"991\">Tai daugiau nei arbata \u2013 tai ritualas.<\/strong> \ud83c\udf3f <strong data-start=\"995\" data-end=\"1030\">Aromatingas liep\u017eied\u017ei\u0173 g\u0117rimas<\/strong> leid\u017eia sul\u0117tinti temp\u0105, <strong data-start=\"1056\" data-end=\"1091\">atsikv\u0117pti ir m\u0117gautis akimirka<\/strong>.<\/p>\n<p data-start=\"1163\" data-end=\"1359\"><strong data-start=\"1163\" data-end=\"1183\">Kaip Paruo\u0161ti?<\/strong><br data-start=\"1183\" data-end=\"1186\" \/>1\u20132 arbatiniai \u0161auk\u0161teliai liep\u0173 \u017eied\u0173 u\u017epilami ~90 \u00b0C kar\u0161\u010dio vandeniu.<br data-start=\"1256\" data-end=\"1259\" \/>Palikite pritraukti 5\u201310 min.<br data-start=\"1294\" data-end=\"1297\" \/>Pagardinkite medumi ar citrina pagal skon\u012f, kai arbata \u0161iek tiek atv\u0117sta \u2013 <strong>dar daugiau jaukumo!<\/strong><\/p>\n<p data-start=\"1361\" data-end=\"1579\"><strong data-start=\"1361\" data-end=\"1390\">\ud83d\udce6 Laikymas ir \u012epakavimas<\/strong><br data-start=\"1390\" data-end=\"1393\" \/>\u00a0<strong data-start=\"1396\" data-end=\"1426\">Laikyti sandariai u\u017edaryt\u0105<\/strong> sausoje, v\u0117sioje vietoje, atokiau nuo saul\u0117s spinduli\u0173.<br data-start=\"1482\" data-end=\"1485\" \/><strong data-start=\"1487\" data-end=\"1508\">Galiojimo laikas:<\/strong> nurodoma ant pakuot\u0117s<br data-start=\"1516\" data-end=\"1519\" \/><strong data-start=\"1522\" data-end=\"1541\">Pakuot\u0117s dydis:<\/strong> 20 g<br data-start=\"1546\" data-end=\"1549\" \/><strong data-start=\"1554\" data-end=\"1577\">Pagaminta Lietuvoje<\/strong><\/p>\n<p data-start=\"1581\" data-end=\"1696\"><strong data-start=\"1584\" data-end=\"1694\">Netinka \u017emon\u0117ms, alergi\u0161kiems liep\u0173 \u017eiedams.<\/strong><\/p>\n<p data-start=\"1698\" data-end=\"1774\"><strong>M\u0117gaukit\u0117s \u0161velniu liep\u017eied\u017ei\u0173 aromatu ir leiskite sau ma\u017e\u0105 atokv\u0117pio akimirk\u0105 \u2013 su \u201e\u017died\u0173 terapija\u201c.<\/strong><\/p>","protected":false},"excerpt":{"rendered":"<p>\u017died\u0173 terapija<\/p>","protected":false},"featured_media":1626,"comment_status":"open","ping_status":"closed","template":"","meta":{"_seopress_robots_primary_cat":"none","_seopress_titles_title":"Liep\u0173 \u017died\u0173 Arbata \u2013 Nat\u016brali Ir Raminanti | \u017died\u0173 Terapija","_seopress_titles_desc":"M\u0117gaukit\u0117s liep\u017eied\u017ei\u0173 arbata, kuri ramina, stiprina imunitet\u0105 ir suteikia jaukumo. Be pried\u0173, 100 % nat\u016brali. Pajuskite gamtos harmonij\u0105!","_seopress_robots_index":""},"product_brand":[],"product_cat":[15,33],"product_tag":[77,80,78,79],"class_list":{"0":"post-1623","1":"product","2":"type-product","3":"status-publish","4":"has-post-thumbnail","6":"product_cat-visos-prekes","7":"product_cat-dziovinti-produktai","8":"product_tag-arbata","9":"product_tag-liepos","10":"product_tag-liepu","11":"product_tag-ziedai","13":"first","14":"instock","15":"shipping-taxable","16":"purchasable","17":"product-type-simple"},"_links":{"self":[{"href":"https:\/\/liofis.lt\/en\/wp-json\/wp\/v2\/product\/1623","targetHints":{"allow":["GET"]}}],"collection":[{"href":"https:\/\/liofis.lt\/en\/wp-json\/wp\/v2\/product"}],"about":[{"href":"https:\/\/liofis.lt\/en\/wp-json\/wp\/v2\/types\/product"}],"replies":[{"embeddable":true,"href":"https:\/\/liofis.lt\/en\/wp-json\/wp\/v2\/comments?post=1623"}],"wp:featuredmedia":[{"embeddable":true,"href":"https:\/\/liofis.lt\/en\/wp-json\/wp\/v2\/media\/1626"}],"wp:attachment":[{"href":"https:\/\/liofis.lt\/en\/wp-json\/wp\/v2\/media?parent=1623"}],"wp:term":[{"taxonomy":"product_brand","embeddable":true,"href":"https:\/\/liofis.lt\/en\/wp-json\/wp\/v2\/product_brand?post=1623"},{"taxonomy":"product_cat","embeddable":true,"href":"https:\/\/liofis.lt\/en\/wp-json\/wp\/v2\/product_cat?post=1623"},{"taxonomy":"product_tag","embeddable":true,"href":"https:\/\/liofis.lt\/en\/wp-json\/wp\/v2\/product_tag?post=1623"}],"curies":[{"name":"wp","href":"https:\/\/api.w.org\/{rel}","templated":true}]}}