{"id":1631,"date":"2025-03-13T20:33:08","date_gmt":"2025-03-13T18:33:08","guid":{"rendered":"https:\/\/liofis.lt\/?post_type=product&#038;p=1631"},"modified":"2026-01-24T11:22:17","modified_gmt":"2026-01-24T09:22:17","slug":"juoduju-seivamedziu-arbata-imuniteto-eliksyras","status":"publish","type":"product","link":"https:\/\/liofis.lt\/en\/liofis-parduotuve\/visos-prekes\/juoduju-seivamedziu-arbata-imuniteto-eliksyras\/","title":{"rendered":"Juod\u0173j\u0173 \u0161eivamed\u017ei\u0173 arbata"},"content":{"rendered":"<h3 data-start=\"0\" data-end=\"61\"><strong data-start=\"4\" data-end=\"59\">\u00a0Juod\u0173j\u0173 \u0160eivamed\u017ei\u0173 Arbata \u2013 gamtos elegancija puodelyje.<\/strong><\/h3>\n<p data-start=\"63\" data-end=\"364\"><strong data-start=\"63\" data-end=\"93\">Juod\u0173j\u0173 \u0161eivamed\u017ei\u0173 arbata<\/strong> \u2013 \u0161velnaus aromato ir sodraus skonio g\u0117rimas, sukurtas i\u0161 laukin\u0117je gamtoje surinkt\u0173 \u0161eivamed\u017eio \u017eied\u0173. Kiekvienas j\u0173 d\u017eiovintas nat\u016braliai, kad i\u0161saugot\u0173 savit\u0105 kvap\u0105, subtil\u0173 skon\u012f ir \u0161ilt\u0105, gamtos kupin\u0105 charakter\u012f.<\/p>\n<p data-start=\"366\" data-end=\"572\">\u2714 <strong data-start=\"368\" data-end=\"455\">100 % nat\u016bral\u016bs \u0161eivamed\u017eio \u017eiedai.\u00a0<\/strong><br data-start=\"455\" data-end=\"458\" \/>\u2714 <strong data-start=\"460\" data-end=\"512\">Tinka tiek v\u0117siems vakarams, tiek ryto ritualams.<\/strong><br data-start=\"512\" data-end=\"515\" \/>\u2714 <strong>\u0160velniai auksin\u0117 spalva ir nat\u016braliai salstel\u0117j\u0119s, g\u0117li\u0173 aromatas.<\/strong><\/p>\n<p data-start=\"1027\" data-end=\"1260\"><strong data-start=\"1027\" data-end=\"1065\">\ud83d\udc96 Skonis, Kuris Su\u0161ildo ir Gaivina<\/strong><br data-start=\"1065\" data-end=\"1068\" \/>Tai daugiau nei arbata \u2013 tai gamtos \u012fkv\u0117pta kasdienyb\u0117s pertrauka.<br data-start=\"1311\" data-end=\"1314\" \/>Aromatingas g\u0117rimas, kuriame dera \u0161velni \u017eied\u0173 nata ir vasari\u0161kas lengvumas<\/p>\n<p data-start=\"1262\" data-end=\"1449\"><strong data-start=\"1262\" data-end=\"1282\">\u00a0Kaip Paruo\u0161ti?<\/strong><br data-start=\"1282\" data-end=\"1285\" \/>\u00a01 arbatinis \u0161auk\u0161telis \u0161eivamed\u017eio \u017eied\u0173 u\u017epilamas ~90 \u00b0C kar\u0161\u010dio vandeniu.<br data-start=\"1357\" data-end=\"1360\" \/>\u00a0Palikite pritraukti 5\u201310 min.<br data-start=\"1395\" data-end=\"1398\" \/>\u00a0Puikiai dera su medumi, citrina ar imbieru.<\/p>\n<p data-start=\"1451\" data-end=\"1582\"><strong data-start=\"1451\" data-end=\"1481\">\ud83e\udd76 Gaivus Vasaros G\u0117rimas:<\/strong><br data-start=\"1481\" data-end=\"1484\" \/>Atv\u0117sinkite arbat\u0105, prid\u0117kite <strong data-start=\"1514\" data-end=\"1541\">leduk\u0173 ir m\u0117tos lapeli\u0173<\/strong> \u2013 m\u0117gaukit\u0117s gaivia nat\u016bralia atgaiva!<\/p>\n<p data-start=\"1584\" data-end=\"1814\"><strong data-start=\"1584\" data-end=\"1613\">\ud83d\udce6 Laikymas ir \u012epakavimas<\/strong><br data-start=\"1613\" data-end=\"1616\" \/>\u00a0<strong data-start=\"1619\" data-end=\"1649\">Laikyti sandariai u\u017edaryt\u0105<\/strong> sausoje, v\u0117sioje vietoje, atokiau nuo tiesiogini\u0173 saul\u0117s spinduli\u0173.<br data-start=\"1717\" data-end=\"1720\" \/><strong data-start=\"1722\" data-end=\"1743\">Galiojimo laikas:<\/strong> nurodoma ant pakuot\u0117s.<br data-start=\"1751\" data-end=\"1754\" \/><strong data-start=\"1757\" data-end=\"1776\">Pakuot\u0117s dydis:<\/strong> 20 g<br data-start=\"1781\" data-end=\"1784\" \/><strong data-start=\"1789\" data-end=\"1812\">Pagaminta Lietuvoje<\/strong><\/p>\n<p data-start=\"1816\" data-end=\"1973\"><br data-start=\"1854\" data-end=\"1857\" \/>Netinka \u017emon\u0117ms, jautriems \u0161eivamed\u017eiui.<br data-start=\"1412\" data-end=\"1415\" \/>N\u0117\u0161\u010diosioms ir vaikams rekomenduojama vartoti saikingai.<\/p>\n<p data-start=\"1975\" data-end=\"2068\"><strong>Pasim\u0117gaukite gamtos lengvumu ir atraskite \u0161eivamed\u017eio \u017eied\u0173 elegancij\u0105 savo puodelyje!<\/strong><\/p>","protected":false},"excerpt":{"rendered":"<p>Imuniteto eliksyras<\/p>","protected":false},"featured_media":1634,"comment_status":"open","ping_status":"closed","template":"","meta":{"_seopress_robots_primary_cat":"none","_seopress_titles_title":"Juod\u0173j\u0173 \u0160eivamed\u017ei\u0173 Arbata \u2013 Nat\u016bralus Imuniteto Stiprinimas | Imuniteto Eliksyras","_seopress_titles_desc":"M\u0117gaukit\u0117s \u0161eivamed\u017eio arbata, kuri stiprina imunitet\u0105, ramina per\u0161alimo simptomus ir padeda atsipalaiduoti. 100 % nat\u016brali, be pried\u0173! \ud83c\udf75\u2728","_seopress_robots_index":""},"product_brand":[],"product_cat":[15,33],"product_tag":[77,82],"class_list":{"0":"post-1631","1":"product","2":"type-product","3":"status-publish","4":"has-post-thumbnail","6":"product_cat-visos-prekes","7":"product_cat-dziovinti-produktai","8":"product_tag-arbata","9":"product_tag-juoduju-seivamedziu-arbata","11":"first","12":"instock","13":"shipping-taxable","14":"purchasable","15":"product-type-simple"},"_links":{"self":[{"href":"https:\/\/liofis.lt\/en\/wp-json\/wp\/v2\/product\/1631","targetHints":{"allow":["GET"]}}],"collection":[{"href":"https:\/\/liofis.lt\/en\/wp-json\/wp\/v2\/product"}],"about":[{"href":"https:\/\/liofis.lt\/en\/wp-json\/wp\/v2\/types\/product"}],"replies":[{"embeddable":true,"href":"https:\/\/liofis.lt\/en\/wp-json\/wp\/v2\/comments?post=1631"}],"wp:featuredmedia":[{"embeddable":true,"href":"https:\/\/liofis.lt\/en\/wp-json\/wp\/v2\/media\/1634"}],"wp:attachment":[{"href":"https:\/\/liofis.lt\/en\/wp-json\/wp\/v2\/media?parent=1631"}],"wp:term":[{"taxonomy":"product_brand","embeddable":true,"href":"https:\/\/liofis.lt\/en\/wp-json\/wp\/v2\/product_brand?post=1631"},{"taxonomy":"product_cat","embeddable":true,"href":"https:\/\/liofis.lt\/en\/wp-json\/wp\/v2\/product_cat?post=1631"},{"taxonomy":"product_tag","embeddable":true,"href":"https:\/\/liofis.lt\/en\/wp-json\/wp\/v2\/product_tag?post=1631"}],"curies":[{"name":"wp","href":"https:\/\/api.w.org\/{rel}","templated":true}]}}