{"id":2250,"date":"2025-12-06T09:40:17","date_gmt":"2025-12-06T07:40:17","guid":{"rendered":"https:\/\/liofis.lt\/?post_type=product&#038;p=2250"},"modified":"2025-12-20T20:16:48","modified_gmt":"2025-12-20T18:16:48","slug":"dovanu-rinkinys-skoniu-atradimai","status":"publish","type":"product","link":"https:\/\/liofis.lt\/en\/liofis-parduotuve\/visos-prekes\/dovanu-rinkinys-skoniu-atradimai\/","title":{"rendered":"Dovan\u0173 rinkinys \u201eSkoni\u0173 atradimai\u201c"},"content":{"rendered":"<p data-start=\"1364\" data-end=\"1421\"><strong data-start=\"1364\" data-end=\"1421\">Dovana tiems, kurie nori paragauti visko \u2013 ir i\u0161kart.<\/strong><\/p>\n<p data-start=\"1423\" data-end=\"1662\">Kiekvienas k\u0105snis \u2013 naujas atradimas. Liofilizuotos bra\u0161k\u0117s ir aviet\u0117s \u2013 tra\u0161ki saldi prad\u017eia, \u201eGlostu\u010diai\u201c ir \u201eSuku\u010diai\u201c \u2013 pramoga vaikams ir smalsiems suaugusiems. \u0160i dovana kvie\u010dia keisti skon\u012f po k\u0105sn\u012f ir d\u017eiaugtis \u0161vente ilgiau.<\/p>\n<h3 style=\"text-align: left;\" data-start=\"1669\" data-end=\"1683\">\u00a0Sud\u0117tis<\/h3>\n<ul data-start=\"1684\" data-end=\"1883\">\n<li style=\"text-align: left;\" data-start=\"1684\" data-end=\"1716\">\n<p data-start=\"1686\" data-end=\"1716\">Liofilizuotos aviet\u0117s \u2013 25 g<\/p>\n<\/li>\n<li style=\"text-align: left;\" data-start=\"1717\" data-end=\"1749\">\n<p data-start=\"1719\" data-end=\"1749\">Liofilizuotos bra\u0161k\u0117s \u2013 20 g<\/p>\n<\/li>\n<li style=\"text-align: left;\" data-start=\"1750\" data-end=\"1818\">\n<p data-start=\"1752\" data-end=\"1818\">\u201eGlostu\u010diai\u201c \u2013 liofilizuoti vaisi\u0173 ir dar\u017eovi\u0173 saldainiai \u2013 30 g<\/p>\n<\/li>\n<li data-start=\"1819\" data-end=\"1883\">\n<p style=\"text-align: left;\" data-start=\"1821\" data-end=\"1883\">\u201eSuku\u010diai\u201c \u2013 d\u017eiovintos vaisi\u0173 ir dar\u017eovi\u0173 juostel\u0117s \u2013 100 g<\/p>\n<\/li>\n<\/ul>\n<p data-start=\"1027\" data-end=\"1260\"><strong data-start=\"1027\" data-end=\"1065\">\ud83d\udc96 Kod\u0117l tai gera dovana?<\/strong><\/p>\n<ul>\n<li data-start=\"1193\" data-end=\"1233\">\n<p style=\"text-align: left;\" data-start=\"1195\" data-end=\"1233\">Skoni\u0173 \u012fvairov\u0117 vienoje d\u0117\u017eut\u0117je<\/p>\n<\/li>\n<li style=\"text-align: left;\" data-start=\"1234\" data-end=\"1283\">\n<p data-start=\"1236\" data-end=\"1283\">I\u0161kart ragaujama \u2013 be papildom\u0173 sprendim\u0173<\/p>\n<\/li>\n<li style=\"text-align: left;\" data-start=\"1284\" data-end=\"1328\">\n<p data-start=\"1286\" data-end=\"1328\">Patinka vaikams ir smalsiems suaugusiems<\/p>\n<\/li>\n<li data-start=\"1329\" data-end=\"1374\">\n<p style=\"text-align: left;\" data-start=\"1331\" data-end=\"1374\">\u0160venti\u0161kai supakuota \u2013 d\u0117k i\u0161kart po egle<\/p>\n<\/li>\n<li data-start=\"1375\" data-end=\"1427\">\n<p data-start=\"1377\" data-end=\"1427\">Dovana, kuri panaudojama, ne padedama \u201ev\u0117liau\u201c<\/p>\n<\/li>\n<li data-start=\"1375\" data-end=\"1427\"><strong data-start=\"920\" data-end=\"945\">Be prid\u0117tinio cukraus<\/strong> <em data-start=\"946\" data-end=\"989\">(sud\u0117tyje nat\u016braliai susidarantys cukrus)<\/em><\/li>\n<\/ul>\n<p data-start=\"1584\" data-end=\"1814\"><strong data-start=\"1584\" data-end=\"1613\">\ud83d\udce6 Laikymas ir \u012epakavimas<\/strong><br data-start=\"1613\" data-end=\"1616\" \/>\u00a0<strong data-start=\"1619\" data-end=\"1649\">Laikyti <\/strong>sausoje vietoje, atokiau nuo tiesiogini\u0173 saul\u0117s spinduli\u0173.<br data-start=\"1717\" data-end=\"1720\" \/><strong data-start=\"1722\" data-end=\"1743\">Galiojimo laikas:<\/strong> nurodoma ant pakuo\u010di\u0173<br data-start=\"1751\" data-end=\"1754\" \/><strong data-start=\"1757\" data-end=\"1776\">Ribotas kiekis<\/strong><br data-start=\"1781\" data-end=\"1784\" \/><strong data-start=\"1789\" data-end=\"1812\">Pagaminta Lietuvoje<\/strong><\/p>\n<p data-start=\"1975\" data-end=\"2068\"><strong data-start=\"1414\" data-end=\"1459\">Padovanok skon\u012f, kuris gyvena ragaujamai.<\/strong><\/p>","protected":false},"excerpt":{"rendered":"<p>Dovana tiems, kurie nori paragauti visko \u2013 ir i\u0161kart. Kiekvienas k\u0105snis \u2013 naujas atradimas. Liofilizuotos bra\u0161k\u0117s ir aviet\u0117s \u2013 tra\u0161ki saldi prad\u017eia, \u201eGlostu\u010diai\u201c ir \u201eSuku\u010diai\u201c \u2013 pramoga vaikams ir smalsiems suaugusiems. \u0160i dovana kvie\u010dia keisti skon\u012f po k\u0105sn\u012f ir d\u017eiaugtis \u0161vente ilgiau. \u00a0Sud\u0117tis Liofilizuotos aviet\u0117s \u2013 25 g Liofilizuotos bra\u0161k\u0117s \u2013 20 g \u201eGlostu\u010diai\u201c \u2013 [&hellip;]<\/p>","protected":false},"featured_media":2253,"comment_status":"open","ping_status":"closed","template":"","meta":{"_seopress_robots_primary_cat":"none","_seopress_titles_title":"","_seopress_titles_desc":"","_seopress_robots_index":""},"product_brand":[],"product_cat":[15,39],"product_tag":[],"class_list":{"0":"post-2250","1":"product","2":"type-product","3":"status-publish","4":"has-post-thumbnail","6":"product_cat-visos-prekes","7":"product_cat-dovanos-rinkiniai-kuponai","9":"first","10":"outofstock","11":"shipping-taxable","12":"purchasable","13":"product-type-simple"},"_links":{"self":[{"href":"https:\/\/liofis.lt\/en\/wp-json\/wp\/v2\/product\/2250","targetHints":{"allow":["GET"]}}],"collection":[{"href":"https:\/\/liofis.lt\/en\/wp-json\/wp\/v2\/product"}],"about":[{"href":"https:\/\/liofis.lt\/en\/wp-json\/wp\/v2\/types\/product"}],"replies":[{"embeddable":true,"href":"https:\/\/liofis.lt\/en\/wp-json\/wp\/v2\/comments?post=2250"}],"wp:featuredmedia":[{"embeddable":true,"href":"https:\/\/liofis.lt\/en\/wp-json\/wp\/v2\/media\/2253"}],"wp:attachment":[{"href":"https:\/\/liofis.lt\/en\/wp-json\/wp\/v2\/media?parent=2250"}],"wp:term":[{"taxonomy":"product_brand","embeddable":true,"href":"https:\/\/liofis.lt\/en\/wp-json\/wp\/v2\/product_brand?post=2250"},{"taxonomy":"product_cat","embeddable":true,"href":"https:\/\/liofis.lt\/en\/wp-json\/wp\/v2\/product_cat?post=2250"},{"taxonomy":"product_tag","embeddable":true,"href":"https:\/\/liofis.lt\/en\/wp-json\/wp\/v2\/product_tag?post=2250"}],"curies":[{"name":"wp","href":"https:\/\/api.w.org\/{rel}","templated":true}]}}