{"id":2266,"date":"2025-12-13T22:35:59","date_gmt":"2025-12-13T20:35:59","guid":{"rendered":"https:\/\/liofis.lt\/?post_type=product&#038;p=2266"},"modified":"2025-12-23T14:10:25","modified_gmt":"2025-12-23T12:10:25","slug":"dovanu-rinkinys-jaukus-skoniai","status":"publish","type":"product","link":"https:\/\/liofis.lt\/en\/liofis-parduotuve\/visos-prekes\/dovanu-rinkinys-jaukus-skoniai\/","title":{"rendered":"Dovan\u0173 rinkinys \u201eJauk\u016bs skoniai\u201c"},"content":{"rendered":"<p data-start=\"285\" data-end=\"321\"><strong data-start=\"285\" data-end=\"321\">\u0160ilta dovana ramioms akimirkoms.<\/strong><\/p>\n<p data-start=\"2811\" data-end=\"3117\">\u201eJauk\u016bs skoniai\u201c \u2013 tai dovan\u0173 rinkinys, skirtas l\u0117tam m\u0117gavimuisi, derinant u\u017ekand\u012f ir arbatos ritual\u0105. Tra\u0161kios liofilizuotos uogos, lengvas pikanti\u0161kas pomidor\u0173 akcentas ir aromatinga \u017eied\u0173 arbata sukuria paprast\u0105, bet apgalvot\u0105 derin\u012f, tinkant\u012f tiek u\u017ekand\u017eiauti, tiek sustoti su puodeliu rankose.<\/p>\n<p data-start=\"3124\" data-end=\"3198\">Tai dovana, kuri nat\u016braliai kvie\u010dia <strong data-start=\"3160\" data-end=\"3195\">sustoti ir pasim\u0117gauti akimirka<\/strong>.<\/p>\n<p>Sud\u0117tis:<\/p>\n<p>\u2714Liofilizuotos aviet\u0117s &#8211; 25 gr.<br \/>\n\u2714Liofilizuoti slyviniai pomidoriukai su prieskoniais &#8211; 20 gr.<br \/>\n\u2714Liofilizuota arbata: obel\u0173 ir jazmin\u0173 \u017eiedai<br \/>\n\u2714Liofilizuotos bra\u0161k\u0117s &#8211; 20 gr.<\/p>\n<p data-start=\"1027\" data-end=\"1260\"><strong data-start=\"1027\" data-end=\"1065\">\ud83d\udc96 Kod\u0117l tai gera dovana?<\/strong><\/p>\n<ul>\n<li style=\"text-align: left;\">Subalansuotas derinys u\u017ekand\u017eiui ir arbatos ritualui<\/li>\n<li style=\"text-align: left;\">Be prid\u0117tinio cukraus <em>(sud\u0117tyje yra nat\u016braliai susidaran\u010di\u0173 cukr\u0173)<\/em><\/li>\n<li style=\"text-align: left;\">Tinka dovanoti, kai norisi \u0161iltos ir saugios dovanos<\/li>\n<li style=\"text-align: left;\">Esteti\u0161kai ir \u0161venti\u0161kai supakuota<\/li>\n<li style=\"text-align: left;\">Puikus pasirinkimas kolegoms, draug\u0117ms ar \u0161eimai<\/li>\n<\/ul>\n<p data-start=\"1584\" data-end=\"1814\"><strong data-start=\"1584\" data-end=\"1613\">\ud83d\udce6 Laikymas ir \u012epakavimas<\/strong><br data-start=\"1613\" data-end=\"1616\" \/>\u00a0<strong data-start=\"1619\" data-end=\"1649\">Laikyti <\/strong>sausoje vietoje, atokiau nuo tiesiogini\u0173 saul\u0117s spinduli\u0173.<br data-start=\"1717\" data-end=\"1720\" \/><strong data-start=\"1722\" data-end=\"1743\">Galiojimo laikas:<\/strong> nurodoma ant pakuo\u010di\u0173<br data-start=\"1751\" data-end=\"1754\" \/><strong data-start=\"1757\" data-end=\"1776\">Ribotas kiekis<\/strong><br data-start=\"1781\" data-end=\"1784\" \/><strong data-start=\"1789\" data-end=\"1812\">Pagaminta ir u\u017eauginta Lietuvoje<\/strong><\/p>\n<p data-start=\"1975\" data-end=\"2068\"><strong data-start=\"1414\" data-end=\"1459\">Padovanok skon\u012f, kuris gyvena ragaujamai.<\/strong><\/p>","protected":false},"excerpt":{"rendered":"<p>\u0160ilta dovana ramioms akimirkoms. \u201eJauk\u016bs skoniai\u201c \u2013 tai dovan\u0173 rinkinys, skirtas l\u0117tam m\u0117gavimuisi, derinant u\u017ekand\u012f ir arbatos ritual\u0105. Tra\u0161kios liofilizuotos uogos, lengvas pikanti\u0161kas pomidor\u0173 akcentas ir aromatinga \u017eied\u0173 arbata sukuria paprast\u0105, bet apgalvot\u0105 derin\u012f, tinkant\u012f tiek u\u017ekand\u017eiauti, tiek sustoti su puodeliu rankose. Tai dovana, kuri nat\u016braliai kvie\u010dia sustoti ir pasim\u0117gauti akimirka. Sud\u0117tis: \u2714Liofilizuotos aviet\u0117s &#8211; [&hellip;]<\/p>","protected":false},"featured_media":2269,"comment_status":"open","ping_status":"closed","template":"","meta":{"_seopress_robots_primary_cat":"none","_seopress_titles_title":"","_seopress_titles_desc":"","_seopress_robots_index":""},"product_brand":[],"product_cat":[15,39],"product_tag":[],"class_list":{"0":"post-2266","1":"product","2":"type-product","3":"status-publish","4":"has-post-thumbnail","6":"product_cat-visos-prekes","7":"product_cat-dovanos-rinkiniai-kuponai","9":"first","10":"outofstock","11":"shipping-taxable","12":"purchasable","13":"product-type-simple"},"_links":{"self":[{"href":"https:\/\/liofis.lt\/en\/wp-json\/wp\/v2\/product\/2266","targetHints":{"allow":["GET"]}}],"collection":[{"href":"https:\/\/liofis.lt\/en\/wp-json\/wp\/v2\/product"}],"about":[{"href":"https:\/\/liofis.lt\/en\/wp-json\/wp\/v2\/types\/product"}],"replies":[{"embeddable":true,"href":"https:\/\/liofis.lt\/en\/wp-json\/wp\/v2\/comments?post=2266"}],"wp:featuredmedia":[{"embeddable":true,"href":"https:\/\/liofis.lt\/en\/wp-json\/wp\/v2\/media\/2269"}],"wp:attachment":[{"href":"https:\/\/liofis.lt\/en\/wp-json\/wp\/v2\/media?parent=2266"}],"wp:term":[{"taxonomy":"product_brand","embeddable":true,"href":"https:\/\/liofis.lt\/en\/wp-json\/wp\/v2\/product_brand?post=2266"},{"taxonomy":"product_cat","embeddable":true,"href":"https:\/\/liofis.lt\/en\/wp-json\/wp\/v2\/product_cat?post=2266"},{"taxonomy":"product_tag","embeddable":true,"href":"https:\/\/liofis.lt\/en\/wp-json\/wp\/v2\/product_tag?post=2266"}],"curies":[{"name":"wp","href":"https:\/\/api.w.org\/{rel}","templated":true}]}}